{"id":40373,"date":"2026-02-20T17:55:01","date_gmt":"2026-02-20T17:55:01","guid":{"rendered":"https:\/\/chilimag.hu\/webshop\/?post_type=product&#038;p=40373"},"modified":"2026-02-20T17:55:01","modified_gmt":"2026-02-20T17:55:01","slug":"schultz-bloom-viragzas-novenytap-350-gr","status":"publish","type":"product","link":"https:\/\/chilimag.hu\/webshop\/termek\/schultz-bloom-viragzas-novenytap-350-gr\/","title":{"rendered":"SCHULTZ Bloom Vir\u00e1gz\u00e1s N\u00f6v\u00e9nyt\u00e1p 350 gr"},"content":{"rendered":"","protected":false},"excerpt":{"rendered":"<p><img decoding=\"async\" class=\"\" src=\"https:\/\/b2b.seklos.lt\/img\/m\/163-medium_default.jpg\" alt=\"\" width=\"152\" height=\"152\" \/><\/p>\n<p><strong>Term\u00e9kle\u00edr\u00e1s<\/strong><\/p>\n<p>SCHULTZ Vir\u00e1gz\u00e1s N\u00f6v\u00e9nyt\u00e1p 8-12-35+5MgO 350g<br \/>\nEgy j\u00f3l kiegyens\u00falyozott, speci\u00e1lis NPK m\u0171tr\u00e1gya 8:12:35+5MgO, amely egy magas k\u00e1liumtartalm\u00fa koncentr\u00e1tum, amely a gyors vir\u00e1gz\u00e1st, a gazdagabb sz\u00edneket \u00e9s az \u00f6sszes vir\u00e1gz\u00f3 \u00e9s term\u0151 n\u00f6v\u00e9ny er\u0151teljes n\u00f6veked\u00e9s\u00e9t seg\u00edti el\u0151. Az Anyaterm\u00e9szet minden es\u0151z\u00e9skor t\u00e1pl\u00e1lja a n\u00f6v\u00e9nyeket, feloldja a t\u00e1panyagokat, \u00e9s elosztja azokat az udvar \u00e9s a kert \u00f6sszes n\u00f6v\u00e9ny\u00e9hez. Ugyanezt megteheti minden \u00f6nt\u00f6z\u00e9skor is, ha a SCHULTZ GARDEN Vir\u00e1gz\u00e1s N\u00f6v\u00e9nyt\u00e1pj\u00e1val t\u00e1pl\u00e1lja. Minden vir\u00e1gz\u00f3 \u00e9s term\u0151 n\u00f6v\u00e9ny sz\u00e1m\u00e1ra. Garant\u00e1lt \u00f6sszet\u00e9tel: V\u00edzben oldhat\u00f3 \u00f6sszes nitrog\u00e9n (N) 7,6%, ebb\u0151l nitr\u00e1t-nitrog\u00e9n (NO3-N) 7,6%, v\u00edzben oldhat\u00f3 foszfor-pentoxid (P2O5) 11,9%, v\u00edzben oldhat\u00f3 k\u00e1lium-oxid (K2O) 35,2%, magn\u00e9zium-oxid (MgO) 4,7%, v\u00edzben oldhat\u00f3 szulf\u00e1t (SO3) 10,81%, v\u00edzben oldhat\u00f3 k\u00e9n (S) 4,32%, v\u00edzben oldhat\u00f3 n\u00e1trium (Na) 0,157%, v\u00edzben oldhat\u00f3 b\u00f3r (B) 0,021%, v\u00edzben oldhat\u00f3 r\u00e9z (Cu-EDTA) 0,016%, v\u00edzben oldhat\u00f3 vas (Fe-EDTA) 0,159%, v\u00edzben oldhat\u00f3 mang\u00e1n (Mn-EDTA) 0,086%, v\u00edzben oldhat\u00f3 molibd\u00e9n (Mo) 0,0012%, v\u00edzben oldhat\u00f3 cink (Zn-EDTA) 0,07%.<\/p>\n<p>\u00d6NT\u0150KANNA HASZN\u00c1LATI UTAS\u00cdT\u00c1SA. M\u00e9r\u0151kan\u00e1l (1\/4 te\u00e1skan\u00e1l) bel\u00fcl.<br \/>\nSZOBAN\u00d6V\u00c9NYEK, K\u00dcLT\u00c9RI CSEREPESI N\u00d6V\u00c9NYEK \u00c9S \u00dcLTET\u00c9SEK: 1 m\u00e9r\u0151kan\u00e1l 3 liter v\u00edzhez.<br \/>\nK\u00dcLT\u00c9RI VIR\u00c1GZ\u00d3 N\u00d6V\u00c9NYEK, F\u00c1K \u00c9S CSERJ\u00c9K: 1 m\u00e9r\u0151kan\u00e1l 1 liter v\u00edzhez.<br \/>\nEgyszer\u0171en \u00f6ntse a megfelel\u0151 mennyis\u00e9g\u0171 m\u0171tr\u00e1gy\u00e1t a kann\u00e1ba, adjon hozz\u00e1 vizet, keverjen \u00f6ssze mindent, \u00e9s b\u0151s\u00e9gesen vigye fel a n\u00f6v\u00e9ny gy\u00f6ker\u00e9re. Eg\u00e9sz szezonban haszn\u00e1lhat\u00f3. 7-14 naponta kell \u00f6nt\u00f6zni. Am\u00edg a n\u00f6v\u00e9nyek akt\u00edvan n\u00f6vekednek, a m\u0171tr\u00e1gya minden \u00f6nt\u00f6z\u00e9skor kijuttathat\u00f3. A sz\u00edn- \u00e9s formav\u00e1ltoz\u00e1sok nem befoly\u00e1solj\u00e1k a hat\u00e9konys\u00e1got.<\/p>\n<p>M\u00e1rka: SCHULTZ GARDEN<br \/>\nM\u0171tr\u00e1gya t\u00edpusa: Kiszerelt<br \/>\nM\u0171tr\u00e1gya szezonalit\u00e1sa: Eg\u00e9sz \u00e9ves m\u0171tr\u00e1gy\u00e1z\u00e1s<br \/>\nCsomagol\u00e1s: 0,35 kg<br \/>\nA csomagol\u00e1son felt\u00fcntetett nyelvek: EN, LT<\/p>\n","protected":false},"featured_media":40374,"comment_status":"closed","ping_status":"closed","template":"","meta":[],"product_brand":[],"product_cat":[391],"product_tag":[],"class_list":{"0":"post-40373","1":"product","2":"type-product","3":"status-publish","4":"has-post-thumbnail","6":"product_cat-egyeb-tapoldatok","8":"first","9":"instock","10":"taxable","11":"shipping-taxable","12":"purchasable","13":"product-type-simple"},"_links":{"self":[{"href":"https:\/\/chilimag.hu\/webshop\/wp-json\/wp\/v2\/product\/40373","targetHints":{"allow":["GET"]}}],"collection":[{"href":"https:\/\/chilimag.hu\/webshop\/wp-json\/wp\/v2\/product"}],"about":[{"href":"https:\/\/chilimag.hu\/webshop\/wp-json\/wp\/v2\/types\/product"}],"replies":[{"embeddable":true,"href":"https:\/\/chilimag.hu\/webshop\/wp-json\/wp\/v2\/comments?post=40373"}],"wp:featuredmedia":[{"embeddable":true,"href":"https:\/\/chilimag.hu\/webshop\/wp-json\/wp\/v2\/media\/40374"}],"wp:attachment":[{"href":"https:\/\/chilimag.hu\/webshop\/wp-json\/wp\/v2\/media?parent=40373"}],"wp:term":[{"taxonomy":"product_brand","embeddable":true,"href":"https:\/\/chilimag.hu\/webshop\/wp-json\/wp\/v2\/product_brand?post=40373"},{"taxonomy":"product_cat","embeddable":true,"href":"https:\/\/chilimag.hu\/webshop\/wp-json\/wp\/v2\/product_cat?post=40373"},{"taxonomy":"product_tag","embeddable":true,"href":"https:\/\/chilimag.hu\/webshop\/wp-json\/wp\/v2\/product_tag?post=40373"}],"curies":[{"name":"wp","href":"https:\/\/api.w.org\/{rel}","templated":true}]}}