{"id":40371,"date":"2026-02-20T17:46:37","date_gmt":"2026-02-20T17:46:37","guid":{"rendered":"https:\/\/chilimag.hu\/webshop\/?post_type=product&#038;p=40371"},"modified":"2026-04-01T16:46:44","modified_gmt":"2026-04-01T16:46:44","slug":"mikrozold-csiraztato-ug-ow-sl","status":"publish","type":"product","link":"https:\/\/chilimag.hu\/webshop\/termek\/mikrozold-csiraztato-ug-ow-sl\/","title":{"rendered":"Mikroz\u0151ld cs\u00edr\u00e1ztat\u00f3 UG OW SL"},"content":{"rendered":"","protected":false},"excerpt":{"rendered":"<p><img decoding=\"async\" class=\"\" src=\"https:\/\/b2b.seklos.lt\/img\/m\/609-medium_default.jpg\" alt=\"\" width=\"149\" height=\"149\" \/><\/p>\n<p><strong>Term\u00e9kle\u00edr\u00e1s<\/strong><\/p>\n<p>A cs\u00edr\u00e1ztat\u00f3t \u00fagy tervezt\u00e9k, hogy a n\u00f6v\u00e9nyek gondoz\u00e1sa egyszer\u0171 legyen \u2013 nincs sz\u00fcks\u00e9g speci\u00e1lis szak\u00e9rtelemre. Kompakt, \u00edgy t\u00f6k\u00e9letes m\u00e9g kis konyh\u00e1kba vagy ablakp\u00e1rk\u00e1nyokra is. Optim\u00e1lis p\u00e1ratartalmat \u00e9s l\u00e9g\u00e1raml\u00e1st biztos\u00edt, \u00edgy a magok gyorsabban \u00e9s egyenletesebben cs\u00edr\u00e1znak, mint a hagyom\u00e1nyos t\u00e1ny\u00e9rokban vagy ed\u00e9nyekben.<\/p>\n<p>M\u00e1rka: URBAN GARDEN<\/p>\n<p>&nbsp;<\/p>\n","protected":false},"featured_media":40372,"comment_status":"closed","ping_status":"closed","template":"","meta":[],"product_brand":[],"product_cat":[336,343,342],"product_tag":[],"class_list":{"0":"post-40371","1":"product","2":"type-product","3":"status-publish","4":"has-post-thumbnail","6":"product_cat-vetotalcak-ulteto-cserepek-es-palanta-nevelok","7":"product_cat-akciok","8":"product_cat-egyeb-kerti-termekek","10":"first","11":"instock","12":"taxable","13":"shipping-taxable","14":"purchasable","15":"product-type-simple"},"_links":{"self":[{"href":"https:\/\/chilimag.hu\/webshop\/wp-json\/wp\/v2\/product\/40371","targetHints":{"allow":["GET"]}}],"collection":[{"href":"https:\/\/chilimag.hu\/webshop\/wp-json\/wp\/v2\/product"}],"about":[{"href":"https:\/\/chilimag.hu\/webshop\/wp-json\/wp\/v2\/types\/product"}],"replies":[{"embeddable":true,"href":"https:\/\/chilimag.hu\/webshop\/wp-json\/wp\/v2\/comments?post=40371"}],"wp:featuredmedia":[{"embeddable":true,"href":"https:\/\/chilimag.hu\/webshop\/wp-json\/wp\/v2\/media\/40372"}],"wp:attachment":[{"href":"https:\/\/chilimag.hu\/webshop\/wp-json\/wp\/v2\/media?parent=40371"}],"wp:term":[{"taxonomy":"product_brand","embeddable":true,"href":"https:\/\/chilimag.hu\/webshop\/wp-json\/wp\/v2\/product_brand?post=40371"},{"taxonomy":"product_cat","embeddable":true,"href":"https:\/\/chilimag.hu\/webshop\/wp-json\/wp\/v2\/product_cat?post=40371"},{"taxonomy":"product_tag","embeddable":true,"href":"https:\/\/chilimag.hu\/webshop\/wp-json\/wp\/v2\/product_tag?post=40371"}],"curies":[{"name":"wp","href":"https:\/\/api.w.org\/{rel}","templated":true}]}}