{"id":40359,"date":"2026-02-20T13:35:04","date_gmt":"2026-02-20T13:35:04","guid":{"rendered":"https:\/\/chilimag.hu\/webshop\/?post_type=product&#038;p=40359"},"modified":"2026-04-08T16:53:15","modified_gmt":"2026-04-08T16:53:15","slug":"retek-microgreen-venom-bio-ug-ow-sl","status":"publish","type":"product","link":"https:\/\/chilimag.hu\/webshop\/termek\/retek-microgreen-venom-bio-ug-ow-sl\/","title":{"rendered":"Retek Microgreen Venom Bio UG OW SL"},"content":{"rendered":"","protected":false},"excerpt":{"rendered":"<p><img decoding=\"async\" class=\"\" src=\"https:\/\/b2b.seklos.lt\/img\/m\/609-medium_default.jpg\" alt=\"\" width=\"151\" height=\"151\" \/><\/p>\n<p><strong>Term\u00e9kle\u00edr\u00e1s<\/strong><\/p>\n<p>Botanikai n\u00e9v:Raphanus sativus L<\/p>\n<p>Fiatal levelek nevel\u00e9s\u00e9hez sz\u00fcks\u00e9ges magvak \u2013 mikroz\u00f6ldek. A mikroz\u00f6ldeket \u00e9telek \u00edzes\u00edt\u00e9s\u00e9re vagy d\u00edsz\u00edt\u00e9s\u00e9re haszn\u00e1lj\u00e1k. A magokat eg\u00e9sz \u00e9vben cs\u00edr\u00e1ztat\u00f3t\u00e1lc\u00e1kba vagy sek\u00e9ly tart\u00e1lyokba vetik. T\u0151zegpelleteken, steril roston vagy m\u00e1s, erre a c\u00e9lra kijel\u00f6lt termeszt\u0151k\u00f6zegen cs\u00edr\u00e1ztatj\u00e1k. Gy\u00f6k\u00e9r n\u00e9lk\u00fcl fogyasztj\u00e1k. A retek mikroz\u00f6ldjei ropog\u00f3sak \u00e9s l\u00e9d\u00fasak, enyhe, pik\u00e1ns \u00edz jellemzi \u0151ket.<\/p>\n<p>\u00d6kol\u00f3giai term\u00e9k \u00d6kol\u00f3giai<br \/>\nMagok sz\u00e1ma grammonk\u00e9nt ~70-130<br \/>\nVet\u00e9si id\u0151 a talajban I-XII<br \/>\nBetakar\u00edt\u00e1s I-XII<br \/>\nM\u00e1rka URBAN GARDEN<br \/>\nNapos hely: Igen<br \/>\nCsomagol\u00e1s: 50 g<\/p>\n<p><span data-processed=\"true\" data-subtree=\"aimfl\">A retekcs\u00edra az egyik leger\u0151sebb <\/span><strong class=\"Yjhzub\" data-complete=\"true\" data-processed=\"true\" data-sfc-cb=\"\" data-sfc-root=\"c\">term\u00e9szetes antibiotikum<\/strong> \u00e9s m\u00e9regtelen\u00edt\u0151 a cs\u00edr\u00e1k k\u00f6z\u00f6tt. Intenz\u00edv, cs\u00edp\u0151s \u00edz\u00e9t a must\u00e1rolaj-glikozidok adj\u00e1k, amelyek jelent\u0151s \u00e9lettani hat\u00e1ssal b\u00edrnak.<\/p>\n<div class=\"otQkpb\" role=\"heading\" data-sae=\"\" data-processed=\"true\" data-complete=\"true\" data-sfc-cb=\"\" data-sfc-root=\"c\" data-sfc-cp=\"\" data-animation-nesting=\"\" aria-level=\"3\">Immunrendszer \u00e9s fert\u0151z\u00e9sek.<\/div>\n<div class=\"otQkpb\" role=\"heading\" data-sae=\"\" data-processed=\"true\" data-complete=\"true\" data-sfc-cb=\"\" data-sfc-root=\"c\" data-sfc-cp=\"\" data-animation-nesting=\"\" aria-level=\"3\"><span class=\"T286Pc\" data-complete=\"true\" data-sfc-cb=\"\" data-sfc-root=\"c\" data-sfc-cp=\"\"><strong class=\"Yjhzub\" data-complete=\"true\" data-sfc-cb=\"\" data-sfc-root=\"c\">Term\u00e9szetes antibiotikum:<\/strong> Seg\u00edt elpuszt\u00edtani a k\u00f3rokoz\u00f3kat \u00e9s bakt\u00e9riumokat.<\/span><\/div>\n<ul class=\"KsbFXc U6u95\" data-processed=\"true\" data-complete=\"true\" data-sfc-cb=\"\" data-sfc-root=\"c\">\n<li class=\"dF3vjf\" data-sae=\"\" data-complete=\"true\" data-hveid=\"CAQQAQ\" data-sfc-cb=\"\" data-sfc-root=\"c\"><span class=\"T286Pc\" data-complete=\"true\" data-sfc-cb=\"\" data-sfc-root=\"c\" data-sfc-cp=\"\"><strong class=\"Yjhzub\" data-complete=\"true\" data-sfc-cb=\"\" data-sfc-root=\"c\">L\u00e9gutak tiszt\u00edt\u00e1sa:<\/strong> Kiv\u00e1l\u00f3 <strong class=\"Yjhzub\" data-complete=\"true\" data-sfc-cb=\"\" data-sfc-root=\"c\">orrdugul\u00e1sra<\/strong>, seg\u00edt feloldani \u00e9s elt\u00e1vol\u00edtani a lerak\u00f3dott ny\u00e1lk\u00e1t a h\u00f6rg\u0151kb\u0151l \u00e9s az arc\u00fcregb\u0151l.<\/span><\/li>\n<li class=\"dF3vjf\" data-sae=\"\" data-complete=\"true\" data-hveid=\"CAQQAg\" data-sfc-cb=\"\" data-sfc-root=\"c\"><span class=\"T286Pc\" aria-owns=\"action-menu-parent-container\" data-complete=\"true\" data-sfc-cb=\"\" data-sfc-root=\"c\" data-sfc-cp=\"\"><strong class=\"Yjhzub\" data-complete=\"true\" data-sfc-cb=\"\" data-sfc-root=\"c\">H\u0151termel\u00e9s:<\/strong> Serkenti a v\u00e9rkering\u00e9st \u00e9s h\u0151t termel a szervezetben, ami l\u00e1zas \u00e1llapotok vagy megf\u00e1z\u00e1s eset\u00e9n t\u00e1mogat\u00f3 lehet.<\/span>\n<div class=\"otQkpb\" role=\"heading\" data-sae=\"\" data-processed=\"true\" data-complete=\"true\" data-sfc-cb=\"\" data-sfc-root=\"c\" data-sfc-cp=\"\" data-animation-nesting=\"\" aria-level=\"3\">Tiszt\u00edt\u00f3 \u00e9s em\u00e9szt\u00e9st seg\u00edt\u0151 hat\u00e1s.<\/div>\n<\/li>\n<li class=\"dF3vjf\" data-sae=\"\" data-complete=\"true\" data-hveid=\"CAQQAg\" data-sfc-cb=\"\" data-sfc-root=\"c\">\n<div class=\"otQkpb\" role=\"heading\" data-sae=\"\" data-processed=\"true\" data-complete=\"true\" data-sfc-cb=\"\" data-sfc-root=\"c\" data-sfc-cp=\"\" data-animation-nesting=\"\" aria-level=\"3\"><span class=\"T286Pc\" data-complete=\"true\" data-sfc-cb=\"\" data-sfc-root=\"c\" data-sfc-cp=\"\"><strong class=\"Yjhzub\" data-complete=\"true\" data-sfc-cb=\"\" data-sfc-root=\"c\">Em\u00e9szt\u00e9sjav\u00edt\u00f3:<\/strong> Gyors\u00edtja a b\u00e9lperisztaltik\u00e1t (b\u00e9lmozg\u00e1st) \u00e9s seg\u00edti az epek\u00f6vek bont\u00e1s\u00e1t.<\/span><\/div>\n<ul class=\"KsbFXc U6u95\" data-processed=\"true\" data-complete=\"true\" data-sfc-cb=\"\" data-sfc-root=\"c\">\n<li class=\"dF3vjf\" data-sae=\"\" data-complete=\"true\" data-hveid=\"CAYQAQ\" data-sfc-cb=\"\" data-sfc-root=\"c\"><span class=\"T286Pc\" data-complete=\"true\" data-sfc-cb=\"\" data-sfc-root=\"c\" data-sfc-cp=\"\"><strong class=\"Yjhzub\" data-complete=\"true\" data-sfc-cb=\"\" data-sfc-root=\"c\">Vizelethajt\u00f3:<\/strong> Tiszt\u00edtja a h\u00fagyvezet\u00e9ket, a h\u00fagyh\u00f3lyagot \u00e9s a ves\u00e9t, \u00edgy hat\u00e9kony a h\u00fagy\u00fati fert\u0151z\u00e9sek megel\u0151z\u00e9s\u00e9ben.<\/span><\/li>\n<li class=\"dF3vjf\" data-sae=\"\" data-complete=\"true\" data-hveid=\"CAYQAg\" data-sfc-cb=\"\" data-sfc-root=\"c\"><span class=\"T286Pc\" aria-owns=\"action-menu-parent-container\" data-complete=\"true\" data-sfc-cb=\"\" data-sfc-root=\"c\" data-sfc-cp=\"\"><strong class=\"Yjhzub\" data-complete=\"true\" data-sfc-cb=\"\" data-sfc-root=\"c\">V\u00e9rtiszt\u00edt\u00f3:<\/strong> Seg\u00edt a v\u00e9rben \u00e9s a sz\u00f6vetekben felhalmoz\u00f3dott m\u00e9reganyagok semleges\u00edt\u00e9s\u00e9ben.<\/span>\n<div class=\"otQkpb\" role=\"heading\" data-sae=\"\" data-processed=\"true\" data-complete=\"true\" data-sfc-cb=\"\" data-sfc-root=\"c\" data-sfc-cp=\"\" data-animation-nesting=\"\" aria-level=\"3\">Vitamin- \u00e9s \u00e1sv\u00e1nyi anyag tartalom.<\/div>\n<\/li>\n<li class=\"dF3vjf\" data-sae=\"\" data-complete=\"true\" data-hveid=\"CAYQAg\" data-sfc-cb=\"\" data-sfc-root=\"c\">\n<div class=\"otQkpb\" role=\"heading\" data-sae=\"\" data-processed=\"true\" data-complete=\"true\" data-sfc-cb=\"\" data-sfc-root=\"c\" data-sfc-cp=\"\" data-animation-nesting=\"\" aria-level=\"3\"><span class=\"T286Pc\" data-complete=\"true\" data-sfc-cb=\"\" data-sfc-root=\"c\" data-sfc-cp=\"\"><strong class=\"Yjhzub\" data-complete=\"true\" data-sfc-cb=\"\" data-sfc-root=\"c\">Vitaminok:<\/strong> Gazdag A-, B1-, B6- \u00e9s C-vitaminban.<\/span><\/div>\n<ul class=\"KsbFXc U6u95\" data-processed=\"true\" data-complete=\"true\" data-sfc-cb=\"\" data-sfc-root=\"c\">\n<li class=\"dF3vjf\" data-sae=\"\" data-complete=\"true\" data-hveid=\"CAgQAQ\" data-sfc-cb=\"\" data-sfc-root=\"c\"><span class=\"T286Pc\" data-complete=\"true\" data-sfc-cb=\"\" data-sfc-root=\"c\" data-sfc-cp=\"\"><strong class=\"Yjhzub\" data-complete=\"true\" data-sfc-cb=\"\" data-sfc-root=\"c\">\u00c1sv\u00e1nyi anyagok:<\/strong> Magas k\u00e1lium-, kalcium-, vas- \u00e9s foszfortartalommal rendelkezik.<\/span><\/li>\n<li class=\"dF3vjf\" data-sae=\"\" data-complete=\"true\" data-hveid=\"CAgQAg\" data-sfc-cb=\"\" data-sfc-root=\"c\"><span class=\"T286Pc\" aria-owns=\"action-menu-parent-container\" data-complete=\"true\" data-sfc-cb=\"\" data-sfc-root=\"c\" data-sfc-cp=\"\"><strong class=\"Yjhzub\" data-complete=\"true\" data-sfc-cb=\"\" data-sfc-root=\"c\">B\u0151rsz\u00e9p\u00edt\u0151:<\/strong> A benne l\u00e9v\u0151 foszfor seg\u00edti a b\u0151r tisztul\u00e1s\u00e1t \u00e9s feh\u00e9r\u00edt\u00e9s\u00e9t.<\/span>\n<div class=\"otQkpb\" role=\"heading\" data-sae=\"\" data-processed=\"true\" data-complete=\"true\" data-sfc-cb=\"\" data-sfc-root=\"c\" data-sfc-cp=\"\" data-animation-nesting=\"\" aria-level=\"3\">Hasznos tippek a fogyaszt\u00e1shoz.<\/div>\n<\/li>\n<li class=\"dF3vjf\" data-sae=\"\" data-complete=\"true\" data-hveid=\"CAgQAg\" data-sfc-cb=\"\" data-sfc-root=\"c\">\n<div class=\"otQkpb\" role=\"heading\" data-sae=\"\" data-processed=\"true\" data-complete=\"true\" data-sfc-cb=\"\" data-sfc-root=\"c\" data-sfc-cp=\"\" data-animation-nesting=\"\" aria-level=\"3\"><span class=\"T286Pc\" data-complete=\"true\" data-sfc-cb=\"\" data-sfc-root=\"c\" data-sfc-cp=\"\"><strong class=\"Yjhzub\" data-complete=\"true\" data-sfc-cb=\"\" data-sfc-root=\"c\">Kezd\u0151knek:<\/strong> Mivel \u00edze nagyon mark\u00e1ns \u00e9s cs\u00edp\u0151s, el\u0151sz\u00f6r csak keveset fogyassz bel\u0151le, vagy keverd semlegesebb cs\u00edr\u00e1kkal (pl. lucerna).<\/span><\/div>\n<ul class=\"KsbFXc U6u95\" data-processed=\"true\" data-complete=\"true\" data-sfc-cb=\"\" data-sfc-root=\"c\">\n<li class=\"dF3vjf\" data-sae=\"\" data-complete=\"true\" data-hveid=\"CAsQAQ\" data-sfc-cb=\"\" data-sfc-root=\"c\"><span class=\"T286Pc\" data-complete=\"true\" data-sfc-cb=\"\" data-sfc-root=\"c\" data-sfc-cp=\"\"><strong class=\"Yjhzub\" data-complete=\"true\" data-sfc-cb=\"\" data-sfc-root=\"c\">Felhaszn\u00e1l\u00e1s:<\/strong> Legjobb <strong class=\"Yjhzub\" data-complete=\"true\" data-sfc-cb=\"\" data-sfc-root=\"c\">nyersen<\/strong> szendvicsekbe, sal\u00e1t\u00e1kba vagy kr\u00e9mlevesek tetej\u00e9re sz\u00f3rva (ne f\u0151zd bele, mert elvesz\u00edti enzimtartalm\u00e1t).<\/span><\/li>\n<li class=\"dF3vjf\" data-sae=\"\" data-complete=\"true\" data-hveid=\"CAsQAg\" data-sfc-cb=\"\" data-sfc-root=\"c\"><span class=\"T286Pc\" aria-owns=\"action-menu-parent-container\" data-complete=\"true\" data-sfc-cb=\"\" data-sfc-root=\"c\" data-sfc-cp=\"\"><strong class=\"Yjhzub\" data-complete=\"true\" data-sfc-cb=\"\" data-sfc-root=\"c\">Adagol\u00e1s:<\/strong> Napi 1-2 ev\u0151kan\u00e1lnyi friss cs\u00edra m\u00e1r elegend\u0151 a j\u00f3t\u00e9kony hat\u00e1sok el\u00e9r\u00e9s\u00e9hez<\/span><\/li>\n<\/ul>\n<\/li>\n<\/ul>\n<\/li>\n<\/ul>\n<\/li>\n<\/ul>\n<p>&nbsp;<\/p>\n<p>&nbsp;<\/p>\n","protected":false},"featured_media":40361,"comment_status":"closed","ping_status":"closed","template":"","meta":[],"product_brand":[],"product_cat":[352],"product_tag":[],"class_list":{"0":"post-40359","1":"product","2":"type-product","3":"status-publish","4":"has-post-thumbnail","6":"product_cat-microgreens-vetomagok","8":"first","9":"instock","10":"taxable","11":"shipping-taxable","12":"purchasable","13":"product-type-simple"},"_links":{"self":[{"href":"https:\/\/chilimag.hu\/webshop\/wp-json\/wp\/v2\/product\/40359","targetHints":{"allow":["GET"]}}],"collection":[{"href":"https:\/\/chilimag.hu\/webshop\/wp-json\/wp\/v2\/product"}],"about":[{"href":"https:\/\/chilimag.hu\/webshop\/wp-json\/wp\/v2\/types\/product"}],"replies":[{"embeddable":true,"href":"https:\/\/chilimag.hu\/webshop\/wp-json\/wp\/v2\/comments?post=40359"}],"wp:featuredmedia":[{"embeddable":true,"href":"https:\/\/chilimag.hu\/webshop\/wp-json\/wp\/v2\/media\/40361"}],"wp:attachment":[{"href":"https:\/\/chilimag.hu\/webshop\/wp-json\/wp\/v2\/media?parent=40359"}],"wp:term":[{"taxonomy":"product_brand","embeddable":true,"href":"https:\/\/chilimag.hu\/webshop\/wp-json\/wp\/v2\/product_brand?post=40359"},{"taxonomy":"product_cat","embeddable":true,"href":"https:\/\/chilimag.hu\/webshop\/wp-json\/wp\/v2\/product_cat?post=40359"},{"taxonomy":"product_tag","embeddable":true,"href":"https:\/\/chilimag.hu\/webshop\/wp-json\/wp\/v2\/product_tag?post=40359"}],"curies":[{"name":"wp","href":"https:\/\/api.w.org\/{rel}","templated":true}]}}