{"id":40357,"date":"2026-02-20T13:20:46","date_gmt":"2026-02-20T13:20:46","guid":{"rendered":"https:\/\/chilimag.hu\/webshop\/?post_type=product&#038;p=40357"},"modified":"2026-02-20T13:20:46","modified_gmt":"2026-02-20T13:20:46","slug":"uborka-kaikura-hibrid-ug-ow-sl","status":"publish","type":"product","link":"https:\/\/chilimag.hu\/webshop\/termek\/uborka-kaikura-hibrid-ug-ow-sl\/","title":{"rendered":"Uborka Kaikura Hibrid UG OW SL"},"content":{"rendered":"","protected":false},"excerpt":{"rendered":"<p><img decoding=\"async\" class=\"\" src=\"https:\/\/b2b.seklos.lt\/img\/m\/609-medium_default.jpg\" alt=\"\" width=\"150\" height=\"150\" \/><\/p>\n<p><strong>Term\u00e9kle\u00edr\u00e1s<\/strong><\/p>\n<p>Botanikai n\u00e9v:Cucumis sativus L.<\/p>\n<p>UBORKA KAIKURA H<br \/>\nKiv\u00e9teles \u00edz\u0171 hibrid fajta. A term\u00e9sek 5\u20138 cm hossz\u00faak, sima h\u00e9j\u00faak \u00e9s ropog\u00f3sak. A n\u00f6v\u00e9nyek b\u0151s\u00e9gesen teremnek, betegs\u00e9g-ellen\u00e1ll\u00f3ak, \u00e9s alkalmasak erk\u00e9lyen, \u00fcvegh\u00e1zban \u00e9s szabadf\u00f6ld\u00f6n val\u00f3 termeszt\u00e9sre. Tavasszal \u00e9s ny\u00e1ron is vethet\u0151k, szezononk\u00e9nt 2-3 term\u00e9st hozva, \u00edgy tavaszt\u00f3l \u0151szig \u00e9lvezhetj\u00fck az uborka sz\u00e9ps\u00e9g\u00e9t.<\/p>\n<p>Pal\u00e1ntanevel\u00e9si id\u0151 IV<br \/>\nVet\u00e9si id\u0151 \u00fcvegh\u00e1zban IV<br \/>\nT\u00e1vols\u00e1gok, cm 60&#215;40<br \/>\nBetakar\u00edt\u00e1s VII-VIII<br \/>\nTermesztet\u0151 hely Sz\u00e1nd\u00e9kon, \u00dcvegh\u00e1zban, Erk\u00e9lyen, Cser\u00e9pben<br \/>\nM\u00e1rka URBAN GARDEN<br \/>\n\u00c1t\u00fcltet\u00e9s VI<br \/>\nBio Igen<br \/>\nProfesszion\u00e1lis felhaszn\u00e1l\u00e1sra alkalmas Igen<br \/>\nSz\u00edn Z\u00f6ld<br \/>\nCsomagol\u00e1s 5 mp<br \/>\nKl\u00edma Napos<\/p>\n<p>&nbsp;<\/p>\n<p>&nbsp;<\/p>\n","protected":false},"featured_media":40358,"comment_status":"closed","ping_status":"closed","template":"","meta":[],"product_brand":[],"product_cat":[354],"product_tag":[],"class_list":{"0":"post-40357","1":"product","2":"type-product","3":"status-publish","4":"has-post-thumbnail","6":"product_cat-organic-way","8":"first","9":"instock","10":"taxable","11":"shipping-taxable","12":"purchasable","13":"product-type-simple"},"_links":{"self":[{"href":"https:\/\/chilimag.hu\/webshop\/wp-json\/wp\/v2\/product\/40357","targetHints":{"allow":["GET"]}}],"collection":[{"href":"https:\/\/chilimag.hu\/webshop\/wp-json\/wp\/v2\/product"}],"about":[{"href":"https:\/\/chilimag.hu\/webshop\/wp-json\/wp\/v2\/types\/product"}],"replies":[{"embeddable":true,"href":"https:\/\/chilimag.hu\/webshop\/wp-json\/wp\/v2\/comments?post=40357"}],"wp:featuredmedia":[{"embeddable":true,"href":"https:\/\/chilimag.hu\/webshop\/wp-json\/wp\/v2\/media\/40358"}],"wp:attachment":[{"href":"https:\/\/chilimag.hu\/webshop\/wp-json\/wp\/v2\/media?parent=40357"}],"wp:term":[{"taxonomy":"product_brand","embeddable":true,"href":"https:\/\/chilimag.hu\/webshop\/wp-json\/wp\/v2\/product_brand?post=40357"},{"taxonomy":"product_cat","embeddable":true,"href":"https:\/\/chilimag.hu\/webshop\/wp-json\/wp\/v2\/product_cat?post=40357"},{"taxonomy":"product_tag","embeddable":true,"href":"https:\/\/chilimag.hu\/webshop\/wp-json\/wp\/v2\/product_tag?post=40357"}],"curies":[{"name":"wp","href":"https:\/\/api.w.org\/{rel}","templated":true}]}}