{"id":40355,"date":"2026-02-20T13:15:15","date_gmt":"2026-02-20T13:15:15","guid":{"rendered":"https:\/\/chilimag.hu\/webshop\/?post_type=product&#038;p=40355"},"modified":"2026-02-20T13:15:15","modified_gmt":"2026-02-20T13:15:15","slug":"spenot-samos-hibrid-ug-ow-sl","status":"publish","type":"product","link":"https:\/\/chilimag.hu\/webshop\/termek\/spenot-samos-hibrid-ug-ow-sl\/","title":{"rendered":"Spen\u00f3t Samos Hibrid UG OW SL"},"content":{"rendered":"","protected":false},"excerpt":{"rendered":"<p><img decoding=\"async\" class=\"\" src=\"https:\/\/b2b.seklos.lt\/img\/m\/609-medium_default.jpg\" alt=\"\" width=\"150\" height=\"150\" \/><\/p>\n<p><strong>Term\u00e9kle\u00edr\u00e1s<\/strong><\/p>\n<p>Botanikai n\u00e9v:Spinacia oleracea L.<\/p>\n<p>SPEN\u00d3T SAMOS H<br \/>\nProdukt\u00edv, betegs\u00e9g-ellen\u00e1ll\u00f3 hibridfajta tavaszi, ny\u00e1ri \u00e9s \u0151szi betakar\u00edt\u00e1sra. Nyersen fogyasztj\u00e1k, l\u00e9d\u00fas levelei sal\u00e1t\u00e1khoz, zabk\u00e1s\u00e1hoz, levesekhez haszn\u00e1lj\u00e1k, \u00e9s alkalmasak t\u00e9li tart\u00f3s\u00edt\u00e1sra is. Vesse \u0151sszel a korai spen\u00f3tbetakar\u00edt\u00e1shoz.<\/p>\n<p>Magok sz\u00e1ma grammonk\u00e9nt 70-90<br \/>\nVet\u00e9si id\u0151 a talajban III-IV, VIII-IX<br \/>\nT\u00e1pt\u00e1vols\u00e1g, cm 15&#215;10<br \/>\nBetakar\u00edt\u00e1s IV-X<br \/>\nTermesztet\u0151 hely: Sz\u00e1nt\u00f3f\u00f6ld, \u00dcvegh\u00e1zban, Erk\u00e9lyen, Cser\u00e9pben<br \/>\nM\u00e1rka: URBAN GARDEN<br \/>\nProfesszion\u00e1lis felhaszn\u00e1l\u00e1sra alkalmas: Igen<br \/>\nSz\u00edn: Z\u00f6ld<br \/>\nCsomagol\u00e1s: 1,5 g<br \/>\nKl\u00edma: Napos<\/p>\n<p>&nbsp;<\/p>\n","protected":false},"featured_media":40356,"comment_status":"closed","ping_status":"closed","template":"","meta":[],"product_brand":[],"product_cat":[354],"product_tag":[],"class_list":{"0":"post-40355","1":"product","2":"type-product","3":"status-publish","4":"has-post-thumbnail","6":"product_cat-organic-way","8":"first","9":"instock","10":"taxable","11":"shipping-taxable","12":"purchasable","13":"product-type-simple"},"_links":{"self":[{"href":"https:\/\/chilimag.hu\/webshop\/wp-json\/wp\/v2\/product\/40355","targetHints":{"allow":["GET"]}}],"collection":[{"href":"https:\/\/chilimag.hu\/webshop\/wp-json\/wp\/v2\/product"}],"about":[{"href":"https:\/\/chilimag.hu\/webshop\/wp-json\/wp\/v2\/types\/product"}],"replies":[{"embeddable":true,"href":"https:\/\/chilimag.hu\/webshop\/wp-json\/wp\/v2\/comments?post=40355"}],"wp:featuredmedia":[{"embeddable":true,"href":"https:\/\/chilimag.hu\/webshop\/wp-json\/wp\/v2\/media\/40356"}],"wp:attachment":[{"href":"https:\/\/chilimag.hu\/webshop\/wp-json\/wp\/v2\/media?parent=40355"}],"wp:term":[{"taxonomy":"product_brand","embeddable":true,"href":"https:\/\/chilimag.hu\/webshop\/wp-json\/wp\/v2\/product_brand?post=40355"},{"taxonomy":"product_cat","embeddable":true,"href":"https:\/\/chilimag.hu\/webshop\/wp-json\/wp\/v2\/product_cat?post=40355"},{"taxonomy":"product_tag","embeddable":true,"href":"https:\/\/chilimag.hu\/webshop\/wp-json\/wp\/v2\/product_tag?post=40355"}],"curies":[{"name":"wp","href":"https:\/\/api.w.org\/{rel}","templated":true}]}}