{"id":40353,"date":"2026-02-20T13:11:12","date_gmt":"2026-02-20T13:11:12","guid":{"rendered":"https:\/\/chilimag.hu\/webshop\/?post_type=product&#038;p=40353"},"modified":"2026-02-22T13:11:37","modified_gmt":"2026-02-22T13:11:37","slug":"gorogdinnye-rosario-hibrid-urban-garden-ow-sl","status":"publish","type":"product","link":"https:\/\/chilimag.hu\/webshop\/termek\/gorogdinnye-rosario-hibrid-urban-garden-ow-sl\/","title":{"rendered":"G\u00f6r\u00f6gdinnye Rosario Hibrid Urban Garden OW SL"},"content":{"rendered":"","protected":false},"excerpt":{"rendered":"<p><img decoding=\"async\" class=\"\" src=\"https:\/\/b2b.seklos.lt\/img\/m\/609-medium_default.jpg\" alt=\"\" width=\"151\" height=\"151\" \/><\/p>\n<p><strong>Term\u00e9kle\u00edr\u00e1s<\/strong><\/p>\n<p>Botanikai n\u00e9v:Citrullus lanatus<\/p>\n<p>G\u00d6R\u00d6GDINNYE ROSARIO H<br \/>\nKorai, hibrid, b\u0151term\u0151 fajta, amely h\u0171v\u00f6s id\u0151j\u00e1r\u00e1si k\u00f6r\u00fclm\u00e9nyek k\u00f6z\u00f6tt is j\u00f3l terem. A gy\u00fcm\u00f6lcs\u00f6k kerekek, s\u00f6t\u00e9tz\u00f6ld h\u00e9j\u00faak, s\u00falyuk el\u00e9rheti a 3-4 kg-ot. H\u00fasa s\u00f6t\u00e9tv\u00f6r\u00f6s, l\u00e9d\u00fas \u00e9s \u00edzletes. \u00dcvegh\u00e1zban \u00e9s szabadf\u00f6ld\u00f6n egyar\u00e1nt termeszthet\u0151.<\/p>\n<p>Magok sz\u00e1ma grammonk\u00e9nt 10<br \/>\nPal\u00e1ntanevel\u00e9si id\u0151 III-IV<br \/>\n\u00dcvegh\u00e1zban vet\u00e9si id\u0151 III-IV<br \/>\nT\u00e1p\u00e9rt\u00e9k, cm 100&#215;50-70<br \/>\nSz\u00fcret VIII-IX<br \/>\nTermesztet\u0151 hely Sz\u00e1nd\u00e9k, \u00dcvegh\u00e1z<br \/>\nM\u00e1rka URBAN GARDEN<br \/>\n\u00dcltet\u00e9s V-VI<br \/>\nProfesszion\u00e1lis felhaszn\u00e1l\u00e1sra alkalmas Igen<br \/>\nSz\u00edn Piros<br \/>\nCsomagol\u00e1s 1 g<br \/>\nKl\u00edma Napos<\/p>\n<p>&nbsp;<\/p>\n","protected":false},"featured_media":40354,"comment_status":"closed","ping_status":"closed","template":"","meta":[],"product_brand":[],"product_cat":[354],"product_tag":[],"class_list":{"0":"post-40353","1":"product","2":"type-product","3":"status-publish","4":"has-post-thumbnail","6":"product_cat-organic-way","8":"first","9":"instock","10":"taxable","11":"shipping-taxable","12":"purchasable","13":"product-type-simple"},"_links":{"self":[{"href":"https:\/\/chilimag.hu\/webshop\/wp-json\/wp\/v2\/product\/40353","targetHints":{"allow":["GET"]}}],"collection":[{"href":"https:\/\/chilimag.hu\/webshop\/wp-json\/wp\/v2\/product"}],"about":[{"href":"https:\/\/chilimag.hu\/webshop\/wp-json\/wp\/v2\/types\/product"}],"replies":[{"embeddable":true,"href":"https:\/\/chilimag.hu\/webshop\/wp-json\/wp\/v2\/comments?post=40353"}],"wp:featuredmedia":[{"embeddable":true,"href":"https:\/\/chilimag.hu\/webshop\/wp-json\/wp\/v2\/media\/40354"}],"wp:attachment":[{"href":"https:\/\/chilimag.hu\/webshop\/wp-json\/wp\/v2\/media?parent=40353"}],"wp:term":[{"taxonomy":"product_brand","embeddable":true,"href":"https:\/\/chilimag.hu\/webshop\/wp-json\/wp\/v2\/product_brand?post=40353"},{"taxonomy":"product_cat","embeddable":true,"href":"https:\/\/chilimag.hu\/webshop\/wp-json\/wp\/v2\/product_cat?post=40353"},{"taxonomy":"product_tag","embeddable":true,"href":"https:\/\/chilimag.hu\/webshop\/wp-json\/wp\/v2\/product_tag?post=40353"}],"curies":[{"name":"wp","href":"https:\/\/api.w.org\/{rel}","templated":true}]}}