{"id":40349,"date":"2026-02-20T12:57:44","date_gmt":"2026-02-20T12:57:44","guid":{"rendered":"https:\/\/chilimag.hu\/webshop\/?post_type=product&#038;p=40349"},"modified":"2026-02-20T12:57:44","modified_gmt":"2026-02-20T12:57:44","slug":"cekla-karkulka-magszalagos-eln-sl","status":"publish","type":"product","link":"https:\/\/chilimag.hu\/webshop\/termek\/cekla-karkulka-magszalagos-eln-sl\/","title":{"rendered":"C\u00e9kla Karkulka Magszalagos ELN SL"},"content":{"rendered":"","protected":false},"excerpt":{"rendered":"<p><img decoding=\"async\" class=\"attachment-medium_large \" src=\"https:\/\/chilimag.hu\/webshop\/wp-content\/uploads\/2023\/10\/IMG_5174.png\" alt=\"\" width=\"150\" height=\"101\" \/><\/p>\n<p><strong>Term\u00e9kle\u00edr\u00e1s<\/strong><\/p>\n<p>&nbsp;<\/p>\n<p>Botanikai n\u00e9v:Beta vulgaris L.<\/p>\n<p>C\u00c9KLA KARKULKA<br \/>\nJellemz\u0151 \u00edz\u0171 fajta. A gy\u00f6k\u00e9rn\u00f6v\u00e9nyek megny\u00faltak, form\u00e1sak, bel\u00fcl s\u00f6t\u00e9tpirosak \u00e9s finomak. Friss fogyaszt\u00e1sra termesztik, tart\u00f3s\u00edthat\u00f3k \u00e9s l\u00e9 kinyer\u00e9s\u00e9re is felhaszn\u00e1lhat\u00f3k. Cs\u00edr\u00e1z\u00e1s ut\u00e1n 108\u2013112 napon bel\u00fcl betakar\u00edthat\u00f3. Term\u00e9keny, k\u00f6zepesen neh\u00e9z, m\u00e9lyen sz\u00e1ntott, v\u00edz\u00e1tereszt\u0151 talajban termeszthet\u0151. A c\u00e9kl\u00e1t k\u00f6zvetlen\u00fcl a talajba vetik, vagy pal\u00e1nt\u00e1kat \u00fcltetnek.<\/p>\n<p>A vet\u0151szalag el\u0151nyei: b\u0151s\u00e9gesebb, jobb min\u0151s\u00e9g\u0171 term\u00e9s. Megfelel\u0151 nedvess\u00e9gtartalom mellett a magok gyorsabban \u00e9s egyenletesebben cs\u00edr\u00e1znak. A term\u00e9s rendezett, egyenletes sort\u00e1vols\u00e1ggal rendelkezik, \u00edgy k\u00f6nnyebb \u00e9s k\u00e9nyelmesebb a kerti f\u00f3li\u00e1val val\u00f3 takar\u00e1s \u00e9s a gyoml\u00e1l\u00e1s. A szalagok lerak\u00e1sa el\u0151tt \u00f6nt\u00f6zz\u00fck meg a talajt. Ezut\u00e1n takarjuk be a szalagot f\u00f6lddel, \u00e9s b\u0151s\u00e9gesen \u00f6nt\u00f6zz\u00fck meg.<\/p>\n<p>Magok sz\u00e1ma grammonk\u00e9nt 40-55<br \/>\nVet\u00e9si id\u0151 a talajban IV-VI<br \/>\nT\u00e1vols\u00e1gok, cm 4&#215;15-20<br \/>\nN\u00f6v\u00e9nymagass\u00e1g, cm 40<br \/>\nBetakar\u00edt\u00e1s VI-IX<br \/>\nTermesztet\u0151 hely T\u00e1bla<br \/>\nM\u00e1rka Lucia Elite<br \/>\nSz\u00edn Piros<br \/>\nCsomagol\u00e1s 4 m<br \/>\nKl\u00edma Napos<br \/>\nA csomagol\u00e1son felt\u00fcntetett nyelvek: SW, EN, LT, LV, EE<\/p>\n<p>&nbsp;<\/p>\n","protected":false},"featured_media":40350,"comment_status":"closed","ping_status":"closed","template":"","meta":[],"product_brand":[],"product_cat":[368],"product_tag":[],"class_list":{"0":"post-40349","1":"product","2":"type-product","3":"status-publish","4":"has-post-thumbnail","6":"product_cat-zoldseg-vetomagok","8":"first","9":"instock","10":"taxable","11":"shipping-taxable","12":"purchasable","13":"product-type-simple"},"_links":{"self":[{"href":"https:\/\/chilimag.hu\/webshop\/wp-json\/wp\/v2\/product\/40349","targetHints":{"allow":["GET"]}}],"collection":[{"href":"https:\/\/chilimag.hu\/webshop\/wp-json\/wp\/v2\/product"}],"about":[{"href":"https:\/\/chilimag.hu\/webshop\/wp-json\/wp\/v2\/types\/product"}],"replies":[{"embeddable":true,"href":"https:\/\/chilimag.hu\/webshop\/wp-json\/wp\/v2\/comments?post=40349"}],"wp:featuredmedia":[{"embeddable":true,"href":"https:\/\/chilimag.hu\/webshop\/wp-json\/wp\/v2\/media\/40350"}],"wp:attachment":[{"href":"https:\/\/chilimag.hu\/webshop\/wp-json\/wp\/v2\/media?parent=40349"}],"wp:term":[{"taxonomy":"product_brand","embeddable":true,"href":"https:\/\/chilimag.hu\/webshop\/wp-json\/wp\/v2\/product_brand?post=40349"},{"taxonomy":"product_cat","embeddable":true,"href":"https:\/\/chilimag.hu\/webshop\/wp-json\/wp\/v2\/product_cat?post=40349"},{"taxonomy":"product_tag","embeddable":true,"href":"https:\/\/chilimag.hu\/webshop\/wp-json\/wp\/v2\/product_tag?post=40349"}],"curies":[{"name":"wp","href":"https:\/\/api.w.org\/{rel}","templated":true}]}}