{"id":40347,"date":"2026-02-20T12:54:08","date_gmt":"2026-02-20T12:54:08","guid":{"rendered":"https:\/\/chilimag.hu\/webshop\/?post_type=product&#038;p=40347"},"modified":"2026-02-20T12:54:08","modified_gmt":"2026-02-20T12:54:08","slug":"eukaliptusz-eln-sl","status":"publish","type":"product","link":"https:\/\/chilimag.hu\/webshop\/termek\/eukaliptusz-eln-sl\/","title":{"rendered":"Eukaliptusz ELN SL"},"content":{"rendered":"","protected":false},"excerpt":{"rendered":"<p><img decoding=\"async\" class=\"attachment-medium_large \" src=\"https:\/\/chilimag.hu\/webshop\/wp-content\/uploads\/2023\/10\/IMG_5174.png\" alt=\"\" width=\"150\" height=\"101\" \/><\/p>\n<p><strong>Term\u00e9kle\u00edr\u00e1s<\/strong><\/p>\n<p>&nbsp;<\/p>\n<p>Botanikai n\u00e9v:Eucalyptus cynerea<\/p>\n<p>\u00c9vel\u0151, \u00f6r\u00f6kz\u00f6ld, kompakt n\u00f6v\u00e9ny. Gyorsan n\u0151, \u00e9s egy \u00e9v alatt el\u00e9rheti a 60\u201390 cm-es magass\u00e1got. Term\u00e9szetesen s\u0171r\u0171, jellegzetes k\u00e9kes-sz\u00fcrke sz\u00ednnel, amely fokozza dekorat\u00edv vonzerej\u00e9t. Az \u00e1gakat sz\u00e9les k\u00f6rben haszn\u00e1lj\u00e1k a vir\u00e1gkert\u00e9szetben, mind frissen, mind sz\u00e1r\u00edtva. A k\u00e9kes-sz\u00fcrke, kerek levelek finoman visszaverik a f\u00e9nyt ez\u00fcst\u00f6s \u00e1rnyalatokkal, \u00f6r\u00f6kz\u00f6ld b\u00e1jt \u00e9s egyedi karaktert k\u00f6lcs\u00f6n\u00f6zve a vegyes kerti kompoz\u00edci\u00f3knak eg\u00e9sz \u00e9vben.<\/p>\n<p>Kompakt m\u00e9rete miatt j\u00f3l illik kisebb kertekbe \u00e9s vir\u00e1g\u00e1gy\u00e1sokba, ahol gyakran termesztik egyny\u00e1ri n\u00f6v\u00e9nyk\u00e9nt. Napos helyen, sz\u00e1raz talajban kell termeszteni. Leggyakrabban cserepes n\u00f6v\u00e9nyk\u00e9nt termesztik, a meleg napokat a szabadban, ny\u00edlt tereken t\u00f6lti, \u00e9s hidegebb id\u0151ben bek\u00f6lt\u00f6ztetik. A n\u00f6v\u00e9ny minden r\u00e9sze m\u00e9rgez\u0151, \u00e9s nem szabad fogyasztani. Ne termesztse olyan ter\u00fcleteken, ahol a n\u00f6v\u00e9ny biztons\u00e1gi kock\u00e1zatot jelenthet.<\/p>\n<p>Pal\u00e1nta vet\u00e9si ideje III-IV<br \/>\nVet\u00e9si id\u0151 \u00fcvegh\u00e1zban III-IV<br \/>\nT\u00e1vols\u00e1g, cm 40&#215;50<br \/>\nVir\u00e1gz\u00e1si id\u0151szak VIII-X<br \/>\nN\u00f6v\u00e9nymagass\u00e1g, cm 60-90<br \/>\nN\u00f6veked\u00e9si hely: Szabadf\u00f6ld, Erk\u00e9ly, Cser\u00e9p<br \/>\nM\u00e1rka: Lucia Elite<br \/>\n\u00dcltetv\u00e9ny V-VII<br \/>\nSz\u00edn: Sz\u00fcrke<br \/>\nCsomagol\u00e1s: 10 mp<br \/>\nKl\u00edma: R\u00e9szleges \u00e1rny\u00e9k<br \/>\nA csomagol\u00e1son felt\u00fcntetett nyelvek: EE, SW, EN, LT, LV<\/p>\n<p>&nbsp;<\/p>\n","protected":false},"featured_media":40348,"comment_status":"closed","ping_status":"closed","template":"","meta":[],"product_brand":[],"product_cat":[369],"product_tag":[],"class_list":{"0":"post-40347","1":"product","2":"type-product","3":"status-publish","4":"has-post-thumbnail","6":"product_cat-virag-vetomagok-lucia-elite","8":"first","9":"instock","10":"taxable","11":"shipping-taxable","12":"purchasable","13":"product-type-simple"},"_links":{"self":[{"href":"https:\/\/chilimag.hu\/webshop\/wp-json\/wp\/v2\/product\/40347","targetHints":{"allow":["GET"]}}],"collection":[{"href":"https:\/\/chilimag.hu\/webshop\/wp-json\/wp\/v2\/product"}],"about":[{"href":"https:\/\/chilimag.hu\/webshop\/wp-json\/wp\/v2\/types\/product"}],"replies":[{"embeddable":true,"href":"https:\/\/chilimag.hu\/webshop\/wp-json\/wp\/v2\/comments?post=40347"}],"wp:featuredmedia":[{"embeddable":true,"href":"https:\/\/chilimag.hu\/webshop\/wp-json\/wp\/v2\/media\/40348"}],"wp:attachment":[{"href":"https:\/\/chilimag.hu\/webshop\/wp-json\/wp\/v2\/media?parent=40347"}],"wp:term":[{"taxonomy":"product_brand","embeddable":true,"href":"https:\/\/chilimag.hu\/webshop\/wp-json\/wp\/v2\/product_brand?post=40347"},{"taxonomy":"product_cat","embeddable":true,"href":"https:\/\/chilimag.hu\/webshop\/wp-json\/wp\/v2\/product_cat?post=40347"},{"taxonomy":"product_tag","embeddable":true,"href":"https:\/\/chilimag.hu\/webshop\/wp-json\/wp\/v2\/product_tag?post=40347"}],"curies":[{"name":"wp","href":"https:\/\/api.w.org\/{rel}","templated":true}]}}