{"id":40343,"date":"2026-02-20T12:46:39","date_gmt":"2026-02-20T12:46:39","guid":{"rendered":"https:\/\/chilimag.hu\/webshop\/?post_type=product&#038;p=40343"},"modified":"2026-03-31T12:29:13","modified_gmt":"2026-03-31T12:29:13","slug":"paradicsom-wild-galapagos-eln-sl","status":"publish","type":"product","link":"https:\/\/chilimag.hu\/webshop\/termek\/paradicsom-wild-galapagos-eln-sl\/","title":{"rendered":"Paradicsom Wild Galapagos ELN SL"},"content":{"rendered":"","protected":false},"excerpt":{"rendered":"<p><img decoding=\"async\" class=\"attachment-medium_large \" src=\"https:\/\/chilimag.hu\/webshop\/wp-content\/uploads\/2023\/10\/IMG_5174.png\" alt=\"\" width=\"152\" height=\"102\" \/><\/p>\n<p><strong>Term\u00e9kle\u00edr\u00e1s<\/strong><\/p>\n<p>Botanikai n\u00e9v: Solanum Lycopersicum<\/p>\n<p>VADPARADICSOM VAD GALAPAGOS<br \/>\nEgyedi, \u00edzletes \u00e9s magas hozam\u00fa paradicsomfajta. Ezek az er\u0151teljes n\u00f6v\u00e9nyek b\u0151s\u00e9ges term\u00e9st hoznak apr\u00f3, sz\u0151l\u0151szemnyi narancss\u00e1rga paradicsomokb\u00f3l. Rendk\u00edv\u00fcl sokoldal\u00faak a konyh\u00e1ban, b\u00e1r \u00edz\u00fcket legink\u00e1bb s\u00fclve \u00e9lvezhetj\u00fck. A vadparadicsomok ellen\u00e1llnak a betegs\u00e9geknek \u00e9s a kedvez\u0151tlen termeszt\u00e9si k\u00f6r\u00fclm\u00e9nyeknek. Hagyjuk \u0151ket szabadon n\u0151ni a szabadban vagy \u00fcvegh\u00e1zban, teret biztos\u00edtva a terjeszked\u00e9shez, t\u00e1mogassuk \u0151ket, \u00e9s t\u00f6bb sz\u00e1z gy\u00fcm\u00f6lcs\u00f6t fognak teremni. Szabadban, cser\u00e9pben erk\u00e9lyen vagy teraszon is termeszthet\u0151k.<\/p>\n<p>A magokat m\u00e1rciust\u00f3l \u00e1prilisig vetj\u00fck el. A magok gyors \u00e9s egyenletes cs\u00edr\u00e1z\u00e1sa \u00e9rdek\u00e9ben takarjuk le a pal\u00e1nt\u00e1kat \u00fcveggel vagy f\u00f3li\u00e1val.<\/p>\n<p>10 mag elegend\u0151 egy 6 m\u00b2-es ter\u00fcletre vagy 6 cser\u00e9pre, cser\u00e9pbe egy n\u00f6v\u00e9nyt \u00fcltetve.<\/p>\n<p>Fajta korais\u00e1ga Korai<br \/>\nPal\u00e1ntanevel\u00e9si id\u0151 III-IV<br \/>\n\u00dcvegh\u00e1zi vet\u00e9sid\u0151 III-IV<br \/>\nT\u00e1p\u00e9rt\u00e9k, cm 60&#215;80<br \/>\nN\u00f6v\u00e9nymagass\u00e1g, cm 200<br \/>\nSz\u00fcret VI-VIII<br \/>\nTeny\u00e9szt\u00e9si hely Sz\u00e1nd\u00e9kon, \u00dcvegh\u00e1zban, Erk\u00e9lyen, Cser\u00e9pben<br \/>\nM\u00e1rka: Lucia Elite<br \/>\n\u00dcltet\u00e9s V-VI<br \/>\nSz\u00edn: S\u00e1rga<br \/>\nCsomagol\u00e1s: 10 mp<br \/>\nKl\u00edma: Napos<br \/>\nA csomagol\u00e1son felt\u00fcntetett nyelvek: EN, LT, LV, EE, SW<\/p>\n<p>&nbsp;<\/p>\n","protected":false},"featured_media":40344,"comment_status":"closed","ping_status":"closed","template":"","meta":[],"product_brand":[],"product_cat":[368],"product_tag":[],"class_list":{"0":"post-40343","1":"product","2":"type-product","3":"status-publish","4":"has-post-thumbnail","6":"product_cat-zoldseg-vetomagok","8":"first","9":"instock","10":"taxable","11":"shipping-taxable","12":"purchasable","13":"product-type-simple"},"_links":{"self":[{"href":"https:\/\/chilimag.hu\/webshop\/wp-json\/wp\/v2\/product\/40343","targetHints":{"allow":["GET"]}}],"collection":[{"href":"https:\/\/chilimag.hu\/webshop\/wp-json\/wp\/v2\/product"}],"about":[{"href":"https:\/\/chilimag.hu\/webshop\/wp-json\/wp\/v2\/types\/product"}],"replies":[{"embeddable":true,"href":"https:\/\/chilimag.hu\/webshop\/wp-json\/wp\/v2\/comments?post=40343"}],"wp:featuredmedia":[{"embeddable":true,"href":"https:\/\/chilimag.hu\/webshop\/wp-json\/wp\/v2\/media\/40344"}],"wp:attachment":[{"href":"https:\/\/chilimag.hu\/webshop\/wp-json\/wp\/v2\/media?parent=40343"}],"wp:term":[{"taxonomy":"product_brand","embeddable":true,"href":"https:\/\/chilimag.hu\/webshop\/wp-json\/wp\/v2\/product_brand?post=40343"},{"taxonomy":"product_cat","embeddable":true,"href":"https:\/\/chilimag.hu\/webshop\/wp-json\/wp\/v2\/product_cat?post=40343"},{"taxonomy":"product_tag","embeddable":true,"href":"https:\/\/chilimag.hu\/webshop\/wp-json\/wp\/v2\/product_tag?post=40343"}],"curies":[{"name":"wp","href":"https:\/\/api.w.org\/{rel}","templated":true}]}}