{"id":40338,"date":"2026-02-20T12:25:46","date_gmt":"2026-02-20T12:25:46","guid":{"rendered":"https:\/\/chilimag.hu\/webshop\/?post_type=product&#038;p=40338"},"modified":"2026-03-09T19:14:08","modified_gmt":"2026-03-09T19:14:08","slug":"paradicsom-luther-hibrid-eln-sl","status":"publish","type":"product","link":"https:\/\/chilimag.hu\/webshop\/termek\/paradicsom-luther-hibrid-eln-sl\/","title":{"rendered":"Paradicsom Luther Hibrid ELN SL"},"content":{"rendered":"","protected":false},"excerpt":{"rendered":"<p><img decoding=\"async\" class=\"attachment-medium_large \" src=\"https:\/\/chilimag.hu\/webshop\/wp-content\/uploads\/2023\/10\/IMG_5174.png\" alt=\"\" width=\"150\" height=\"101\" \/><\/p>\n<p><strong>Term\u00e9kle\u00edr\u00e1s<\/strong><\/p>\n<p>&nbsp;<\/p>\n<p>Botanikai n\u00e9v: Solanum Lycopersicum<\/p>\n<p>PARADICSOM LUTHER H<br \/>\nKorai, magas (hat\u00e1rozatlan \u00e9r\u00e9si idej\u0171), betegs\u00e9g-ellen\u00e1ll\u00f3, b\u0151 hozam\u00fa hibridfajta, alkalmas \u00fcvegh\u00e1zi \u00e9s szabadf\u00f6ldi termeszt\u00e9sre. A gy\u00fcm\u00f6lcs\u00f6k 20\u201325 g s\u00faly\u00faak, k\u00edv\u00fcl s\u00f6t\u00e9t cseresznye sz\u00edn\u0171ek, bel\u00fcl pirosak. Hossz\u00fa ideig \u00e9pek maradnak an\u00e9lk\u00fcl, hogy megrepedn\u00e9nek vagy leesn\u00e9nek a f\u00fcrt\u00f6kr\u0151l. F\u00fcrt\u00f6nk\u00e9nt 12 paradicsom terem. A bors\u00f3 szinte egyszerre \u00e9rik, f\u00fcrt\u00f6kben szedhet\u0151.<\/p>\n<p>A vet\u00e9sk\u00f6zeg h\u0151m\u00e9rs\u00e9klete legal\u00e1bb +21\u201326 \u00b0C, a szobah\u0151m\u00e9rs\u00e9klet legal\u00e1bb +23 \u00b0C legyen. Amikor 2\u20134 val\u00f3di lev\u00e9l megjelenik, a pal\u00e1nt\u00e1kat egyenk\u00e9nt \u00e1t\u00fcltetik az \u00e1lland\u00f3 helyre. A tervezett pal\u00e1ntasz\u00e1mn\u00e1l 15\u201320%-kal t\u00f6bb magot vess\u00fcnk.<\/p>\n<p>10 mag elegend\u0151 5\u20137 m\u00b2-es ter\u00fcletre vagy 5\u20137 cser\u00e9pbe, cser\u00e9pbe egy n\u00f6v\u00e9nyt \u00fcltetve.<\/p>\n<p>Fajta korais\u00e1ga Korai<br \/>\nPal\u00e1ntanevel\u00e9si id\u0151 III-IV<br \/>\n\u00dcvegh\u00e1zi vet\u00e9sid\u0151 III-IV<br \/>\nT\u00e1p\u00e9rt\u00e9k, cm 60&#215;40<br \/>\nN\u00f6v\u00e9nymagass\u00e1g, cm 180<br \/>\nN\u00f6v\u00e9nymagass\u00e1g Magas<br \/>\nSz\u00fcret VI-VIII<br \/>\nNevel\u00e9si hely Cser\u00e9pben, Szabadf\u00f6ld\u00f6n, \u00dcvegh\u00e1zban, Erk\u00e9lyen<br \/>\nM\u00e1rka Lucia Elite<br \/>\n\u00dcltet\u00e9s V-VI<br \/>\nProfesszion\u00e1lis felhaszn\u00e1l\u00e1sra alkalmas Igen<br \/>\nSz\u00edn Fekete<br \/>\nCsomagol\u00e1s 10 mp<br \/>\nKl\u00edma Napos<br \/>\nA csomagol\u00e1son felt\u00fcntetett nyelvek: EN, LT, LV, EE, SW<\/p>\n<p>&nbsp;<\/p>\n","protected":false},"featured_media":40339,"comment_status":"closed","ping_status":"closed","template":"","meta":[],"product_brand":[],"product_cat":[368],"product_tag":[],"class_list":{"0":"post-40338","1":"product","2":"type-product","3":"status-publish","4":"has-post-thumbnail","6":"product_cat-zoldseg-vetomagok","8":"first","9":"instock","10":"taxable","11":"shipping-taxable","12":"purchasable","13":"product-type-simple"},"_links":{"self":[{"href":"https:\/\/chilimag.hu\/webshop\/wp-json\/wp\/v2\/product\/40338","targetHints":{"allow":["GET"]}}],"collection":[{"href":"https:\/\/chilimag.hu\/webshop\/wp-json\/wp\/v2\/product"}],"about":[{"href":"https:\/\/chilimag.hu\/webshop\/wp-json\/wp\/v2\/types\/product"}],"replies":[{"embeddable":true,"href":"https:\/\/chilimag.hu\/webshop\/wp-json\/wp\/v2\/comments?post=40338"}],"wp:featuredmedia":[{"embeddable":true,"href":"https:\/\/chilimag.hu\/webshop\/wp-json\/wp\/v2\/media\/40339"}],"wp:attachment":[{"href":"https:\/\/chilimag.hu\/webshop\/wp-json\/wp\/v2\/media?parent=40338"}],"wp:term":[{"taxonomy":"product_brand","embeddable":true,"href":"https:\/\/chilimag.hu\/webshop\/wp-json\/wp\/v2\/product_brand?post=40338"},{"taxonomy":"product_cat","embeddable":true,"href":"https:\/\/chilimag.hu\/webshop\/wp-json\/wp\/v2\/product_cat?post=40338"},{"taxonomy":"product_tag","embeddable":true,"href":"https:\/\/chilimag.hu\/webshop\/wp-json\/wp\/v2\/product_tag?post=40338"}],"curies":[{"name":"wp","href":"https:\/\/api.w.org\/{rel}","templated":true}]}}