{"id":40336,"date":"2026-02-20T12:22:34","date_gmt":"2026-02-20T12:22:34","guid":{"rendered":"https:\/\/chilimag.hu\/webshop\/?post_type=product&#038;p=40336"},"modified":"2026-03-31T22:31:41","modified_gmt":"2026-03-31T22:31:41","slug":"paradicsom-lanterna-hibrid-eln-sl","status":"publish","type":"product","link":"https:\/\/chilimag.hu\/webshop\/termek\/paradicsom-lanterna-hibrid-eln-sl\/","title":{"rendered":"Paradicsom Lanterna Hibrid ELN SL"},"content":{"rendered":"","protected":false},"excerpt":{"rendered":"<p><img decoding=\"async\" class=\"attachment-medium_large \" src=\"https:\/\/chilimag.hu\/webshop\/wp-content\/uploads\/2023\/10\/IMG_5174.png\" alt=\"\" width=\"150\" height=\"101\" \/><\/p>\n<p><strong>Term\u00e9kle\u00edr\u00e1s<\/strong><\/p>\n<p>Botanikai n\u00e9v: Solanum Lycopersicum<\/p>\n<p>ARADICSOM LANTERNA H<br \/>\nK\u00f6z\u00e9pkorai, magas (hat\u00e1rozatlan) \u00e9r\u00e9si idej\u0171, hibrid, betegs\u00e9g\u00e1ll\u00f3 fajta, amely kiv\u00e9telesen \u00edzletes paradicsomot terem. A term\u00e9s jellegzetes k\u00f6rte alak\u00fa \u00e9s 300\u2013350 g s\u00faly\u00fa. Ez a fajta azoknak lesz vonz\u00f3, akik \u00e9rt\u00e9kelik a finom, \u00e9des \u00edz\u0171, enyh\u00e9n kem\u00e9ny\u00edt\u0151tartalm\u00fa, szinte mag n\u00e9lk\u00fcli gy\u00fcm\u00f6lcs\u00f6ket. Sal\u00e1t\u00e1khoz alkalmas \u00e9s tart\u00f3s\u00edthat\u00f3. A magokat m\u00e1rciusban vetik el. A magok gyors \u00e9s egyenletes cs\u00edr\u00e1z\u00e1sa \u00e9rdek\u00e9ben a pal\u00e1nt\u00e1kat \u00fcveggel vagy f\u00f3li\u00e1val takarjuk le. A vet\u00e9si talaj h\u0151m\u00e9rs\u00e9klet\u00e9nek legal\u00e1bb +21\u201326 \u00b0C-nak, a szobah\u0151m\u00e9rs\u00e9kletnek legal\u00e1bb +23 \u00b0C-nak kell lennie. Amikor 2\u20134 val\u00f3di lev\u00e9l jelenik meg, a pal\u00e1nt\u00e1kat egyenk\u00e9nt \u00e1t\u00fcltetj\u00fck. A pal\u00e1nt\u00e1kat a fagyvesz\u00e9ly elm\u00falt\u00e1val \u00fcltetj\u00fck az \u00fcvegh\u00e1zba.<\/p>\n<p>10 mag elegend\u0151 egy 6\u20138 m\u00b2-es ter\u00fcletre.<\/p>\n<p>Fajta korais\u00e1ga K\u00f6zepesen korai<br \/>\nPal\u00e1ntanevel\u00e9si id\u0151 III-IV<br \/>\n\u00dcvegh\u00e1zi vet\u00e9sid\u0151 III-IV<br \/>\nT\u00e1p\u00e9rt\u00e9k, cm 60&#215;40<br \/>\nN\u00f6v\u00e9nymagass\u00e1g, cm 180<br \/>\nN\u00f6v\u00e9nymagass\u00e1g Magas<br \/>\nSz\u00fcret VI-VIII<br \/>\nTermesztet\u0151 hely Sz\u00e1nd\u00e9kon, \u00dcvegh\u00e1zban, Erk\u00e9lyen, Cser\u00e9pben<br \/>\nM\u00e1rka: Lucia Elite<br \/>\n\u00dcltet\u00e9s V-VI<br \/>\nProfesszion\u00e1lis felhaszn\u00e1l\u00e1sra alkalmas Igen<br \/>\nSz\u00edn Piros<br \/>\nCsomagol\u00e1s 10 mp<br \/>\nKl\u00edma: Napos<br \/>\nA csomagol\u00e1son felt\u00fcntetett nyelvek: EN, LT, LV, EE, SW<\/p>\n<p>&nbsp;<\/p>\n","protected":false},"featured_media":40337,"comment_status":"closed","ping_status":"closed","template":"","meta":[],"product_brand":[],"product_cat":[368],"product_tag":[],"class_list":{"0":"post-40336","1":"product","2":"type-product","3":"status-publish","4":"has-post-thumbnail","6":"product_cat-zoldseg-vetomagok","8":"first","9":"instock","10":"taxable","11":"shipping-taxable","12":"purchasable","13":"product-type-simple"},"_links":{"self":[{"href":"https:\/\/chilimag.hu\/webshop\/wp-json\/wp\/v2\/product\/40336","targetHints":{"allow":["GET"]}}],"collection":[{"href":"https:\/\/chilimag.hu\/webshop\/wp-json\/wp\/v2\/product"}],"about":[{"href":"https:\/\/chilimag.hu\/webshop\/wp-json\/wp\/v2\/types\/product"}],"replies":[{"embeddable":true,"href":"https:\/\/chilimag.hu\/webshop\/wp-json\/wp\/v2\/comments?post=40336"}],"wp:featuredmedia":[{"embeddable":true,"href":"https:\/\/chilimag.hu\/webshop\/wp-json\/wp\/v2\/media\/40337"}],"wp:attachment":[{"href":"https:\/\/chilimag.hu\/webshop\/wp-json\/wp\/v2\/media?parent=40336"}],"wp:term":[{"taxonomy":"product_brand","embeddable":true,"href":"https:\/\/chilimag.hu\/webshop\/wp-json\/wp\/v2\/product_brand?post=40336"},{"taxonomy":"product_cat","embeddable":true,"href":"https:\/\/chilimag.hu\/webshop\/wp-json\/wp\/v2\/product_cat?post=40336"},{"taxonomy":"product_tag","embeddable":true,"href":"https:\/\/chilimag.hu\/webshop\/wp-json\/wp\/v2\/product_tag?post=40336"}],"curies":[{"name":"wp","href":"https:\/\/api.w.org\/{rel}","templated":true}]}}