{"id":40332,"date":"2026-02-20T12:14:08","date_gmt":"2026-02-20T12:14:08","guid":{"rendered":"https:\/\/chilimag.hu\/webshop\/?post_type=product&#038;p=40332"},"modified":"2026-03-31T22:31:41","modified_gmt":"2026-03-31T22:31:41","slug":"paradicsom-califfo-hibrid-eln-sl","status":"publish","type":"product","link":"https:\/\/chilimag.hu\/webshop\/termek\/paradicsom-califfo-hibrid-eln-sl\/","title":{"rendered":"Paradicsom Califfo Hibrid ELN SL"},"content":{"rendered":"","protected":false},"excerpt":{"rendered":"<p><img decoding=\"async\" class=\"attachment-medium_large \" src=\"https:\/\/chilimag.hu\/webshop\/wp-content\/uploads\/2023\/10\/IMG_5174.png\" alt=\"\" width=\"150\" height=\"101\" \/><\/p>\n<p><strong>Term\u00e9kle\u00edr\u00e1s<\/strong><\/p>\n<p>Botanikai n\u00e9v: Solanum Lycopersicum<\/p>\n<p>Korai, magas (hat\u00e1rozatlan) n\u00f6v\u00e9s\u0171, betegs\u00e9g-ellen\u00e1ll\u00f3, nagy hozam\u00fa hibridfajta, amely alkalmas \u00fcvegh\u00e1zi \u00e9s szabadf\u00f6ldi termeszt\u00e9sre. A gy\u00fcm\u00f6lcs\u00f6k nagyok, 450 g s\u00faly\u00faak, bord\u00e1zottak \u00e9s kem\u00e9nyek. Minden f\u00fcrt 4-5 gy\u00fcm\u00f6lcs\u00f6t terem. A magokat m\u00e1rciusban vetik. A magok gyors \u00e9s egyenletes cs\u00edr\u00e1z\u00e1sa \u00e9rdek\u00e9ben a pal\u00e1nt\u00e1kat \u00fcveggel vagy f\u00f3li\u00e1val takarj\u00e1k le. A vet\u00e9si talaj h\u0151m\u00e9rs\u00e9klete legal\u00e1bb +21\u201326 \u00b0C, a szobah\u0151m\u00e9rs\u00e9klet legal\u00e1bb +23 \u00b0C legyen. Amikor 2-4 val\u00f3di lev\u00e9l jelenik meg, a pal\u00e1nt\u00e1kat egyenk\u00e9nt \u00fcltetik \u00e1t. A pal\u00e1nt\u00e1kat a fagyvesz\u00e9ly elm\u00falt\u00e1val \u00fcltetik az \u00fcvegh\u00e1zba.<br \/>\nA tervezett pal\u00e1ntasz\u00e1mn\u00e1l 15\u201320%-kal t\u00f6bb magot vess\u00fcnk.<br \/>\n10 mag elegend\u0151 egy 5\u20137 m\u00b2-es ter\u00fcletre. Kedvez\u0151 termeszt\u00e9si k\u00f6r\u00fclm\u00e9nyek k\u00f6z\u00f6tt a v\u00e1rhat\u00f3 term\u00e9shozam 30\u201345 kg.<\/p>\n<p>Fajta korais\u00e1ga Korai<br \/>\nPal\u00e1ntanevel\u00e9si id\u0151 III-IV<br \/>\n\u00dcvegh\u00e1zi vet\u00e9sid\u0151 III-IV<br \/>\nT\u00e1p\u00e9rt\u00e9k, cm 60&#215;40<br \/>\nN\u00f6v\u00e9nymagass\u00e1g, cm 180<br \/>\nN\u00f6v\u00e9nymagass\u00e1g Magas<br \/>\nSz\u00fcret VI-VIII<br \/>\nTeny\u00e9szt\u00e9si hely Szabadf\u00f6ld, \u00dcvegh\u00e1z, Erk\u00e9ly, Cser\u00e9p<br \/>\nM\u00e1rka Lucia Elite<br \/>\n\u00dcltet\u00e9s V-VI<br \/>\nProfesszion\u00e1lis felhaszn\u00e1l\u00e1sra alkalmas Igen<br \/>\nSz\u00edn Piros<br \/>\nCsomagol\u00e1s 10 mp<br \/>\nKl\u00edma Napos<br \/>\nA csomagol\u00e1son felt\u00fcntetett nyelvek: EN, LT, LV, EE, SW<\/p>\n<p>&nbsp;<\/p>\n","protected":false},"featured_media":40333,"comment_status":"closed","ping_status":"closed","template":"","meta":[],"product_brand":[],"product_cat":[368],"product_tag":[],"class_list":{"0":"post-40332","1":"product","2":"type-product","3":"status-publish","4":"has-post-thumbnail","6":"product_cat-zoldseg-vetomagok","8":"first","9":"instock","10":"taxable","11":"shipping-taxable","12":"purchasable","13":"product-type-simple"},"_links":{"self":[{"href":"https:\/\/chilimag.hu\/webshop\/wp-json\/wp\/v2\/product\/40332","targetHints":{"allow":["GET"]}}],"collection":[{"href":"https:\/\/chilimag.hu\/webshop\/wp-json\/wp\/v2\/product"}],"about":[{"href":"https:\/\/chilimag.hu\/webshop\/wp-json\/wp\/v2\/types\/product"}],"replies":[{"embeddable":true,"href":"https:\/\/chilimag.hu\/webshop\/wp-json\/wp\/v2\/comments?post=40332"}],"wp:featuredmedia":[{"embeddable":true,"href":"https:\/\/chilimag.hu\/webshop\/wp-json\/wp\/v2\/media\/40333"}],"wp:attachment":[{"href":"https:\/\/chilimag.hu\/webshop\/wp-json\/wp\/v2\/media?parent=40332"}],"wp:term":[{"taxonomy":"product_brand","embeddable":true,"href":"https:\/\/chilimag.hu\/webshop\/wp-json\/wp\/v2\/product_brand?post=40332"},{"taxonomy":"product_cat","embeddable":true,"href":"https:\/\/chilimag.hu\/webshop\/wp-json\/wp\/v2\/product_cat?post=40332"},{"taxonomy":"product_tag","embeddable":true,"href":"https:\/\/chilimag.hu\/webshop\/wp-json\/wp\/v2\/product_tag?post=40332"}],"curies":[{"name":"wp","href":"https:\/\/api.w.org\/{rel}","templated":true}]}}