{"id":40313,"date":"2026-02-19T19:09:26","date_gmt":"2026-02-19T19:09:26","guid":{"rendered":"https:\/\/chilimag.hu\/webshop\/?post_type=product&#038;p=40313"},"modified":"2026-03-11T12:35:53","modified_gmt":"2026-03-11T12:35:53","slug":"metelohagyma-snidling-eln-sl","status":"publish","type":"product","link":"https:\/\/chilimag.hu\/webshop\/termek\/metelohagyma-snidling-eln-sl\/","title":{"rendered":"Met\u00e9l\u0151hagyma Snidling ELN SL"},"content":{"rendered":"","protected":false},"excerpt":{"rendered":"<p><img decoding=\"async\" class=\"attachment-medium_large \" src=\"https:\/\/chilimag.hu\/webshop\/wp-content\/uploads\/2023\/10\/IMG_5174.png\" alt=\"\" width=\"150\" height=\"101\" \/><\/p>\n<p><strong>Term\u00e9kle\u00edr\u00e1s\u00a0<\/strong><\/p>\n<p>&nbsp;<\/p>\n<p>Botanikai n\u00e9v:Allium fistulosum L.<\/p>\n<p>\u00d6R\u00d6KZ\u00d6LD CSOM\u00d3HAGYMA<br \/>\n\u00c9vel\u0151 \u00f6r\u00f6kz\u00f6ld met\u00e9l\u0151hagyma, m\u00e1s n\u00e9ven \u00fajhagyma vagy t\u00e9li hagyma. A met\u00e9l\u0151hagyma korai fajt\u00e1ja, frissen vagy fagyasztva is fogyaszthat\u00f3. Nem k\u00e9pez hagym\u00e1t. A levelek s\u00f6t\u00e9tz\u00f6ldek, fel\u00e1ll\u00f3ak, kem\u00e9nyek, ellen\u00e1llnak a megd\u0151l\u00e9snek, vizu\u00e1lisan vonz\u00f3ak \u00e9s l\u00e9d\u00fasak. Alkalmasak tavaszi \u00e9s \u0151szi betakar\u00edt\u00e1sra egyar\u00e1nt. Szezononk\u00e9nt t\u00f6bbsz\u00f6r is vethet\u0151 \u2013 kora tavasszal \u00e9s a ny\u00e1r m\u00e1sodik fel\u00e9ben. Ellen\u00e1ll az alacsony h\u0151m\u00e9rs\u00e9kletnek \u00e9s a huzatnak. Legjobb megm\u0171velt homokos v\u00e1lyogtalajon, k\u00f6nny\u0171 v\u00e1lyogtalajon termeszteni. \u00dcvegh\u00e1zakban, szabadban, takar\u00f3 alatt \u00e9s ny\u00edlt terepen termeszthet\u0151. Szabadt\u00e9ri termeszt\u00e9s eset\u00e9n a veget\u00e1ci\u00f3s id\u0151szak 60\u201390 napig is eltarthat.<\/p>\n<p>Aj\u00e1nlott ritk\u00e1bban vetni, hogy a n\u00f6v\u00e9nyek nagyobbra n\u0151jenek, a leveleik pedig hosszabbak legyenek. Ugyanazon a helyen t\u00f6bb \u00e9vig is n\u0151het. A lila vir\u00e1gokat \u00e9telek d\u00edsz\u00edt\u00e9s\u00e9re haszn\u00e1lj\u00e1k.<\/p>\n<p>Magok sz\u00e1ma grammonk\u00e9nt 400<br \/>\nVet\u00e9si id\u0151 a talajban III-V, VIII<br \/>\nT\u00e1vols\u00e1gok, cm 5&#215;20<br \/>\nN\u00f6v\u00e9nymagass\u00e1g, cm 30<br \/>\nBetakar\u00edt\u00e1s IV-VI, VIII<br \/>\nTermesztet\u0151 hely T\u00e1bla<br \/>\nM\u00e1rka Lucia Elite<br \/>\n\u00dcltetv\u00e9ny VI<br \/>\nSz\u00edn Z\u00f6ld<br \/>\nCsomagol\u00e1s 2 g<br \/>\nKl\u00edma R\u00e9szleges \u00e1rny\u00e9k<br \/>\nA csomagol\u00e1son felt\u00fcntetett nyelvek SW, EN, LT, LV, EE<\/p>\n<p>&nbsp;<\/p>\n","protected":false},"featured_media":40314,"comment_status":"closed","ping_status":"closed","template":"","meta":[],"product_brand":[],"product_cat":[368],"product_tag":[],"class_list":{"0":"post-40313","1":"product","2":"type-product","3":"status-publish","4":"has-post-thumbnail","6":"product_cat-zoldseg-vetomagok","8":"first","9":"instock","10":"taxable","11":"shipping-taxable","12":"purchasable","13":"product-type-simple"},"_links":{"self":[{"href":"https:\/\/chilimag.hu\/webshop\/wp-json\/wp\/v2\/product\/40313","targetHints":{"allow":["GET"]}}],"collection":[{"href":"https:\/\/chilimag.hu\/webshop\/wp-json\/wp\/v2\/product"}],"about":[{"href":"https:\/\/chilimag.hu\/webshop\/wp-json\/wp\/v2\/types\/product"}],"replies":[{"embeddable":true,"href":"https:\/\/chilimag.hu\/webshop\/wp-json\/wp\/v2\/comments?post=40313"}],"wp:featuredmedia":[{"embeddable":true,"href":"https:\/\/chilimag.hu\/webshop\/wp-json\/wp\/v2\/media\/40314"}],"wp:attachment":[{"href":"https:\/\/chilimag.hu\/webshop\/wp-json\/wp\/v2\/media?parent=40313"}],"wp:term":[{"taxonomy":"product_brand","embeddable":true,"href":"https:\/\/chilimag.hu\/webshop\/wp-json\/wp\/v2\/product_brand?post=40313"},{"taxonomy":"product_cat","embeddable":true,"href":"https:\/\/chilimag.hu\/webshop\/wp-json\/wp\/v2\/product_cat?post=40313"},{"taxonomy":"product_tag","embeddable":true,"href":"https:\/\/chilimag.hu\/webshop\/wp-json\/wp\/v2\/product_tag?post=40313"}],"curies":[{"name":"wp","href":"https:\/\/api.w.org\/{rel}","templated":true}]}}