{"id":40309,"date":"2026-02-19T18:58:51","date_gmt":"2026-02-19T18:58:51","guid":{"rendered":"https:\/\/chilimag.hu\/webshop\/?post_type=product&#038;p=40309"},"modified":"2026-02-19T18:58:51","modified_gmt":"2026-02-19T18:58:51","slug":"budoske-tangerine-z-s-sl","status":"publish","type":"product","link":"https:\/\/chilimag.hu\/webshop\/termek\/budoske-tangerine-z-s-sl\/","title":{"rendered":"B\u00fcd\u00f6ske Tangerine Z.S SL"},"content":{"rendered":"","protected":false},"excerpt":{"rendered":"<p><img decoding=\"async\" class=\"sFlh5c FyHeAf\" src=\"https:\/\/encrypted-tbn0.gstatic.com\/images?q=tbn:ANd9GcSe3GiFpNk9Y7iYKvThN0eqSC89fSsWCj3MAw&amp;s\" alt=\"Parduotuv\u0117s | Zaliastotele.lt\" width=\"150\" height=\"51\" data-ilt=\"1771263544238\" \/><\/p>\n<p><strong>Term\u00e9kle\u00edr\u00e1s<\/strong><\/p>\n<p>&nbsp;<\/p>\n<p>Botanikai n\u00e9v:Tagetes patula L.<\/p>\n<p>Francia k\u00f6r\u00f6mvir\u00e1g | mandarin<br \/>\nEgyny\u00e1ri, 30 cm-es vir\u00e1gok. A vir\u00e1gok \u00e1tm\u00e9r\u0151je 5-6 cm. Napos \u00e9s \u00e1rny\u00e9kos helyen is n\u0151nek \u00e9s vir\u00e1goznak. Vir\u00e1goskertekben m\u00e1s \u00e9vel\u0151 \u00e9s egyny\u00e1ri vir\u00e1gokkal egy\u00fctt termeszthet\u0151, gyakran temet\u0151kben, erk\u00e9lyeken is termesztik. A k\u00f6r\u00f6mvir\u00e1gok \u00e9tel\u00edzes\u00edt\u0151k\u00e9nt, sal\u00e1tad\u00edsz\u00edt\u00e9sk\u00e9nt is alkalmasak. A k\u00f6r\u00f6mvir\u00e1gokat a hagym\u00e1s n\u00f6v\u00e9nyek ut\u00e1n vagy k\u00f6z\u00e9j\u00fck termesztik, hogy a talajb\u00f3l elt\u00e1vol\u00edts\u00e1k a k\u00e1rtev\u0151ket \u00e9s a betegs\u00e9geket.<\/p>\n<p>Magok sz\u00e1ma grammonk\u00e9nt 300-320<br \/>\nVet\u00e9si id\u0151 talajban V<br \/>\nVet\u00e9si id\u0151 pal\u00e1nt\u00e1kn\u00e1l III-IV<br \/>\nVet\u00e9si id\u0151 \u00fcvegh\u00e1zban III-IV<br \/>\nT\u00e1vols\u00e1gok, cm 20&#215;25<br \/>\nVir\u00e1gz\u00e1si id\u0151szak VI-IX<br \/>\nN\u00f6v\u00e9nymagass\u00e1g, cm 30<br \/>\nN\u00f6veked\u00e9si hely: Szabadf\u00f6ld, Erk\u00e9ly, Cser\u00e9p<br \/>\nM\u00e1rka: \u017dalia stotel\u0117<br \/>\n\u00dcltet\u00e9s: V-VI<br \/>\nSz\u00edn: Narancss\u00e1rga<br \/>\nCsomagol\u00e1s: 1 g<br \/>\nVeget\u00e1ci\u00f3: Egyny\u00e1ri<br \/>\nKl\u00edma: Napos<br \/>\nA csomagol\u00e1son felt\u00fcntetett nyelvek: EN, DE, LT, LV, EE<\/p>\n<p>&nbsp;<\/p>\n","protected":false},"featured_media":40310,"comment_status":"closed","ping_status":"closed","template":"","meta":[],"product_brand":[],"product_cat":[363],"product_tag":[],"class_list":{"0":"post-40309","1":"product","2":"type-product","3":"status-publish","4":"has-post-thumbnail","6":"product_cat-virag-vetomagok-zalia-stotele","8":"first","9":"instock","10":"taxable","11":"shipping-taxable","12":"purchasable","13":"product-type-simple"},"_links":{"self":[{"href":"https:\/\/chilimag.hu\/webshop\/wp-json\/wp\/v2\/product\/40309","targetHints":{"allow":["GET"]}}],"collection":[{"href":"https:\/\/chilimag.hu\/webshop\/wp-json\/wp\/v2\/product"}],"about":[{"href":"https:\/\/chilimag.hu\/webshop\/wp-json\/wp\/v2\/types\/product"}],"replies":[{"embeddable":true,"href":"https:\/\/chilimag.hu\/webshop\/wp-json\/wp\/v2\/comments?post=40309"}],"wp:featuredmedia":[{"embeddable":true,"href":"https:\/\/chilimag.hu\/webshop\/wp-json\/wp\/v2\/media\/40310"}],"wp:attachment":[{"href":"https:\/\/chilimag.hu\/webshop\/wp-json\/wp\/v2\/media?parent=40309"}],"wp:term":[{"taxonomy":"product_brand","embeddable":true,"href":"https:\/\/chilimag.hu\/webshop\/wp-json\/wp\/v2\/product_brand?post=40309"},{"taxonomy":"product_cat","embeddable":true,"href":"https:\/\/chilimag.hu\/webshop\/wp-json\/wp\/v2\/product_cat?post=40309"},{"taxonomy":"product_tag","embeddable":true,"href":"https:\/\/chilimag.hu\/webshop\/wp-json\/wp\/v2\/product_tag?post=40309"}],"curies":[{"name":"wp","href":"https:\/\/api.w.org\/{rel}","templated":true}]}}