{"id":40300,"date":"2026-02-19T18:31:49","date_gmt":"2026-02-19T18:31:49","guid":{"rendered":"https:\/\/chilimag.hu\/webshop\/?post_type=product&#038;p=40300"},"modified":"2026-02-19T18:31:49","modified_gmt":"2026-02-19T18:31:49","slug":"kokardavirag-burgundy-z-s-sl","status":"publish","type":"product","link":"https:\/\/chilimag.hu\/webshop\/termek\/kokardavirag-burgundy-z-s-sl\/","title":{"rendered":"Kok\u00e1rdavir\u00e1g Burgundy Z.S SL"},"content":{"rendered":"","protected":false},"excerpt":{"rendered":"<p><strong>Term\u00e9kle\u00edr\u00e1s<\/strong><\/p>\n<p>Botanikai n\u00e9v:Gaillardia aristata<\/p>\n<p>Kok\u00e1rdavir\u00e1g | Burgundia<br \/>\n\u00c9vel\u0151 n\u00f6v\u00e9ny, amely a vet\u00e9s ut\u00e1ni els\u0151 \u00e9vben vir\u00e1gzik, k\u00f6nnyen termeszthet\u0151. Kb. 30 cm-re n\u0151, kompakt n\u00f6veked\u00e9s\u0171, v\u00f6r\u00f6sesbarna vir\u00e1gai s\u00e1rga szirmv\u00e9gekkel. L\u00e1tv\u00e1nyos megjelen\u00e9s\u0171, a ny\u00e1r m\u00e1sodik fel\u00e9ben vir\u00e1gzik. A vir\u00e1gok annyira bebor\u00edtj\u00e1k a n\u00f6v\u00e9nyt, hogy a levelek alig l\u00e1tszanak. Az elny\u00edlt vir\u00e1gokat aj\u00e1nlott elt\u00e1vol\u00edtani. Nem ig\u00e9nyel k\u00fcl\u00f6nleges k\u00f6r\u00fclm\u00e9nyeket, napos helyen, j\u00f3 v\u00edzelvezet\u00e9s\u0171, m\u00e9rs\u00e9kelten term\u00e9keny talajban fejl\u0151dik j\u00f3l.<\/p>\n<p>Magok sz\u00e1ma grammonk\u00e9nt 340<br \/>\nVet\u00e9si id\u0151 talajban IV-V<br \/>\nPal\u00e1ntanevel\u00e9s III<br \/>\nVet\u00e9si id\u0151 \u00fcvegh\u00e1zban III<br \/>\nT\u00e1vols\u00e1gok, cm 35&#215;35<br \/>\nVir\u00e1gz\u00e1si id\u0151szak VI-X<br \/>\nN\u00f6v\u00e9nymagass\u00e1g, cm 60<br \/>\nN\u00f6veked\u00e9si hely: Sz\u00e1nt\u00f3f\u00f6ld, Erk\u00e9ly, Cser\u00e9pben<br \/>\nM\u00e1rka: \u017dalia stotel\u0117<br \/>\n\u00dcltet\u00e9s: V-VI<br \/>\nSz\u00edn: Piros<br \/>\nCsomagol\u00e1s: 0,5 g<br \/>\n\u00c9vel\u0151 n\u00f6v\u00e9nyzet<br \/>\nKl\u00edma: Napos<br \/>\nA csomagol\u00e1son felt\u00fcntetett nyelvek: DE, LT, LV, EE, EN<\/p>\n<p>&nbsp;<\/p>\n","protected":false},"featured_media":40301,"comment_status":"closed","ping_status":"closed","template":"","meta":[],"product_brand":[],"product_cat":[363],"product_tag":[],"class_list":{"0":"post-40300","1":"product","2":"type-product","3":"status-publish","4":"has-post-thumbnail","6":"product_cat-virag-vetomagok-zalia-stotele","8":"first","9":"instock","10":"taxable","11":"shipping-taxable","12":"purchasable","13":"product-type-simple"},"_links":{"self":[{"href":"https:\/\/chilimag.hu\/webshop\/wp-json\/wp\/v2\/product\/40300","targetHints":{"allow":["GET"]}}],"collection":[{"href":"https:\/\/chilimag.hu\/webshop\/wp-json\/wp\/v2\/product"}],"about":[{"href":"https:\/\/chilimag.hu\/webshop\/wp-json\/wp\/v2\/types\/product"}],"replies":[{"embeddable":true,"href":"https:\/\/chilimag.hu\/webshop\/wp-json\/wp\/v2\/comments?post=40300"}],"wp:featuredmedia":[{"embeddable":true,"href":"https:\/\/chilimag.hu\/webshop\/wp-json\/wp\/v2\/media\/40301"}],"wp:attachment":[{"href":"https:\/\/chilimag.hu\/webshop\/wp-json\/wp\/v2\/media?parent=40300"}],"wp:term":[{"taxonomy":"product_brand","embeddable":true,"href":"https:\/\/chilimag.hu\/webshop\/wp-json\/wp\/v2\/product_brand?post=40300"},{"taxonomy":"product_cat","embeddable":true,"href":"https:\/\/chilimag.hu\/webshop\/wp-json\/wp\/v2\/product_cat?post=40300"},{"taxonomy":"product_tag","embeddable":true,"href":"https:\/\/chilimag.hu\/webshop\/wp-json\/wp\/v2\/product_tag?post=40300"}],"curies":[{"name":"wp","href":"https:\/\/api.w.org\/{rel}","templated":true}]}}