{"id":40298,"date":"2026-02-19T18:27:34","date_gmt":"2026-02-19T18:27:34","guid":{"rendered":"https:\/\/chilimag.hu\/webshop\/?post_type=product&#038;p=40298"},"modified":"2026-04-30T06:15:38","modified_gmt":"2026-04-30T06:15:38","slug":"borso-tristar-z-s-sl","status":"publish","type":"product","link":"https:\/\/chilimag.hu\/webshop\/termek\/borso-tristar-z-s-sl\/","title":{"rendered":"Bors\u00f3 Tristar Z.S SL"},"content":{"rendered":"","protected":false},"excerpt":{"rendered":"<p><img decoding=\"async\" class=\"sFlh5c FyHeAf\" src=\"https:\/\/encrypted-tbn0.gstatic.com\/images?q=tbn:ANd9GcSe3GiFpNk9Y7iYKvThN0eqSC89fSsWCj3MAw&amp;s\" alt=\"Parduotuv\u0117s | Zaliastotele.lt\" width=\"150\" height=\"51\" data-ilt=\"1771263544238\" \/><\/p>\n<p><strong>Term\u00e9kle\u00edr\u00e1s<\/strong><\/p>\n<p>Botanikai n\u00e9v:Pisum sativum L.(partim)<\/p>\n<p>K\u00f6zepesen korai, betegs\u00e9g- \u00e9s hidegt\u0171r\u0151, nagyon b\u0151 term\u00e9shozam\u00fa bors\u00f3fajta. A n\u00f6v\u00e9nyek 70-90 cm magasra n\u0151nek, \u00e9s t\u00e1maszt\u00e9kot ig\u00e9nyelnek. Intern\u00f3dusonk\u00e9nt 3 h\u00fcg\u0151t hoznak. A h\u00fcvelyek k\u00f6r\u00fclbel\u00fcl 10 cm hossz\u00faak, 8-9 nagy bors\u00f3t tartalmaznak. A z\u00f6ldbors\u00f3 \u00e9des \u00e9s \u00edzletes. K\u00f6zepesen kem\u00e9ny, l\u00e9g- \u00e9s v\u00edz\u00e1tereszt\u0151 talajban fejl\u0151dik a legjobban.<\/p>\n<p>A fajta korais\u00e1ga K\u00f6zepesen korai<br \/>\nMagok sz\u00e1ma grammonk\u00e9nt 3-6<br \/>\nVet\u00e9si id\u0151 a talajban III-IV<br \/>\nT\u00e1p\u00e9rt\u00e9k, cm 40&#215;5-8<br \/>\nBetakar\u00edt\u00e1s VI-VII<br \/>\nTermeszhely T\u00e1bla<br \/>\nM\u00e1rka: \u017dalia stotel\u0117<br \/>\nSz\u00edn: Z\u00f6ld<br \/>\nCsomagol\u00e1s: 20 g<br \/>\nKl\u00edma: Napos<\/p>\n<p>&nbsp;<\/p>\n","protected":false},"featured_media":40299,"comment_status":"closed","ping_status":"closed","template":"","meta":[],"product_brand":[],"product_cat":[416],"product_tag":[],"class_list":{"0":"post-40298","1":"product","2":"type-product","3":"status-publish","4":"has-post-thumbnail","6":"product_cat-huvelyesek-vetomagok-zalia-stotele","8":"first","9":"instock","10":"taxable","11":"shipping-taxable","12":"purchasable","13":"product-type-simple"},"_links":{"self":[{"href":"https:\/\/chilimag.hu\/webshop\/wp-json\/wp\/v2\/product\/40298","targetHints":{"allow":["GET"]}}],"collection":[{"href":"https:\/\/chilimag.hu\/webshop\/wp-json\/wp\/v2\/product"}],"about":[{"href":"https:\/\/chilimag.hu\/webshop\/wp-json\/wp\/v2\/types\/product"}],"replies":[{"embeddable":true,"href":"https:\/\/chilimag.hu\/webshop\/wp-json\/wp\/v2\/comments?post=40298"}],"wp:featuredmedia":[{"embeddable":true,"href":"https:\/\/chilimag.hu\/webshop\/wp-json\/wp\/v2\/media\/40299"}],"wp:attachment":[{"href":"https:\/\/chilimag.hu\/webshop\/wp-json\/wp\/v2\/media?parent=40298"}],"wp:term":[{"taxonomy":"product_brand","embeddable":true,"href":"https:\/\/chilimag.hu\/webshop\/wp-json\/wp\/v2\/product_brand?post=40298"},{"taxonomy":"product_cat","embeddable":true,"href":"https:\/\/chilimag.hu\/webshop\/wp-json\/wp\/v2\/product_cat?post=40298"},{"taxonomy":"product_tag","embeddable":true,"href":"https:\/\/chilimag.hu\/webshop\/wp-json\/wp\/v2\/product_tag?post=40298"}],"curies":[{"name":"wp","href":"https:\/\/api.w.org\/{rel}","templated":true}]}}