{"id":40295,"date":"2026-02-19T18:24:09","date_gmt":"2026-02-19T18:24:09","guid":{"rendered":"https:\/\/chilimag.hu\/webshop\/?post_type=product&#038;p=40295"},"modified":"2026-02-19T18:24:09","modified_gmt":"2026-02-19T18:24:09","slug":"hagyma-augusta-z-s-sl","status":"publish","type":"product","link":"https:\/\/chilimag.hu\/webshop\/termek\/hagyma-augusta-z-s-sl\/","title":{"rendered":"Hagyma Augusta Z.S SL"},"content":{"rendered":"","protected":false},"excerpt":{"rendered":"<p><img decoding=\"async\" class=\"sFlh5c FyHeAf\" src=\"https:\/\/encrypted-tbn0.gstatic.com\/images?q=tbn:ANd9GcSe3GiFpNk9Y7iYKvThN0eqSC89fSsWCj3MAw&amp;s\" alt=\"Parduotuv\u0117s | Zaliastotele.lt\" width=\"150\" height=\"51\" data-ilt=\"1771263544238\" \/><\/p>\n<p><strong>Term\u00e9kle\u00edr\u00e1s<\/strong><\/p>\n<p>&nbsp;<\/p>\n<p>Botanikai n\u00e9v: Alium cepa L.<\/p>\n<p>Magas hozam\u00fa, \u00e1ttelel\u0151, egyhagym\u00e1s hagymafajta. K\u00fcl\u00f6n\u00f6sen alkalmas \u0151szi vet\u00e9sre \u00e9s kora ny\u00e1ri betakar\u00edt\u00e1sra. Ellen\u00e1ll az alacsony h\u0151m\u00e9rs\u00e9kletnek. A hagym\u00e1k k\u00f6zepes m\u00e9ret\u0171ek, k\u00f6r\u00fclbel\u00fcl 80-110 g s\u00faly\u00faak, laposak, \u00edz\u00fck f\u00e9lig cs\u00edp\u0151s. Friss fogyaszt\u00e1sra \u00e9s r\u00f6vid t\u00e1v\u00fa t\u00e1rol\u00e1sra alkalmasak.<\/p>\n<p>Korai fajta korais\u00e1ga<br \/>\nMagok sz\u00e1ma grammonk\u00e9nt 250-450<br \/>\nVet\u00e9si id\u0151 a talajban VIII-IX<br \/>\nT\u00e1pt\u00e1vols\u00e1g, cm 30&#215;7<br \/>\nBetakar\u00edt\u00e1s VI-VII<br \/>\nTermesztet\u0151 hely T\u00e1bla<br \/>\nM\u00e1rka: \u017dalia stotel\u0117<br \/>\nSz\u00edn: S\u00e1rga<br \/>\nCsomagol\u00e1s: 1 g<br \/>\nKl\u00edma: Napos<\/p>\n<p>&nbsp;<\/p>\n","protected":false},"featured_media":40297,"comment_status":"closed","ping_status":"closed","template":"","meta":[],"product_brand":[],"product_cat":[417],"product_tag":[],"class_list":{"0":"post-40295","1":"product","2":"type-product","3":"status-publish","4":"has-post-thumbnail","6":"product_cat-hagyma-vetomagok-zalia-stotele","8":"first","9":"instock","10":"taxable","11":"shipping-taxable","12":"purchasable","13":"product-type-simple"},"_links":{"self":[{"href":"https:\/\/chilimag.hu\/webshop\/wp-json\/wp\/v2\/product\/40295","targetHints":{"allow":["GET"]}}],"collection":[{"href":"https:\/\/chilimag.hu\/webshop\/wp-json\/wp\/v2\/product"}],"about":[{"href":"https:\/\/chilimag.hu\/webshop\/wp-json\/wp\/v2\/types\/product"}],"replies":[{"embeddable":true,"href":"https:\/\/chilimag.hu\/webshop\/wp-json\/wp\/v2\/comments?post=40295"}],"wp:featuredmedia":[{"embeddable":true,"href":"https:\/\/chilimag.hu\/webshop\/wp-json\/wp\/v2\/media\/40297"}],"wp:attachment":[{"href":"https:\/\/chilimag.hu\/webshop\/wp-json\/wp\/v2\/media?parent=40295"}],"wp:term":[{"taxonomy":"product_brand","embeddable":true,"href":"https:\/\/chilimag.hu\/webshop\/wp-json\/wp\/v2\/product_brand?post=40295"},{"taxonomy":"product_cat","embeddable":true,"href":"https:\/\/chilimag.hu\/webshop\/wp-json\/wp\/v2\/product_cat?post=40295"},{"taxonomy":"product_tag","embeddable":true,"href":"https:\/\/chilimag.hu\/webshop\/wp-json\/wp\/v2\/product_tag?post=40295"}],"curies":[{"name":"wp","href":"https:\/\/api.w.org\/{rel}","templated":true}]}}