{"id":40291,"date":"2026-02-19T18:05:56","date_gmt":"2026-02-19T18:05:56","guid":{"rendered":"https:\/\/chilimag.hu\/webshop\/?post_type=product&#038;p=40291"},"modified":"2026-02-19T18:05:56","modified_gmt":"2026-02-19T18:05:56","slug":"salata-iratxe-z-s-sl","status":"publish","type":"product","link":"https:\/\/chilimag.hu\/webshop\/termek\/salata-iratxe-z-s-sl\/","title":{"rendered":"Sal\u00e1ta Iratxe Z.S SL"},"content":{"rendered":"","protected":false},"excerpt":{"rendered":"<p><img decoding=\"async\" class=\"sFlh5c FyHeAf\" src=\"https:\/\/encrypted-tbn0.gstatic.com\/images?q=tbn:ANd9GcSe3GiFpNk9Y7iYKvThN0eqSC89fSsWCj3MAw&amp;s\" alt=\"Parduotuv\u0117s | Zaliastotele.lt\" width=\"150\" height=\"51\" data-ilt=\"1771263544238\" \/><\/p>\n<p><strong>Term\u00e9kle\u00edr\u00e1s<\/strong><\/p>\n<p>&nbsp;<\/p>\n<p>Botanikai n\u00e9v:Lactuca sativa L.<\/p>\n<p>K\u00f6zepesen korai &#8216;Batavia&#8217; t\u00edpus\u00fa sal\u00e1ta. A fajta ellen\u00e1ll a betegs\u00e9geknek. A n\u00f6v\u00e9ny ny\u00edlt n\u00f6veked\u00e9s\u0171 \u00e9s nagy. Levelei vil\u00e1gosz\u00f6ldek, hull\u00e1mos sz\u00e9lekkel, ropog\u00f3sak \u00e9s j\u00f3 \u00edz\u0171ek. Ez a fajta alkalmas apr\u00f3 levelek termeszt\u00e9s\u00e9re. Szabadban termeszthet\u0151. A magokat k\u00f6zvetlen\u00fcl a talajba vetik, vagy pal\u00e1nt\u00e1kat \u00fcltetnek. Humuszban gazdag, v\u00edz\u00e1tereszt\u0151 talajban fejl\u0151dik a legjobban.<\/p>\n<p>A fajta korais\u00e1ga K\u00f6zepesen korai<br \/>\nMagok sz\u00e1ma grammonk\u00e9nt 700-1200<br \/>\nVet\u00e9si id\u0151 talajban IV-VI<br \/>\nPal\u00e1nta vet\u00e9si ideje III-IV<br \/>\nT\u00e1vols\u00e1gok, cm 30&#215;30<br \/>\nBetakar\u00edt\u00e1s IV-VIII<br \/>\nTermesztet\u0151 hely T\u00e1bla<br \/>\nM\u00e1rkan\u00e9v: \u017dalia stotel\u0117<br \/>\nSz\u00edn: Z\u00f6ld<br \/>\nCsomagol\u00e1s: 1 g<br \/>\nKl\u00edma: Napos<\/p>\n<p>&nbsp;<\/p>\n","protected":false},"featured_media":40293,"comment_status":"closed","ping_status":"closed","template":"","meta":[],"product_brand":[],"product_cat":[357],"product_tag":[],"class_list":{"0":"post-40291","1":"product","2":"type-product","3":"status-publish","4":"has-post-thumbnail","6":"product_cat-retek-salata-es-levelzoldseg-vetomagok","8":"first","9":"instock","10":"taxable","11":"shipping-taxable","12":"purchasable","13":"product-type-simple"},"_links":{"self":[{"href":"https:\/\/chilimag.hu\/webshop\/wp-json\/wp\/v2\/product\/40291","targetHints":{"allow":["GET"]}}],"collection":[{"href":"https:\/\/chilimag.hu\/webshop\/wp-json\/wp\/v2\/product"}],"about":[{"href":"https:\/\/chilimag.hu\/webshop\/wp-json\/wp\/v2\/types\/product"}],"replies":[{"embeddable":true,"href":"https:\/\/chilimag.hu\/webshop\/wp-json\/wp\/v2\/comments?post=40291"}],"wp:featuredmedia":[{"embeddable":true,"href":"https:\/\/chilimag.hu\/webshop\/wp-json\/wp\/v2\/media\/40293"}],"wp:attachment":[{"href":"https:\/\/chilimag.hu\/webshop\/wp-json\/wp\/v2\/media?parent=40291"}],"wp:term":[{"taxonomy":"product_brand","embeddable":true,"href":"https:\/\/chilimag.hu\/webshop\/wp-json\/wp\/v2\/product_brand?post=40291"},{"taxonomy":"product_cat","embeddable":true,"href":"https:\/\/chilimag.hu\/webshop\/wp-json\/wp\/v2\/product_cat?post=40291"},{"taxonomy":"product_tag","embeddable":true,"href":"https:\/\/chilimag.hu\/webshop\/wp-json\/wp\/v2\/product_tag?post=40291"}],"curies":[{"name":"wp","href":"https:\/\/api.w.org\/{rel}","templated":true}]}}