{"id":40289,"date":"2026-02-19T18:01:12","date_gmt":"2026-02-19T18:01:12","guid":{"rendered":"https:\/\/chilimag.hu\/webshop\/?post_type=product&#038;p=40289"},"modified":"2026-02-19T18:01:12","modified_gmt":"2026-02-19T18:01:12","slug":"salata-humil-z-s-sl","status":"publish","type":"product","link":"https:\/\/chilimag.hu\/webshop\/termek\/salata-humil-z-s-sl\/","title":{"rendered":"Sal\u00e1ta Humil Z.S SL"},"content":{"rendered":"","protected":false},"excerpt":{"rendered":"<p><img decoding=\"async\" class=\"sFlh5c FyHeAf\" src=\"https:\/\/encrypted-tbn0.gstatic.com\/images?q=tbn:ANd9GcSe3GiFpNk9Y7iYKvThN0eqSC89fSsWCj3MAw&amp;s\" alt=\"Parduotuv\u0117s | Zaliastotele.lt\" width=\"150\" height=\"51\" data-ilt=\"1771263544238\" \/><\/p>\n<p><strong>Term\u00e9kle\u00edr\u00e1s\u00a0<\/strong><\/p>\n<p>Botanikai n\u00e9v:Lactuca sativa L.<\/p>\n<p>Vajfej\u0171 sal\u00e1ta. Jellegzetes \u00e1ttelel\u0151 fajta, k\u00fcl\u00f6n\u00f6sen alkalmas \u0151szi vet\u00e9sre \u00e9s rendk\u00edv\u00fcl korai tavaszi betakar\u00edt\u00e1sra. Eg\u00e9sz \u00e9vben termeszthet\u0151 szabadban, fedett helyen \u00e9s \u00fcvegh\u00e1zban. A fej z\u00e1rt t\u00edpus\u00fa, vil\u00e1gosz\u00f6ld, sima, f\u00e9nyes, kiv\u00e1l\u00f3 \u00edz\u0171 \u00e9s text\u00far\u00e1j\u00fa levelekkel. Legjobban homokos v\u00e1lyog- vagy k\u00f6nny\u0171 v\u00e1lyogtalajban, j\u00f3l el\u0151k\u00e9sz\u00edtett, gyommentes talajban fejl\u0151dik.<\/p>\n<p>Korai fajta korais\u00e1ga<br \/>\nMagok sz\u00e1ma grammonk\u00e9nt 700-1200<br \/>\nVet\u00e9si id\u0151 talajban IV-IX<br \/>\nPal\u00e1nta vet\u00e9si ideje IV-IX<br \/>\nT\u00e1vols\u00e1gok, cm 20&#215;25<br \/>\nBetakar\u00edt\u00e1s I-XII<br \/>\nTermesztet\u0151 hely: Szabadf\u00f6ld, \u00dcvegh\u00e1zban<br \/>\nM\u00e1rka: \u017dalia stotel\u0117<br \/>\nSz\u00edn: Z\u00f6ld<br \/>\nCsomagol\u00e1s: 1 g<br \/>\nKl\u00edma: Napos<\/p>\n<p>&nbsp;<\/p>\n","protected":false},"featured_media":40290,"comment_status":"closed","ping_status":"closed","template":"","meta":[],"product_brand":[],"product_cat":[357],"product_tag":[],"class_list":{"0":"post-40289","1":"product","2":"type-product","3":"status-publish","4":"has-post-thumbnail","6":"product_cat-retek-salata-es-levelzoldseg-vetomagok","8":"first","9":"instock","10":"taxable","11":"shipping-taxable","12":"purchasable","13":"product-type-simple"},"_links":{"self":[{"href":"https:\/\/chilimag.hu\/webshop\/wp-json\/wp\/v2\/product\/40289","targetHints":{"allow":["GET"]}}],"collection":[{"href":"https:\/\/chilimag.hu\/webshop\/wp-json\/wp\/v2\/product"}],"about":[{"href":"https:\/\/chilimag.hu\/webshop\/wp-json\/wp\/v2\/types\/product"}],"replies":[{"embeddable":true,"href":"https:\/\/chilimag.hu\/webshop\/wp-json\/wp\/v2\/comments?post=40289"}],"wp:featuredmedia":[{"embeddable":true,"href":"https:\/\/chilimag.hu\/webshop\/wp-json\/wp\/v2\/media\/40290"}],"wp:attachment":[{"href":"https:\/\/chilimag.hu\/webshop\/wp-json\/wp\/v2\/media?parent=40289"}],"wp:term":[{"taxonomy":"product_brand","embeddable":true,"href":"https:\/\/chilimag.hu\/webshop\/wp-json\/wp\/v2\/product_brand?post=40289"},{"taxonomy":"product_cat","embeddable":true,"href":"https:\/\/chilimag.hu\/webshop\/wp-json\/wp\/v2\/product_cat?post=40289"},{"taxonomy":"product_tag","embeddable":true,"href":"https:\/\/chilimag.hu\/webshop\/wp-json\/wp\/v2\/product_tag?post=40289"}],"curies":[{"name":"wp","href":"https:\/\/api.w.org\/{rel}","templated":true}]}}