{"id":40287,"date":"2026-02-19T17:57:49","date_gmt":"2026-02-19T17:57:49","guid":{"rendered":"https:\/\/chilimag.hu\/webshop\/?post_type=product&#038;p=40287"},"modified":"2026-02-19T17:57:58","modified_gmt":"2026-02-19T17:57:58","slug":"paradicsom-portugues-hibrid-z-s-sl","status":"publish","type":"product","link":"https:\/\/chilimag.hu\/webshop\/termek\/paradicsom-portugues-hibrid-z-s-sl\/","title":{"rendered":"Paradicsom PORTUGUES Hibrid Z.S SL"},"content":{"rendered":"","protected":false},"excerpt":{"rendered":"<p><img decoding=\"async\" class=\"sFlh5c FyHeAf\" src=\"https:\/\/encrypted-tbn0.gstatic.com\/images?q=tbn:ANd9GcSe3GiFpNk9Y7iYKvThN0eqSC89fSsWCj3MAw&amp;s\" alt=\"Parduotuv\u0117s | Zaliastotele.lt\" width=\"150\" height=\"51\" data-ilt=\"1771263544238\" \/><\/p>\n<p><strong>Term\u00e9kle\u00edr\u00e1s<\/strong><\/p>\n<p>&nbsp;<\/p>\n<p>Botanikai n\u00e9v: Solanum Lycopersicum<\/p>\n<p>K\u00f6zepesen korai, betegs\u00e9g-ellen\u00e1ll\u00f3, b\u0151 hozam\u00fa &#8216;beefsteak&#8217; t\u00edpus\u00fa, magas hibrid. A gy\u00fcm\u00f6lcs\u00f6k nagyok, k\u00f6rte alak\u00faak, bord\u00e1zottak, 350-400 g vagy ann\u00e1l nagyobb s\u00faly\u00faak. A fajta paradicsoma h\u00fasos, nagyon \u00edzletes, egyenletes alak\u00fa \u00e9s m\u00e9ret\u0171, \u00e9s ellen\u00e1ll a reped\u00e9snek. Friss fogyaszt\u00e1sra, gy\u00fcm\u00f6lcsl\u00e9k k\u00e9sz\u00edt\u00e9s\u00e9re \u00e9s sz\u00f3szok k\u00e9sz\u00edt\u00e9s\u00e9re alkalmas. \u00dcvegh\u00e1zban termeszthet\u0151. Legjobban 22-24 \u00b0C h\u0151m\u00e9rs\u00e9kleten fejl\u0151dik.<\/p>\n<p>A fajta korais\u00e1ga K\u00f6zepesen korai<\/p>\n<p>Pal\u00e1nta vet\u00e9sideje III-IV<\/p>\n<p>T\u00e1p\u00e9rt\u00e9k, cm: 90&#215;40<\/p>\n<p>N\u00f6v\u00e9nymagass\u00e1g Magas<\/p>\n<p>Sz\u00fcret VII-IX<\/p>\n<p>Teny\u00e9szt\u00e9si hely: \u00dcvegh\u00e1zban<\/p>\n<p>M\u00e1rka: \u017dalia stotel\u0117<\/p>\n<p>Sz\u00edn: Piros<br \/>\nCsomagol\u00e1s: 10 mp<br \/>\nKl\u00edma: Napos<\/p>\n<p>&nbsp;<\/p>\n","protected":false},"featured_media":40288,"comment_status":"closed","ping_status":"closed","template":"","meta":[],"product_brand":[],"product_cat":[413],"product_tag":[],"class_list":{"0":"post-40287","1":"product","2":"type-product","3":"status-publish","4":"has-post-thumbnail","6":"product_cat-paradicsom-vetomagok-zalia-stotele","8":"first","9":"instock","10":"taxable","11":"shipping-taxable","12":"purchasable","13":"product-type-simple"},"_links":{"self":[{"href":"https:\/\/chilimag.hu\/webshop\/wp-json\/wp\/v2\/product\/40287","targetHints":{"allow":["GET"]}}],"collection":[{"href":"https:\/\/chilimag.hu\/webshop\/wp-json\/wp\/v2\/product"}],"about":[{"href":"https:\/\/chilimag.hu\/webshop\/wp-json\/wp\/v2\/types\/product"}],"replies":[{"embeddable":true,"href":"https:\/\/chilimag.hu\/webshop\/wp-json\/wp\/v2\/comments?post=40287"}],"wp:featuredmedia":[{"embeddable":true,"href":"https:\/\/chilimag.hu\/webshop\/wp-json\/wp\/v2\/media\/40288"}],"wp:attachment":[{"href":"https:\/\/chilimag.hu\/webshop\/wp-json\/wp\/v2\/media?parent=40287"}],"wp:term":[{"taxonomy":"product_brand","embeddable":true,"href":"https:\/\/chilimag.hu\/webshop\/wp-json\/wp\/v2\/product_brand?post=40287"},{"taxonomy":"product_cat","embeddable":true,"href":"https:\/\/chilimag.hu\/webshop\/wp-json\/wp\/v2\/product_cat?post=40287"},{"taxonomy":"product_tag","embeddable":true,"href":"https:\/\/chilimag.hu\/webshop\/wp-json\/wp\/v2\/product_tag?post=40287"}],"curies":[{"name":"wp","href":"https:\/\/api.w.org\/{rel}","templated":true}]}}