{"id":40284,"date":"2026-02-19T17:53:58","date_gmt":"2026-02-19T17:53:58","guid":{"rendered":"https:\/\/chilimag.hu\/webshop\/?post_type=product&#038;p=40284"},"modified":"2026-03-31T22:31:41","modified_gmt":"2026-03-31T22:31:41","slug":"paradicsom-peardrops-z-s-sl","status":"publish","type":"product","link":"https:\/\/chilimag.hu\/webshop\/termek\/paradicsom-peardrops-z-s-sl\/","title":{"rendered":"Paradicsom Peardrops Z.s SL"},"content":{"rendered":"","protected":false},"excerpt":{"rendered":"<p><img decoding=\"async\" class=\"sFlh5c FyHeAf\" src=\"https:\/\/encrypted-tbn0.gstatic.com\/images?q=tbn:ANd9GcSe3GiFpNk9Y7iYKvThN0eqSC89fSsWCj3MAw&amp;s\" alt=\"Parduotuv\u0117s | Zaliastotele.lt\" width=\"150\" height=\"51\" data-ilt=\"1771263544238\" \/><\/p>\n<p><strong>Term\u00e9kle\u00edr\u00e1s<\/strong><\/p>\n<p>&nbsp;<\/p>\n<p>Botanikai n\u00e9v: Solanum Lycopersicum<\/p>\n<p>Nagyon term\u00e9keny \u00e9s d\u00edszes fajta. Cser\u00e9pben, kont\u00e9nerben, de leggyakrabban f\u00fcgg\u0151kosarakban termeszthet\u0151, erk\u00e9lyek, teraszok vagy \u00fcvegh\u00e1zak d\u00edsz\u00edt\u00e9s\u00e9re &#8211; az \u00e1gak lehajlanak, apr\u00f3, s\u00e1rga, k\u00f6rte alak\u00fa, \u00e9des kokt\u00e9lparadicsomok bor\u00edtj\u00e1k. N\u00f6v\u00e9nyenk\u00e9nt \u00e9s szezonban k\u00f6r\u00fclbel\u00fcl 2-3 kg term\u00e9st lehet betakar\u00edtani. A fajta tov\u00e1bbi el\u0151nye, hogy nem ig\u00e9nyel metsz\u00e9st vagy k\u00f6t\u00f6z\u00e9st.<\/p>\n<p>A fajta korais\u00e1ga K\u00f6zepesen korai<br \/>\nMagok sz\u00e1ma grammonk\u00e9nt 500-700<br \/>\nVet\u00e9si id\u0151 pal\u00e1nt\u00e1kra III-IV<br \/>\nN\u00f6v\u00e9nymagass\u00e1g T\u00f6rpe<br \/>\nSz\u00fcret VII-IX<br \/>\nTermeszhely Szabadf\u00f6ld\u00f6n, \u00dcvegh\u00e1zban, Cser\u00e9pben<br \/>\nM\u00e1rka: \u017dalia stotel\u0117<br \/>\nSz\u00edn: S\u00e1rga<br \/>\nCsomagol\u00e1s: 0,1 g<br \/>\nKl\u00edma: Napos<\/p>\n<p>&nbsp;<\/p>\n<p>&nbsp;<\/p>\n","protected":false},"featured_media":40285,"comment_status":"closed","ping_status":"closed","template":"","meta":[],"product_brand":[],"product_cat":[413],"product_tag":[],"class_list":{"0":"post-40284","1":"product","2":"type-product","3":"status-publish","4":"has-post-thumbnail","6":"product_cat-paradicsom-vetomagok-zalia-stotele","8":"first","9":"instock","10":"taxable","11":"shipping-taxable","12":"purchasable","13":"product-type-simple"},"_links":{"self":[{"href":"https:\/\/chilimag.hu\/webshop\/wp-json\/wp\/v2\/product\/40284","targetHints":{"allow":["GET"]}}],"collection":[{"href":"https:\/\/chilimag.hu\/webshop\/wp-json\/wp\/v2\/product"}],"about":[{"href":"https:\/\/chilimag.hu\/webshop\/wp-json\/wp\/v2\/types\/product"}],"replies":[{"embeddable":true,"href":"https:\/\/chilimag.hu\/webshop\/wp-json\/wp\/v2\/comments?post=40284"}],"wp:featuredmedia":[{"embeddable":true,"href":"https:\/\/chilimag.hu\/webshop\/wp-json\/wp\/v2\/media\/40285"}],"wp:attachment":[{"href":"https:\/\/chilimag.hu\/webshop\/wp-json\/wp\/v2\/media?parent=40284"}],"wp:term":[{"taxonomy":"product_brand","embeddable":true,"href":"https:\/\/chilimag.hu\/webshop\/wp-json\/wp\/v2\/product_brand?post=40284"},{"taxonomy":"product_cat","embeddable":true,"href":"https:\/\/chilimag.hu\/webshop\/wp-json\/wp\/v2\/product_cat?post=40284"},{"taxonomy":"product_tag","embeddable":true,"href":"https:\/\/chilimag.hu\/webshop\/wp-json\/wp\/v2\/product_tag?post=40284"}],"curies":[{"name":"wp","href":"https:\/\/api.w.org\/{rel}","templated":true}]}}