{"id":40261,"date":"2026-02-19T12:14:40","date_gmt":"2026-02-19T12:14:40","guid":{"rendered":"https:\/\/chilimag.hu\/webshop\/?post_type=product&#038;p=40261"},"modified":"2026-02-19T12:14:40","modified_gmt":"2026-02-19T12:14:40","slug":"sargarepa-norwich-hibrid-z-s-sl","status":"publish","type":"product","link":"https:\/\/chilimag.hu\/webshop\/termek\/sargarepa-norwich-hibrid-z-s-sl\/","title":{"rendered":"S\u00e1rgar\u00e9pa NORWICH Hibrid Z.S SL"},"content":{"rendered":"","protected":false},"excerpt":{"rendered":"<p><img decoding=\"async\" class=\"sFlh5c FyHeAf\" src=\"https:\/\/encrypted-tbn0.gstatic.com\/images?q=tbn:ANd9GcSe3GiFpNk9Y7iYKvThN0eqSC89fSsWCj3MAw&amp;s\" alt=\"Parduotuv\u0117s | Zaliastotele.lt\" width=\"150\" height=\"51\" data-ilt=\"1771263544238\" \/><\/p>\n<p><strong>Term\u00e9kle\u00edr\u00e1s<\/strong><\/p>\n<p>Botanikai n\u00e9v:Daucus carota L.<\/p>\n<p>Korai, b\u0151 term\u0151k\u00e9pess\u00e9g\u0171, betegs\u00e9g-ellen\u00e1ll\u00f3 &#8216;Nantes&#8217; t\u00edpus\u00fa hibrid. Veget\u00e1ci\u00f3s id\u0151szak: cs\u00edr\u00e1z\u00e1st\u00f3l sz\u00e1m\u00edtott 96 nap. J\u00faniusi vet\u00e9s ut\u00e1n m\u00e1rciusig t\u00e1rolhat\u00f3. A gy\u00f6k\u00e9rn\u00f6v\u00e9nyek k\u00f6zepes m\u00e9ret\u0171ek, nagyon simaak, \u00e9l\u00e9nk sz\u00edn\u0171ek \u00e9s \u00edzletesek. A lombozat kompakt \u00e9s fel\u00e1ll\u00f3. Ez a fajta k\u00fcl\u00f6n\u00f6sen alkalmas \u0151szi vet\u00e9sre. Ha a magokat cs\u00e1v\u00e1zz\u00e1k, a kezel\u00e9s nev\u00e9t a csomagol\u00e1s alj\u00e1n felt\u00fcntetik.<\/p>\n<p>Korai fajta korais\u00e1ga<br \/>\nMagok sz\u00e1ma grammonk\u00e9nt 800-1000<br \/>\nVet\u00e9si id\u0151 a talajban III-VI, X<br \/>\nT\u00e1vols\u00e1gok, cm 25&#215;5<br \/>\nBetakar\u00edt\u00e1s VI-IX<br \/>\nTermesztet\u0151 hely T\u00e1bla<br \/>\nM\u00e1rka: \u017dalia stotel\u0117<br \/>\nSz\u00edn: Narancss\u00e1rga<br \/>\nCsomagol\u00e1s: 1 g<br \/>\nKl\u00edma: Napos<\/p>\n<p>&nbsp;<\/p>\n","protected":false},"featured_media":40262,"comment_status":"closed","ping_status":"closed","template":"","meta":[],"product_brand":[],"product_cat":[408],"product_tag":[],"class_list":{"0":"post-40261","1":"product","2":"type-product","3":"status-publish","4":"has-post-thumbnail","6":"product_cat-zoldseg-vetomagok-zalia-stotele","8":"first","9":"instock","10":"taxable","11":"shipping-taxable","12":"purchasable","13":"product-type-simple"},"_links":{"self":[{"href":"https:\/\/chilimag.hu\/webshop\/wp-json\/wp\/v2\/product\/40261","targetHints":{"allow":["GET"]}}],"collection":[{"href":"https:\/\/chilimag.hu\/webshop\/wp-json\/wp\/v2\/product"}],"about":[{"href":"https:\/\/chilimag.hu\/webshop\/wp-json\/wp\/v2\/types\/product"}],"replies":[{"embeddable":true,"href":"https:\/\/chilimag.hu\/webshop\/wp-json\/wp\/v2\/comments?post=40261"}],"wp:featuredmedia":[{"embeddable":true,"href":"https:\/\/chilimag.hu\/webshop\/wp-json\/wp\/v2\/media\/40262"}],"wp:attachment":[{"href":"https:\/\/chilimag.hu\/webshop\/wp-json\/wp\/v2\/media?parent=40261"}],"wp:term":[{"taxonomy":"product_brand","embeddable":true,"href":"https:\/\/chilimag.hu\/webshop\/wp-json\/wp\/v2\/product_brand?post=40261"},{"taxonomy":"product_cat","embeddable":true,"href":"https:\/\/chilimag.hu\/webshop\/wp-json\/wp\/v2\/product_cat?post=40261"},{"taxonomy":"product_tag","embeddable":true,"href":"https:\/\/chilimag.hu\/webshop\/wp-json\/wp\/v2\/product_tag?post=40261"}],"curies":[{"name":"wp","href":"https:\/\/api.w.org\/{rel}","templated":true}]}}