{"id":40259,"date":"2026-02-19T12:09:34","date_gmt":"2026-02-19T12:09:34","guid":{"rendered":"https:\/\/chilimag.hu\/webshop\/?post_type=product&#038;p=40259"},"modified":"2026-02-19T12:09:34","modified_gmt":"2026-02-19T12:09:34","slug":"kaposzta-megaton-hibrid-z-s-sl","status":"publish","type":"product","link":"https:\/\/chilimag.hu\/webshop\/termek\/kaposzta-megaton-hibrid-z-s-sl\/","title":{"rendered":"K\u00e1poszta Megaton Hibrid Z.S SL"},"content":{"rendered":"","protected":false},"excerpt":{"rendered":"<p><img decoding=\"async\" class=\"sFlh5c FyHeAf\" src=\"https:\/\/encrypted-tbn0.gstatic.com\/images?q=tbn:ANd9GcSe3GiFpNk9Y7iYKvThN0eqSC89fSsWCj3MAw&amp;s\" alt=\"Parduotuv\u0117s | Zaliastotele.lt\" width=\"150\" height=\"51\" data-ilt=\"1771263544238\" \/><\/p>\n<p><strong>Term\u00e9kle\u00edr\u00e1s<\/strong><\/p>\n<p>&nbsp;<\/p>\n<p>Botanikai n\u00e9v:Brassica oleracea L.<\/p>\n<p>K\u00f6zepesen k\u00e9s\u0151i hibrid, ide\u00e1lis erjeszt\u00e9sre. A veget\u00e1ci\u00f3s id\u0151szak a cs\u00edr\u00e1z\u00e1st\u00f3l sz\u00e1m\u00edtva 102 nap. A k\u00e1poszta nagyon intenz\u00edven n\u0151, s\u0171r\u0171, nagyon nagy, ak\u00e1r 10 kg-os fejeket k\u00e9pez. A k\u00e1poszta \u00e9des, ropog\u00f3s \u00e9s l\u00e9d\u00fas. A hibrid ellen\u00e1ll a fuz\u00e1rium hervad\u00e1s\u00e1nak. Ha a magokat cs\u00e1v\u00e1zz\u00e1k, a kezel\u00e9s neve a csomagol\u00e1s alj\u00e1n tal\u00e1lhat\u00f3. Az \u00f3vint\u00e9zked\u00e9sekre \u00e9s a biztons\u00e1gi inform\u00e1ci\u00f3k a csomagol\u00e1s belsej\u00e9ben tal\u00e1lhat\u00f3k.<\/p>\n<p>A fajta korais\u00e1ga K\u00f6zepesen k\u00e9s\u0151i<br \/>\nPal\u00e1ntanevel\u00e9si id\u0151 III-IV<br \/>\nT\u00e1p\u00e9rt\u00e9k, cm 70-80&#215;50<br \/>\nBetakar\u00edt\u00e1s VIII-IX<br \/>\nTermesztet\u0151 hely T\u00e1bla<br \/>\nM\u00e1rka: \u017dalia stotel\u0117<br \/>\nIpari felhaszn\u00e1l\u00e1sra alkalmas Igen<br \/>\nSz\u00edn: Z\u00f6ld<br \/>\nCsomagol\u00e1s: 20 s<br \/>\nKl\u00edma: Napos<\/p>\n<p>&nbsp;<\/p>\n","protected":false},"featured_media":40260,"comment_status":"closed","ping_status":"closed","template":"","meta":[],"product_brand":[],"product_cat":[415],"product_tag":[],"class_list":{"0":"post-40259","1":"product","2":"type-product","3":"status-publish","4":"has-post-thumbnail","6":"product_cat-kaposzta-es-karfiol-vetomagok-zalia-stotele","8":"first","9":"instock","10":"taxable","11":"shipping-taxable","12":"purchasable","13":"product-type-simple"},"_links":{"self":[{"href":"https:\/\/chilimag.hu\/webshop\/wp-json\/wp\/v2\/product\/40259","targetHints":{"allow":["GET"]}}],"collection":[{"href":"https:\/\/chilimag.hu\/webshop\/wp-json\/wp\/v2\/product"}],"about":[{"href":"https:\/\/chilimag.hu\/webshop\/wp-json\/wp\/v2\/types\/product"}],"replies":[{"embeddable":true,"href":"https:\/\/chilimag.hu\/webshop\/wp-json\/wp\/v2\/comments?post=40259"}],"wp:featuredmedia":[{"embeddable":true,"href":"https:\/\/chilimag.hu\/webshop\/wp-json\/wp\/v2\/media\/40260"}],"wp:attachment":[{"href":"https:\/\/chilimag.hu\/webshop\/wp-json\/wp\/v2\/media?parent=40259"}],"wp:term":[{"taxonomy":"product_brand","embeddable":true,"href":"https:\/\/chilimag.hu\/webshop\/wp-json\/wp\/v2\/product_brand?post=40259"},{"taxonomy":"product_cat","embeddable":true,"href":"https:\/\/chilimag.hu\/webshop\/wp-json\/wp\/v2\/product_cat?post=40259"},{"taxonomy":"product_tag","embeddable":true,"href":"https:\/\/chilimag.hu\/webshop\/wp-json\/wp\/v2\/product_tag?post=40259"}],"curies":[{"name":"wp","href":"https:\/\/api.w.org\/{rel}","templated":true}]}}