{"id":40256,"date":"2026-02-19T12:04:37","date_gmt":"2026-02-19T12:04:37","guid":{"rendered":"https:\/\/chilimag.hu\/webshop\/?post_type=product&#038;p=40256"},"modified":"2026-02-19T12:04:38","modified_gmt":"2026-02-19T12:04:38","slug":"cekla-bohan-hibrid-z-s-sl","status":"publish","type":"product","link":"https:\/\/chilimag.hu\/webshop\/termek\/cekla-bohan-hibrid-z-s-sl\/","title":{"rendered":"C\u00e9kla Bohan Hibrid Z.S SL"},"content":{"rendered":"","protected":false},"excerpt":{"rendered":"<p><img decoding=\"async\" class=\"sFlh5c FyHeAf\" src=\"https:\/\/encrypted-tbn0.gstatic.com\/images?q=tbn:ANd9GcSe3GiFpNk9Y7iYKvThN0eqSC89fSsWCj3MAw&amp;s\" alt=\"Parduotuv\u0117s | Zaliastotele.lt\" width=\"150\" height=\"51\" data-ilt=\"1771263544238\" \/><\/p>\n<p><strong>Term\u00e9kle\u00edr\u00e1s<\/strong><\/p>\n<p>Botanikai n\u00e9v:Beta vulgaris L.<\/p>\n<p>Term\u00e9keny, k\u00f6z\u00e9pkorai hibrid. Veget\u00e1ci\u00f3s id\u0151szak &#8211; 117 nap a cs\u00edr\u00e1z\u00e1st\u00f3l sz\u00e1m\u00edtva. A gy\u00f6k\u00e9rn\u00f6v\u00e9nyek kerekdedek, kem\u00e9nyek, nagyon sima h\u00e9jjal. A h\u00fas s\u00f6t\u00e9tv\u00f6r\u00f6s, feh\u00e9r gy\u0171r\u0171k n\u00e9lk\u00fcl, \u00e9des. K\u00fcl\u00f6n\u00f6sen alkalmas hossz\u00fa t\u00e1v\u00fa t\u00e1rol\u00e1sra. J\u00f3l t\u0171ri a nedvess\u00e9ghi\u00e1nyt, \u00e9s ellen\u00e1ll a lev\u00e9l cerkosp\u00f3r\u00e1s lev\u00e9lfoltoss\u00e1gnak.<\/p>\n<p>A fajta korais\u00e1ga K\u00f6zepesen korai<\/p>\n<p>Magok sz\u00e1ma grammonk\u00e9nt 40-55<\/p>\n<p>Vet\u00e9si id\u0151 a talajban IV-VI<\/p>\n<p>T\u00e1pt\u00e1vols\u00e1g, cm 25&#215;10<\/p>\n<p>Betakar\u00edt\u00e1s VII-IX<\/p>\n<p>Termeszhelye T\u00e1bla<br \/>\nM\u00e1rka: \u017dalia stotel\u0117<br \/>\nIpari felhaszn\u00e1l\u00e1sra alkalmas Igen<\/p>\n<p>Sz\u00edn: Piros<\/p>\n<p>Csomagol\u00e1s: 3 g<br \/>\nKl\u00edma: Napos<\/p>\n<p>&nbsp;<\/p>\n","protected":false},"featured_media":40258,"comment_status":"closed","ping_status":"closed","template":"","meta":[],"product_brand":[],"product_cat":[409],"product_tag":[],"class_list":{"0":"post-40256","1":"product","2":"type-product","3":"status-publish","4":"has-post-thumbnail","6":"product_cat-zeller-karalabe-cekla-vetomagok-zalia-stotele","8":"first","9":"instock","10":"taxable","11":"shipping-taxable","12":"purchasable","13":"product-type-simple"},"_links":{"self":[{"href":"https:\/\/chilimag.hu\/webshop\/wp-json\/wp\/v2\/product\/40256","targetHints":{"allow":["GET"]}}],"collection":[{"href":"https:\/\/chilimag.hu\/webshop\/wp-json\/wp\/v2\/product"}],"about":[{"href":"https:\/\/chilimag.hu\/webshop\/wp-json\/wp\/v2\/types\/product"}],"replies":[{"embeddable":true,"href":"https:\/\/chilimag.hu\/webshop\/wp-json\/wp\/v2\/comments?post=40256"}],"wp:featuredmedia":[{"embeddable":true,"href":"https:\/\/chilimag.hu\/webshop\/wp-json\/wp\/v2\/media\/40258"}],"wp:attachment":[{"href":"https:\/\/chilimag.hu\/webshop\/wp-json\/wp\/v2\/media?parent=40256"}],"wp:term":[{"taxonomy":"product_brand","embeddable":true,"href":"https:\/\/chilimag.hu\/webshop\/wp-json\/wp\/v2\/product_brand?post=40256"},{"taxonomy":"product_cat","embeddable":true,"href":"https:\/\/chilimag.hu\/webshop\/wp-json\/wp\/v2\/product_cat?post=40256"},{"taxonomy":"product_tag","embeddable":true,"href":"https:\/\/chilimag.hu\/webshop\/wp-json\/wp\/v2\/product_tag?post=40256"}],"curies":[{"name":"wp","href":"https:\/\/api.w.org\/{rel}","templated":true}]}}