{"id":40254,"date":"2026-02-19T12:00:12","date_gmt":"2026-02-19T12:00:12","guid":{"rendered":"https:\/\/chilimag.hu\/webshop\/?post_type=product&#038;p=40254"},"modified":"2026-02-19T12:00:12","modified_gmt":"2026-02-19T12:00:12","slug":"bab-maxidor-agr-sl","status":"publish","type":"product","link":"https:\/\/chilimag.hu\/webshop\/termek\/bab-maxidor-agr-sl\/","title":{"rendered":"Bab Maxidor AGR SL"},"content":{"rendered":"","protected":false},"excerpt":{"rendered":"<p><img decoding=\"async\" class=\"attachment-medium_large \" src=\"https:\/\/chilimag.hu\/webshop\/wp-content\/uploads\/2023\/10\/IMG_5171.png\" alt=\"\" width=\"152\" height=\"86\" \/><\/p>\n<p><strong>Term\u00e9kle\u00edr\u00e1s<\/strong><\/p>\n<p>Botanikai n\u00e9v:Phaseolus vulgaris L.<\/p>\n<p>Korai, nagyon b\u0151 hozam\u00fa, betegs\u00e9g-ellen\u00e1ll\u00f3 z\u00f6ldbabfajta. Veget\u00e1ci\u00f3s id\u0151szak: 55-65 nap. Bokormagass\u00e1g &#8211; 35-50 cm. A h\u00fcvelyek ak\u00e1r 16 cm hossz\u00faak is lehetnek, s\u00e1rg\u00e1k, sz\u00e1lk\u00e1sak \u00e9s nagyon \u00edzletesek.<\/p>\n<p>Korai fajta korais\u00e1ga<br \/>\nMagok sz\u00e1ma grammonk\u00e9nt 3-5<br \/>\nVet\u00e9si id\u0151 a talajban V-VI<br \/>\nT\u00e1pt\u00e1vols\u00e1g, cm 40&#215;8<br \/>\nN\u00f6v\u00e9nymagass\u00e1g T\u00f6rpe<br \/>\nSz\u00fcret VII-IX<br \/>\nTermesztet\u0151 hely T\u00e1bla<br \/>\nM\u00e1rka AGRONOM<br \/>\nSz\u00edn S\u00e1rga<br \/>\nCsomagol\u00e1s 8 g<br \/>\nKl\u00edma Napos<br \/>\nA csomagol\u00e1son felt\u00fcntetett nyelvek: LV, EE, SE, FIN, EN, DE, LT<\/p>\n<p>&nbsp;<\/p>\n","protected":false},"featured_media":40255,"comment_status":"closed","ping_status":"closed","template":"","meta":[],"product_brand":[],"product_cat":[399],"product_tag":[],"class_list":{"0":"post-40254","1":"product","2":"type-product","3":"status-publish","4":"has-post-thumbnail","6":"product_cat-huvelyesek-vetomagok-agronom","8":"first","9":"instock","10":"taxable","11":"shipping-taxable","12":"purchasable","13":"product-type-simple"},"_links":{"self":[{"href":"https:\/\/chilimag.hu\/webshop\/wp-json\/wp\/v2\/product\/40254","targetHints":{"allow":["GET"]}}],"collection":[{"href":"https:\/\/chilimag.hu\/webshop\/wp-json\/wp\/v2\/product"}],"about":[{"href":"https:\/\/chilimag.hu\/webshop\/wp-json\/wp\/v2\/types\/product"}],"replies":[{"embeddable":true,"href":"https:\/\/chilimag.hu\/webshop\/wp-json\/wp\/v2\/comments?post=40254"}],"wp:featuredmedia":[{"embeddable":true,"href":"https:\/\/chilimag.hu\/webshop\/wp-json\/wp\/v2\/media\/40255"}],"wp:attachment":[{"href":"https:\/\/chilimag.hu\/webshop\/wp-json\/wp\/v2\/media?parent=40254"}],"wp:term":[{"taxonomy":"product_brand","embeddable":true,"href":"https:\/\/chilimag.hu\/webshop\/wp-json\/wp\/v2\/product_brand?post=40254"},{"taxonomy":"product_cat","embeddable":true,"href":"https:\/\/chilimag.hu\/webshop\/wp-json\/wp\/v2\/product_cat?post=40254"},{"taxonomy":"product_tag","embeddable":true,"href":"https:\/\/chilimag.hu\/webshop\/wp-json\/wp\/v2\/product_tag?post=40254"}],"curies":[{"name":"wp","href":"https:\/\/api.w.org\/{rel}","templated":true}]}}