{"id":40250,"date":"2026-02-19T11:51:54","date_gmt":"2026-02-19T11:51:54","guid":{"rendered":"https:\/\/chilimag.hu\/webshop\/?post_type=product&#038;p=40250"},"modified":"2026-03-08T18:53:51","modified_gmt":"2026-03-08T18:53:51","slug":"uborka-telegraph-improved-agr-sl","status":"publish","type":"product","link":"https:\/\/chilimag.hu\/webshop\/termek\/uborka-telegraph-improved-agr-sl\/","title":{"rendered":"Uborka TELEGRAPH IMPROVED AGR SL"},"content":{"rendered":"","protected":false},"excerpt":{"rendered":"<p><img decoding=\"async\" class=\"attachment-medium_large \" src=\"https:\/\/chilimag.hu\/webshop\/wp-content\/uploads\/2023\/10\/IMG_5171.png\" alt=\"\" width=\"152\" height=\"86\" \/><\/p>\n<p><strong>Term\u00e9kle\u00edr\u00e1s<\/strong><\/p>\n<p>Korai, b\u0151 hozam\u00fa, sal\u00e1taszer\u0171 hibridfajta. A term\u00e9sek sima h\u00e9j\u00faak, s\u00f6t\u00e9tz\u00f6ldek, 25-35 cm hossz\u00faak, l\u00e9d\u00fasak, friss\u00edt\u0151 \u00edz\u0171ek. Szabadf\u00f6ld\u00f6n \u00e9s \u00fcvegh\u00e1zban termeszthet\u0151. Frissen fogyaszthat\u00f3.<\/p>\n<p>A korai fajta korais\u00e1ga<\/p>\n<p>Magok sz\u00e1ma grammonk\u00e9nt 35-50<br \/>\nVet\u00e9si id\u0151 talajban V-VI<br \/>\nPal\u00e1ntanevel\u00e9si id\u0151 IV<br \/>\nT\u00e1p\u00e9rt\u00e9k, cm 80&#215;20<br \/>\nSz\u00fcret VII-IX<br \/>\nTermesztet\u0151 hely: Sz\u00e1nd\u00e9k, \u00fcvegh\u00e1z<br \/>\nM\u00e1rka: AGRONOM<br \/>\nSz\u00edn: Z\u00f6ld<br \/>\nCsomagol\u00e1s: 0,3 g<br \/>\nKl\u00edma: Napos<br \/>\nA csomagol\u00e1son felt\u00fcntetett nyelvek: EN, DE, LT, LV, EE, SE, FIN<\/p>\n<p>&nbsp;<\/p>\n","protected":false},"featured_media":40251,"comment_status":"closed","ping_status":"closed","template":"","meta":[],"product_brand":[],"product_cat":[404],"product_tag":[],"class_list":{"0":"post-40250","1":"product","2":"type-product","3":"status-publish","4":"has-post-thumbnail","6":"product_cat-uborka-es-padlizsan-vetomagok-agronom","8":"first","9":"instock","10":"taxable","11":"shipping-taxable","12":"purchasable","13":"product-type-simple"},"_links":{"self":[{"href":"https:\/\/chilimag.hu\/webshop\/wp-json\/wp\/v2\/product\/40250","targetHints":{"allow":["GET"]}}],"collection":[{"href":"https:\/\/chilimag.hu\/webshop\/wp-json\/wp\/v2\/product"}],"about":[{"href":"https:\/\/chilimag.hu\/webshop\/wp-json\/wp\/v2\/types\/product"}],"replies":[{"embeddable":true,"href":"https:\/\/chilimag.hu\/webshop\/wp-json\/wp\/v2\/comments?post=40250"}],"wp:featuredmedia":[{"embeddable":true,"href":"https:\/\/chilimag.hu\/webshop\/wp-json\/wp\/v2\/media\/40251"}],"wp:attachment":[{"href":"https:\/\/chilimag.hu\/webshop\/wp-json\/wp\/v2\/media?parent=40250"}],"wp:term":[{"taxonomy":"product_brand","embeddable":true,"href":"https:\/\/chilimag.hu\/webshop\/wp-json\/wp\/v2\/product_brand?post=40250"},{"taxonomy":"product_cat","embeddable":true,"href":"https:\/\/chilimag.hu\/webshop\/wp-json\/wp\/v2\/product_cat?post=40250"},{"taxonomy":"product_tag","embeddable":true,"href":"https:\/\/chilimag.hu\/webshop\/wp-json\/wp\/v2\/product_tag?post=40250"}],"curies":[{"name":"wp","href":"https:\/\/api.w.org\/{rel}","templated":true}]}}