{"id":40248,"date":"2026-02-19T11:47:48","date_gmt":"2026-02-19T11:47:48","guid":{"rendered":"https:\/\/chilimag.hu\/webshop\/?post_type=product&#038;p=40248"},"modified":"2026-04-30T06:13:04","modified_gmt":"2026-04-30T06:13:04","slug":"fa-feherito-keverek-26-kg-agr","status":"publish","type":"product","link":"https:\/\/chilimag.hu\/webshop\/termek\/fa-feherito-keverek-26-kg-agr\/","title":{"rendered":"Fa Feh\u00e9r\u00edt\u0151 kever\u00e9k 2,6 kg AGR"},"content":{"rendered":"","protected":false},"excerpt":{"rendered":"<p><img decoding=\"async\" class=\"attachment-medium_large \" src=\"https:\/\/chilimag.hu\/webshop\/wp-content\/uploads\/2023\/10\/IMG_5171.png\" alt=\"\" width=\"152\" height=\"86\" \/><\/p>\n<p><strong>Term\u00e9kle\u00edr\u00e1s<\/strong><\/p>\n<p>FA FEH\u00c9R\u00cdT\u0150 KEVER\u00c9K<br \/>\nt\u00f6meg 2,6 kg<br \/>\nEz a kever\u00e9k gy\u00fcm\u00f6lcsf\u00e1k t\u00f6rzs\u00e9nek v\u00e9delm\u00e9re szolg\u00e1l a k\u00fcl\u00f6nf\u00e9le gomb\u00e1s betegs\u00e9gek, r\u00e1gcs\u00e1l\u00f3k \u00e9s a k\u00e1ros tavaszi h\u0151m\u00e9rs\u00e9klet-ingadoz\u00e1sok ellen. Ez egy haszn\u00e1latra k\u00e9sz kever\u00e9k.<br \/>\n\u00d6sszetev\u0151k: oltatlan m\u00e9sz &#8211; 97%, r\u00e9z-szulf\u00e1t-pentahidr\u00e1t &#8211; 2%, cellul\u00f3z ragaszt\u00f3 &#8211; 1%.<br \/>\nPFK1(C) (II)(a) standard szervetlen mikrot\u00e1panyag-tr\u00e1gya &#8211; r\u00e9z-szulf\u00e1t-pentahidr\u00e1t: CuSO4x5H2O (CAS-sz\u00e1m: 7758-99-8); REACH regisztr\u00e1ci\u00f3s sz\u00e1m: 01-2119520566-40-XXXX, EK-sz\u00e1m: 231-847-6, Indexsz\u00e1m: 029-023-00-4; Reagens. A v\u00edzben oldhat\u00f3 r\u00e9z (Cu) teljes tartalma 25 t\u00f6meg%.<br \/>\nOltatlan m\u00e9sz: Kalcium-oxid (CaO), : 1305-78-8; REACH regisztr\u00e1ci\u00f3s sz\u00e1m: 01-2119475325-36-XXXX; EK-sz\u00e1m: 215-138-9; relat\u00edv molekulat\u00f6meg: 56,08 g\/mol<br \/>\nElk\u00e9sz\u00edt\u00e9s: \u00d6ntse a teljes kever\u00e9ket egy legal\u00e1bb 10 literes h\u0151\u00e1ll\u00f3 ed\u00e9nybe (mivel a m\u00e9sz v\u00edzzel reag\u00e1lva magas h\u0151m\u00e9rs\u00e9klet keletkezik), \u00e9s keverje j\u00f3l \u00f6ssze, hogy az \u00f6sszetev\u0151k egyenletesen eloszoljanak. Lassan, folyamatos kever\u00e9s mellett adjon hozz\u00e1 vizet a kever\u00e9khez, am\u00edg 10 literes oldatot nem kap. Alaposan keverje \u00f6ssze az oldatot, \u00e9s hagyja \u00e1llni legal\u00e1bb 4 \u00f3r\u00e1n \u00e1t, hogy a m\u00e9sz megduzzadjon. Javasoljuk, hogy az oldatot m\u00e9g n\u00e9h\u00e1nyszor keverje \u00e1t. Ez a kever\u00e9k ak\u00e1r 10 db, 20-30 \u00e9ves gy\u00fcm\u00f6lcsf\u00e1t is k\u00e9pes kifeh\u00e9r\u00edteni. A fiatalabb gy\u00fcm\u00f6lcsf\u00e1kat 2-3-szor t\u00f6bbsz\u00f6r is kifeh\u00e9r\u00edtheti.<\/p>\n<p>Feh\u00e9r\u00edt\u00e9si id\u0151: A fat\u00f6rzseket k\u00e9s\u0151 \u0151sszel vagy kora tavasszal kell feh\u00e9r\u00edteni, amikor a leveg\u0151 h\u0151m\u00e9rs\u00e9klete nulla fok felett van.<br \/>\nHaszn\u00e1lat: F\u00e9mkef\u00e9vel tiszt\u00edtsa meg az id\u0151sebb gy\u00fcm\u00f6lcsf\u00e1k t\u00f6rzs\u00e9t a sz\u00e1lk\u00e1kt\u00f3l, moh\u00e1t\u00f3l \u00e9s hasonl\u00f3kt\u00f3l a k\u00e9reg k\u00e1ros\u00edt\u00e1sa n\u00e9lk\u00fcl. Egy sz\u00e9les ecsettel vigye fel a kever\u00e9ket, folyamatosan kevergetve. Gy\u0151z\u0151dj\u00f6n meg r\u00f3la, hogy az oldat behatol a t\u00f6rzs \u00f6sszes reped\u00e9s\u00e9be. Ha a gy\u00fcm\u00f6lcsfa t\u00f6rzse mohabor\u00edtotta, aj\u00e1nlott 100 g mikrot\u00e1panyag\u00fa vas m\u0171tr\u00e1gy\u00e1t (vas-szulf\u00e1tot) adni a kever\u00e9khez. Ez seg\u00edt g\u00e1tolni a moha n\u00f6veked\u00e9s\u00e9t.<\/p>\n<p>VESZ\u00c9LY! Lenyel\u00e9s eset\u00e9n \u00e1rtalmas. Nagyon m\u00e9rgez\u0151 a v\u00edzi \u00e9l\u0151l\u00e9nyekre, hosszan tart\u00f3 k\u00e1rosod\u00e1st okoz. S\u00falyos szemk\u00e1rosod\u00e1st okoz. B\u0151rirrit\u00e1l\u00f3 hat\u00e1s\u00fa. Irrit\u00e1lhatja a l\u00e9gz\u0151rendszert. Kalcium-oxidot tartalmaz. Gyermekekt\u0151l elz\u00e1rva tartand\u00f3. Ker\u00fclje a por bel\u00e9legz\u00e9s\u00e9t. Viseljen v\u00e9d\u0151keszty\u0171t. SZEMBE KER\u00dcL\u00c9S ESET\u00c9N: T\u00f6bb percig tart\u00f3 alapos \u00f6bl\u00edt\u00e9s v\u00edzzel. Adott esetben a kontaktlencs\u00e9ket el kell t\u00e1vol\u00edtani, ha k\u00f6nnyen megoldhat\u00f3. Alaposan \u00f6bl\u00edtse ki a szem\u00e9t. Azonnal forduljon orvoshoz. B\u0150RRE KER\u00dcL\u00c9S ESET\u00c9N: B\u0151 szappannal \u00e9s v\u00edzzel \u00f6bl\u00edtse le.<\/p>\n<p>A reakci\u00f3 sor\u00e1n jelent\u0151s mennyis\u00e9g\u0171 h\u0151 keletkezik, ami a v\u00edz forr\u00e1s\u00e1t okozhatja. Vigy\u00e1zzon, nehogy az oldat cseppje a kez\u00e9re vagy az arc\u00e1ra ker\u00fclj\u00f6n.<\/p>\n<p>A tartalmat \u00e9s a tart\u00e1lyt a helyi el\u0151\u00edr\u00e1soknak megfelel\u0151en \u00e1rtalmatlan\u00edtsa.<br \/>\nM\u00e9rgez\u00e9s eset\u00e9n forduljon orvoshoz: SZEMBE KER\u00dcL\u00c9S ESET\u00c9N: t\u00f6bb percig tart\u00f3 \u00f3vatos \u00f6bl\u00edt\u00e9s v\u00edzzel. Adott esetben a kontaktlencs\u00e9ket el kell t\u00e1vol\u00edtani, ha k\u00f6nnyen megoldhat\u00f3 &#8211; folytassa az \u00f6bl\u00edt\u00e9st. LENYEL\u00c9S ESET\u00c9N: azonnal h\u00edvjon toxikol\u00f3giai k\u00f6zpontot vagy orvost, \u00f6bl\u00edtse ki a sz\u00e1j\u00e1t.<\/p>\n<p>M\u00e1rka: AGRONOM<br \/>\nCsomagol\u00e1s: 2,6 kg<br \/>\nA csomagol\u00e1son felt\u00fcntetett nyelvek: LT, LV, EE, EN<\/p>\n<p>&nbsp;<\/p>\n","protected":false},"featured_media":40249,"comment_status":"closed","ping_status":"closed","template":"","meta":[],"product_brand":[],"product_cat":[340,388],"product_tag":[],"class_list":{"0":"post-40248","1":"product","2":"type-product","3":"status-publish","4":"has-post-thumbnail","6":"product_cat-kartevo-csapdak","7":"product_cat-agronom-tapoldatok-es-noveny-apolok","9":"first","10":"instock","11":"taxable","12":"shipping-taxable","13":"purchasable","14":"product-type-simple"},"_links":{"self":[{"href":"https:\/\/chilimag.hu\/webshop\/wp-json\/wp\/v2\/product\/40248","targetHints":{"allow":["GET"]}}],"collection":[{"href":"https:\/\/chilimag.hu\/webshop\/wp-json\/wp\/v2\/product"}],"about":[{"href":"https:\/\/chilimag.hu\/webshop\/wp-json\/wp\/v2\/types\/product"}],"replies":[{"embeddable":true,"href":"https:\/\/chilimag.hu\/webshop\/wp-json\/wp\/v2\/comments?post=40248"}],"wp:featuredmedia":[{"embeddable":true,"href":"https:\/\/chilimag.hu\/webshop\/wp-json\/wp\/v2\/media\/40249"}],"wp:attachment":[{"href":"https:\/\/chilimag.hu\/webshop\/wp-json\/wp\/v2\/media?parent=40248"}],"wp:term":[{"taxonomy":"product_brand","embeddable":true,"href":"https:\/\/chilimag.hu\/webshop\/wp-json\/wp\/v2\/product_brand?post=40248"},{"taxonomy":"product_cat","embeddable":true,"href":"https:\/\/chilimag.hu\/webshop\/wp-json\/wp\/v2\/product_cat?post=40248"},{"taxonomy":"product_tag","embeddable":true,"href":"https:\/\/chilimag.hu\/webshop\/wp-json\/wp\/v2\/product_tag?post=40248"}],"curies":[{"name":"wp","href":"https:\/\/api.w.org\/{rel}","templated":true}]}}