{"id":40246,"date":"2026-02-19T11:41:17","date_gmt":"2026-02-19T11:41:17","guid":{"rendered":"https:\/\/chilimag.hu\/webshop\/?post_type=product&#038;p=40246"},"modified":"2026-03-05T12:38:25","modified_gmt":"2026-03-05T12:38:25","slug":"ulteto-zacsko-100-db-os-1l-es-sl","status":"publish","type":"product","link":"https:\/\/chilimag.hu\/webshop\/termek\/ulteto-zacsko-100-db-os-1l-es-sl\/","title":{"rendered":"\u00dcltet\u0151 zacsk\u00f3 100 db-os 1L-es SL"},"content":{"rendered":"","protected":false},"excerpt":{"rendered":"<p><img decoding=\"async\" class=\"attachment-medium_large \" src=\"https:\/\/chilimag.hu\/webshop\/wp-content\/uploads\/2023\/10\/IMG_5171.png\" alt=\"\" width=\"152\" height=\"86\" \/><\/p>\n<p><strong>Term\u00e9kle\u00edr\u00e1s<\/strong><\/p>\n<p>Polietil\u00e9n cserepek n\u00f6v\u00e9nyek szapor\u00edt\u00e1s\u00e1hoz \u00e9s termeszt\u00e9s\u00e9hez, lyukas alj\u00fa, \u00fajrahasznos\u00edtott m\u0171anyagb\u00f3l k\u00e9sz\u00fclt, UV-\u00e1ll\u00f3. K\u00f6nnyen t\u00f6lthet\u0151 f\u00f6lddel \u00e9s megtartja alakj\u00e1t.<\/p>\n<p>M\u00e1rka: AGRONOM<\/p>\n<p>&nbsp;<\/p>\n","protected":false},"featured_media":40247,"comment_status":"closed","ping_status":"closed","template":"","meta":[],"product_brand":[],"product_cat":[336],"product_tag":[],"class_list":{"0":"post-40246","1":"product","2":"type-product","3":"status-publish","4":"has-post-thumbnail","6":"product_cat-vetotalcak-ulteto-cserepek-es-palanta-nevelok","8":"first","9":"instock","10":"taxable","11":"shipping-taxable","12":"purchasable","13":"product-type-simple"},"_links":{"self":[{"href":"https:\/\/chilimag.hu\/webshop\/wp-json\/wp\/v2\/product\/40246","targetHints":{"allow":["GET"]}}],"collection":[{"href":"https:\/\/chilimag.hu\/webshop\/wp-json\/wp\/v2\/product"}],"about":[{"href":"https:\/\/chilimag.hu\/webshop\/wp-json\/wp\/v2\/types\/product"}],"replies":[{"embeddable":true,"href":"https:\/\/chilimag.hu\/webshop\/wp-json\/wp\/v2\/comments?post=40246"}],"wp:featuredmedia":[{"embeddable":true,"href":"https:\/\/chilimag.hu\/webshop\/wp-json\/wp\/v2\/media\/40247"}],"wp:attachment":[{"href":"https:\/\/chilimag.hu\/webshop\/wp-json\/wp\/v2\/media?parent=40246"}],"wp:term":[{"taxonomy":"product_brand","embeddable":true,"href":"https:\/\/chilimag.hu\/webshop\/wp-json\/wp\/v2\/product_brand?post=40246"},{"taxonomy":"product_cat","embeddable":true,"href":"https:\/\/chilimag.hu\/webshop\/wp-json\/wp\/v2\/product_cat?post=40246"},{"taxonomy":"product_tag","embeddable":true,"href":"https:\/\/chilimag.hu\/webshop\/wp-json\/wp\/v2\/product_tag?post=40246"}],"curies":[{"name":"wp","href":"https:\/\/api.w.org\/{rel}","templated":true}]}}