{"id":40242,"date":"2026-02-19T11:15:10","date_gmt":"2026-02-19T11:15:10","guid":{"rendered":"https:\/\/chilimag.hu\/webshop\/?post_type=product&#038;p=40242"},"modified":"2026-03-20T00:33:59","modified_gmt":"2026-03-20T00:33:59","slug":"metelohagyma-agr-sl","status":"publish","type":"product","link":"https:\/\/chilimag.hu\/webshop\/termek\/metelohagyma-agr-sl\/","title":{"rendered":"Met\u00e9l\u0151hagyma AGR SL"},"content":{"rendered":"","protected":false},"excerpt":{"rendered":"<p><img decoding=\"async\" class=\"attachment-medium_large \" src=\"https:\/\/chilimag.hu\/webshop\/wp-content\/uploads\/2023\/10\/IMG_5171.png\" alt=\"\" width=\"152\" height=\"86\" \/><\/p>\n<p><strong>Term\u00e9kle\u00edr\u00e1s<\/strong><\/p>\n<p>&nbsp;<\/p>\n<p>Botanikai n\u00e9v:Allium schoenoprasum L<\/p>\n<p>MET\u00c9L\u0150HAGYMA K\u00d6ZEPES LEV\u00c9L<br \/>\n\u00c9vel\u0151, fagy\u00e1ll\u00f3, t\u00e9l\u00e1ll\u00f3, k\u00f6nnyen termeszthet\u0151. Kora tavasszal kezd term\u0151re fordulni. Enyh\u00e9n fokhagym\u00e1s \u00edz\u0171 levelei \u00e9tkez\u00e9si c\u00e9lra haszn\u00e1latosak. Dekorat\u00edv n\u00f6v\u00e9nyek, sz\u00e9pen mutatnak vir\u00e1g\u00e1gy\u00e1sokban, cserepekben.<\/p>\n<p>Magok sz\u00e1ma grammonk\u00e9nt ~800<br \/>\nVet\u00e9si id\u0151 talajban IV-V, X<br \/>\nPal\u00e1nt\u00e1k vet\u00e9si ideje III-IV<br \/>\nT\u00e1p\u00e9rt\u00e9k, cm 20&#215;15<br \/>\nBetakar\u00edt\u00e1s IV-IX<br \/>\nM\u00e1rka: AGRONOM<br \/>\nCsomagol\u00e1s: 0,5 g<br \/>\n\u00c9vel\u0151 n\u00f6v\u00e9nyzet<br \/>\nKl\u00edma: Napos<br \/>\nA csomagol\u00e1son felt\u00fcntetett nyelvek: SE, FIN, EN, DE, LT, LV, EE<\/p>\n<p>&nbsp;<\/p>\n","protected":false},"featured_media":40243,"comment_status":"closed","ping_status":"closed","template":"","meta":[],"product_brand":[],"product_cat":[396],"product_tag":[],"class_list":{"0":"post-40242","1":"product","2":"type-product","3":"status-publish","4":"has-post-thumbnail","6":"product_cat-fuszer-es-gyogynovenyek","8":"first","9":"instock","10":"taxable","11":"shipping-taxable","12":"purchasable","13":"product-type-simple"},"_links":{"self":[{"href":"https:\/\/chilimag.hu\/webshop\/wp-json\/wp\/v2\/product\/40242","targetHints":{"allow":["GET"]}}],"collection":[{"href":"https:\/\/chilimag.hu\/webshop\/wp-json\/wp\/v2\/product"}],"about":[{"href":"https:\/\/chilimag.hu\/webshop\/wp-json\/wp\/v2\/types\/product"}],"replies":[{"embeddable":true,"href":"https:\/\/chilimag.hu\/webshop\/wp-json\/wp\/v2\/comments?post=40242"}],"wp:featuredmedia":[{"embeddable":true,"href":"https:\/\/chilimag.hu\/webshop\/wp-json\/wp\/v2\/media\/40243"}],"wp:attachment":[{"href":"https:\/\/chilimag.hu\/webshop\/wp-json\/wp\/v2\/media?parent=40242"}],"wp:term":[{"taxonomy":"product_brand","embeddable":true,"href":"https:\/\/chilimag.hu\/webshop\/wp-json\/wp\/v2\/product_brand?post=40242"},{"taxonomy":"product_cat","embeddable":true,"href":"https:\/\/chilimag.hu\/webshop\/wp-json\/wp\/v2\/product_cat?post=40242"},{"taxonomy":"product_tag","embeddable":true,"href":"https:\/\/chilimag.hu\/webshop\/wp-json\/wp\/v2\/product_tag?post=40242"}],"curies":[{"name":"wp","href":"https:\/\/api.w.org\/{rel}","templated":true}]}}