{"id":40223,"date":"2026-02-18T20:30:24","date_gmt":"2026-02-18T20:30:24","guid":{"rendered":"https:\/\/chilimag.hu\/webshop\/?post_type=product&#038;p=40223"},"modified":"2026-02-18T20:30:24","modified_gmt":"2026-02-18T20:30:24","slug":"nagyviragu-laputurbolya-white-lace-z-s-sl","status":"publish","type":"product","link":"https:\/\/chilimag.hu\/webshop\/termek\/nagyviragu-laputurbolya-white-lace-z-s-sl\/","title":{"rendered":"Nagyvir\u00e1g\u00fa laputurbolya White Lace Z.S SL"},"content":{"rendered":"","protected":false},"excerpt":{"rendered":"<p><img decoding=\"async\" class=\"sFlh5c FyHeAf\" src=\"https:\/\/encrypted-tbn0.gstatic.com\/images?q=tbn:ANd9GcSe3GiFpNk9Y7iYKvThN0eqSC89fSsWCj3MAw&amp;s\" alt=\"Parduotuv\u0117s | Zaliastotele.lt\" width=\"150\" height=\"51\" data-ilt=\"1771263544238\" \/><\/p>\n<p><strong>Term\u00e9kle\u00edr\u00e1s<\/strong><\/p>\n<p>Botanikai n\u00e9v:Orlaya grandiflora L.<\/p>\n<p>Feh\u00e9r csipkevir\u00e1g I Feh\u00e9r Csipke<br \/>\nEgyny\u00e1ri, k\u00f6nnyen termeszthet\u0151, 75 cm magas. Nagy, feh\u00e9r, csipk\u00e9s vir\u00e1gai vannak. Vir\u00e1g\u00e1gy\u00e1sok sz\u00e9l\u00e9re, naturalisztikus faiskol\u00e1kba \u00fcltetj\u00fck. B\u00e1rmilyen csokorban d\u00edszk\u00e9nt haszn\u00e1lhat\u00f3, k\u00f6nnyeds\u00e9get \u00e9s finom hangulatot k\u00f6lcs\u00f6n\u00f6zve neki. Eg\u00e9sz ny\u00e1ron vir\u00e1gzik. Napos vir\u00e1g\u00e1gy\u00e1sokat v\u00e1lasztunk termeszt\u00e9s\u00e9hez. Nem ig\u00e9nyel k\u00fcl\u00f6nleges talajviszonyokat, \u00f6nvet\u0151.<\/p>\n<p>Magok sz\u00e1ma grammonk\u00e9nt 60<br \/>\nVet\u00e9si id\u0151 talajban IV-V, X<br \/>\nVet\u00e9si id\u0151 \u00fcvegh\u00e1zban II-IV<br \/>\nVir\u00e1gz\u00e1si id\u0151szak VI-X<br \/>\nN\u00f6v\u00e9nymagass\u00e1g, cm 75<br \/>\nTermesztet\u0151 hely Sz\u00e1nd\u00e9k<br \/>\nM\u00e1rka: \u017dalia stotel\u0117<br \/>\n\u00dcltet\u00e9s: V-VI<br \/>\nSz\u00edn: Feh\u00e9r<br \/>\nCsomagol\u00e1s: 0,4 g<br \/>\nVeget\u00e1ci\u00f3: Egyny\u00e1ri<br \/>\nKl\u00edma: Napos<\/p>\n<p>&nbsp;<\/p>\n","protected":false},"featured_media":40224,"comment_status":"closed","ping_status":"closed","template":"","meta":[],"product_brand":[],"product_cat":[363],"product_tag":[],"class_list":{"0":"post-40223","1":"product","2":"type-product","3":"status-publish","4":"has-post-thumbnail","6":"product_cat-virag-vetomagok-zalia-stotele","8":"first","9":"instock","10":"taxable","11":"shipping-taxable","12":"purchasable","13":"product-type-simple"},"_links":{"self":[{"href":"https:\/\/chilimag.hu\/webshop\/wp-json\/wp\/v2\/product\/40223","targetHints":{"allow":["GET"]}}],"collection":[{"href":"https:\/\/chilimag.hu\/webshop\/wp-json\/wp\/v2\/product"}],"about":[{"href":"https:\/\/chilimag.hu\/webshop\/wp-json\/wp\/v2\/types\/product"}],"replies":[{"embeddable":true,"href":"https:\/\/chilimag.hu\/webshop\/wp-json\/wp\/v2\/comments?post=40223"}],"wp:featuredmedia":[{"embeddable":true,"href":"https:\/\/chilimag.hu\/webshop\/wp-json\/wp\/v2\/media\/40224"}],"wp:attachment":[{"href":"https:\/\/chilimag.hu\/webshop\/wp-json\/wp\/v2\/media?parent=40223"}],"wp:term":[{"taxonomy":"product_brand","embeddable":true,"href":"https:\/\/chilimag.hu\/webshop\/wp-json\/wp\/v2\/product_brand?post=40223"},{"taxonomy":"product_cat","embeddable":true,"href":"https:\/\/chilimag.hu\/webshop\/wp-json\/wp\/v2\/product_cat?post=40223"},{"taxonomy":"product_tag","embeddable":true,"href":"https:\/\/chilimag.hu\/webshop\/wp-json\/wp\/v2\/product_tag?post=40223"}],"curies":[{"name":"wp","href":"https:\/\/api.w.org\/{rel}","templated":true}]}}