{"id":40217,"date":"2026-02-18T17:38:05","date_gmt":"2026-02-18T17:38:05","guid":{"rendered":"https:\/\/chilimag.hu\/webshop\/?post_type=product&#038;p=40217"},"modified":"2026-02-18T17:38:05","modified_gmt":"2026-02-18T17:38:05","slug":"sarkantyuka-tip-top-pink-blush-z-s-sl","status":"publish","type":"product","link":"https:\/\/chilimag.hu\/webshop\/termek\/sarkantyuka-tip-top-pink-blush-z-s-sl\/","title":{"rendered":"Sarkanty\u00faka Tip Top Pink Blush Z.S SL"},"content":{"rendered":"","protected":false},"excerpt":{"rendered":"<p><img decoding=\"async\" class=\"sFlh5c FyHeAf\" src=\"https:\/\/encrypted-tbn0.gstatic.com\/images?q=tbn:ANd9GcSe3GiFpNk9Y7iYKvThN0eqSC89fSsWCj3MAw&amp;s\" alt=\"Parduotuv\u0117s | Zaliastotele.lt\" width=\"150\" height=\"51\" data-ilt=\"1771263544238\" \/><\/p>\n<p><strong>Term\u00e9kle\u00edr\u00e1s<\/strong><\/p>\n<p>Botanikai n\u00e9v:Tropaeolum minus L.<\/p>\n<p>T\u00d6RPE NASTURTIUM I T\u00edpus: Teteje: R\u00f3zsasz\u00edn, Piros<br \/>\nEgyny\u00e1ri, k\u00f6nnyen termeszthet\u0151, 30 cm magas vir\u00e1gok. A vir\u00e1gok \u00e1tm\u00e9r\u0151je 4-5 cm, ritka, szinte fekete vir\u00e1gokkal. Napon \u00e9s vil\u00e1gos \u00e1rny\u00e9kban is n\u0151 \u00e9s vir\u00e1gzik, a talajjal szemben nem ig\u00e9nyes. Gazdag talajban gyeng\u00e9n vir\u00e1gzik. Alkalmas \u00fcltet\u0151l\u00e1d\u00e1kba, vir\u00e1goskertekbe, erk\u00e9lyekre. Ezek a vir\u00e1gok seg\u00edthetnek megv\u00e9deni a k\u00e1poszt\u00e1t a k\u00e1posztalepk\u00e9t\u0151l. K\u00e1poszta\u00e1gy\u00e1sba vetve elriasztja a k\u00e1posztalepk\u00e9t.<\/p>\n<p>Magok sz\u00e1ma grammonk\u00e9nt 7-9<br \/>\nVet\u00e9si id\u0151 a talajban IV-V<br \/>\nVir\u00e1gz\u00e1si id\u0151szak VII-X<br \/>\nN\u00f6v\u00e9nymagass\u00e1g, cm 25<br \/>\nN\u00f6veked\u00e9si hely: T\u00e1bla<br \/>\nM\u00e1rka: \u017dalia stotel\u0117<br \/>\n\u00dcltet\u00e9s: V-VI<br \/>\nSz\u00edn: R\u00f3zsasz\u00edn<br \/>\nCsomagol\u00e1s: 3 g<br \/>\nVeget\u00e1ci\u00f3: Egyny\u00e1ri<br \/>\nKl\u00edma: Napos, R\u00e9szleges \u00e1rny\u00e9k<\/p>\n<p>&nbsp;<\/p>\n","protected":false},"featured_media":40218,"comment_status":"closed","ping_status":"closed","template":"","meta":[],"product_brand":[],"product_cat":[363],"product_tag":[],"class_list":{"0":"post-40217","1":"product","2":"type-product","3":"status-publish","4":"has-post-thumbnail","6":"product_cat-virag-vetomagok-zalia-stotele","8":"first","9":"instock","10":"taxable","11":"shipping-taxable","12":"purchasable","13":"product-type-simple"},"_links":{"self":[{"href":"https:\/\/chilimag.hu\/webshop\/wp-json\/wp\/v2\/product\/40217","targetHints":{"allow":["GET"]}}],"collection":[{"href":"https:\/\/chilimag.hu\/webshop\/wp-json\/wp\/v2\/product"}],"about":[{"href":"https:\/\/chilimag.hu\/webshop\/wp-json\/wp\/v2\/types\/product"}],"replies":[{"embeddable":true,"href":"https:\/\/chilimag.hu\/webshop\/wp-json\/wp\/v2\/comments?post=40217"}],"wp:featuredmedia":[{"embeddable":true,"href":"https:\/\/chilimag.hu\/webshop\/wp-json\/wp\/v2\/media\/40218"}],"wp:attachment":[{"href":"https:\/\/chilimag.hu\/webshop\/wp-json\/wp\/v2\/media?parent=40217"}],"wp:term":[{"taxonomy":"product_brand","embeddable":true,"href":"https:\/\/chilimag.hu\/webshop\/wp-json\/wp\/v2\/product_brand?post=40217"},{"taxonomy":"product_cat","embeddable":true,"href":"https:\/\/chilimag.hu\/webshop\/wp-json\/wp\/v2\/product_cat?post=40217"},{"taxonomy":"product_tag","embeddable":true,"href":"https:\/\/chilimag.hu\/webshop\/wp-json\/wp\/v2\/product_tag?post=40217"}],"curies":[{"name":"wp","href":"https:\/\/api.w.org\/{rel}","templated":true}]}}