{"id":40211,"date":"2026-02-18T16:19:17","date_gmt":"2026-02-18T16:19:17","guid":{"rendered":"https:\/\/chilimag.hu\/webshop\/?post_type=product&#038;p=40211"},"modified":"2026-04-24T09:16:26","modified_gmt":"2026-04-24T09:16:26","slug":"rezvirag-peaches-cream-z-s-sl","status":"publish","type":"product","link":"https:\/\/chilimag.hu\/webshop\/termek\/rezvirag-peaches-cream-z-s-sl\/","title":{"rendered":"R\u00e9zvir\u00e1g Peaches &#038; Cream Z.S SL"},"content":{"rendered":"","protected":false},"excerpt":{"rendered":"<p><img decoding=\"async\" class=\"sFlh5c FyHeAf\" src=\"https:\/\/encrypted-tbn0.gstatic.com\/images?q=tbn:ANd9GcSe3GiFpNk9Y7iYKvThN0eqSC89fSsWCj3MAw&amp;s\" alt=\"Parduotuv\u0117s | Zaliastotele.lt\" width=\"150\" height=\"51\" data-ilt=\"1771263544238\" \/><\/p>\n<p><strong>Term\u00e9kle\u00edr\u00e1s<\/strong><\/p>\n<p>&#8216;Zinnia | Peaches &amp; Cream<br \/>\nEgyny\u00e1ri, 75 cm magas, gyorsan n\u00f6v\u0151 vir\u00e1g. \u00dcltet\u00e9sre, csokrokra. A vir\u00e1gok nagyok, 8\u201310 cm \u00e1tm\u00e9r\u0151j\u0171ek, f\u00e9ltelt vir\u00e1gz\u00e1s\u00faak. J\u00f3l fejl\u0151dnek \u00e9s vir\u00e1goznak napos, meleg helyen, k\u00f6nny\u0171 talajban. A pal\u00e1nt\u00e1kat a fagy ut\u00e1n \u00fcltetik az \u00e1gy\u00e1sokba. \u00d6nt\u00f6z\u00e9s nem sz\u00fcks\u00e9ges, de az \u00f6nt\u00f6z\u00f6tt vir\u00e1gok nagyobbra n\u0151nek \u00e9s tov\u00e1bb vir\u00e1goznak. Elvir\u00e1gz\u00e1s ut\u00e1n a vir\u00e1gokat lev\u00e1gj\u00e1k, hogy el\u0151seg\u00edts\u00e9k az \u00fajak kialakul\u00e1s\u00e1t.<\/p>\n<p>Magok sz\u00e1ma grammonk\u00e9nt 90-110<br \/>\nVet\u00e9si id\u0151 talajban V<br \/>\nVet\u00e9si id\u0151 pal\u00e1nt\u00e1kn\u00e1l IV<br \/>\nVet\u00e9si id\u0151 \u00fcvegh\u00e1zban IV<br \/>\nT\u00e1p\u00e9rt\u00e9k, cm 30&#215;30<br \/>\nVir\u00e1gz\u00e1si id\u0151szak VI-IX<br \/>\nN\u00f6v\u00e9nymagass\u00e1g, cm 75<br \/>\nN\u00f6veked\u00e9si hely: Sz\u00e1nt\u00f3f\u00f6ld, Erk\u00e9ly, Cser\u00e9pben<br \/>\nM\u00e1rka: \u017dalia stotel\u0117<br \/>\n\u00dcltet\u00e9s: VI<br \/>\nSz\u00edn: Vegyes<br \/>\nCsomagol\u00e1s: 0,5 g<br \/>\nVeget\u00e1ci\u00f3: Egyny\u00e1ri<br \/>\nKl\u00edma: Napos<br \/>\nA csomagol\u00e1son felt\u00fcntetett nyelvek: LT, LV, EE, EN, DE<\/p>\n<p>&nbsp;<\/p>\n","protected":false},"featured_media":40212,"comment_status":"closed","ping_status":"closed","template":"","meta":[],"product_brand":[],"product_cat":[363],"product_tag":[],"class_list":{"0":"post-40211","1":"product","2":"type-product","3":"status-publish","4":"has-post-thumbnail","6":"product_cat-virag-vetomagok-zalia-stotele","8":"first","9":"instock","10":"taxable","11":"shipping-taxable","12":"purchasable","13":"product-type-simple"},"_links":{"self":[{"href":"https:\/\/chilimag.hu\/webshop\/wp-json\/wp\/v2\/product\/40211","targetHints":{"allow":["GET"]}}],"collection":[{"href":"https:\/\/chilimag.hu\/webshop\/wp-json\/wp\/v2\/product"}],"about":[{"href":"https:\/\/chilimag.hu\/webshop\/wp-json\/wp\/v2\/types\/product"}],"replies":[{"embeddable":true,"href":"https:\/\/chilimag.hu\/webshop\/wp-json\/wp\/v2\/comments?post=40211"}],"wp:featuredmedia":[{"embeddable":true,"href":"https:\/\/chilimag.hu\/webshop\/wp-json\/wp\/v2\/media\/40212"}],"wp:attachment":[{"href":"https:\/\/chilimag.hu\/webshop\/wp-json\/wp\/v2\/media?parent=40211"}],"wp:term":[{"taxonomy":"product_brand","embeddable":true,"href":"https:\/\/chilimag.hu\/webshop\/wp-json\/wp\/v2\/product_brand?post=40211"},{"taxonomy":"product_cat","embeddable":true,"href":"https:\/\/chilimag.hu\/webshop\/wp-json\/wp\/v2\/product_cat?post=40211"},{"taxonomy":"product_tag","embeddable":true,"href":"https:\/\/chilimag.hu\/webshop\/wp-json\/wp\/v2\/product_tag?post=40211"}],"curies":[{"name":"wp","href":"https:\/\/api.w.org\/{rel}","templated":true}]}}