{"id":40204,"date":"2026-02-18T12:33:44","date_gmt":"2026-02-18T12:33:44","guid":{"rendered":"https:\/\/chilimag.hu\/webshop\/?post_type=product&#038;p=40204"},"modified":"2026-04-03T15:55:55","modified_gmt":"2026-04-03T15:55:55","slug":"salata-keverek-japanese-mix-eln-sl","status":"publish","type":"product","link":"https:\/\/chilimag.hu\/webshop\/termek\/salata-keverek-japanese-mix-eln-sl\/","title":{"rendered":"Sal\u00e1ta kever\u00e9k Japanese Mix ELN SL"},"content":{"rendered":"","protected":false},"excerpt":{"rendered":"<p><img decoding=\"async\" class=\"attachment-medium_large \" src=\"https:\/\/chilimag.hu\/webshop\/wp-content\/uploads\/2023\/10\/IMG_5174.png\" alt=\"\" width=\"150\" height=\"101\" \/><\/p>\n<p><strong>Term\u00e9kle\u00edr\u00e1s<\/strong><\/p>\n<p>A kever\u00e9k gyorsan n\u00f6v\u0151 f\u0171szermagokat tartalmaz 15 k\u00fcl\u00f6nb\u00f6z\u0151 maggal. A kever\u00e9k cserepekben, t\u00e1lc\u00e1kban, 1 m2-es \u00e1gy\u00e1sban, kertben is termeszthet\u0151. A kever\u00e9ket sal\u00e1t\u00e1k, h\u00fas-, hal\u00e9telek \u00edzes\u00edt\u00e9s\u00e9re haszn\u00e1lj\u00e1k, a kever\u00e9kben tal\u00e1lhat\u00f3 egyes fajt\u00e1k sz\u00e1r\u00edtva is termeszthet\u0151k. Napos helyen, v\u00edz- \u00e9s leveg\u0151\u00e1tereszt\u0151 talajban fejl\u0151dik a legjobban. Ahhoz, hogy ezek a n\u00f6v\u00e9nyek eg\u00e9sz szezonban n\u00f6vekedhessenek, javasoljuk a kever\u00e9k t\u00f6bbsz\u00f6ri elvet\u00e9s\u00e9t.<\/p>\n<p>1,0 g k\u00f6r\u00fclbel\u00fcl 800 magot tartalmaz.<br \/>\n3,0 g mag 5 m2-es ter\u00fcletet fed le.<\/p>\n<p>Vet\u00e9si id\u0151, m\u00e9lys\u00e9g 2 cm<br \/>\nVet\u00e9si m\u00e9lys\u00e9g, cm 2 cm<br \/>\nVet\u00e9si id\u0151 talajban V-VIII<br \/>\nVet\u00e9si id\u0151 \u00fcvegh\u00e1zban II-V<br \/>\nT\u00e1vols\u00e1gok, cm 10&#215;10<br \/>\nBetakar\u00edt\u00e1s III-IX<br \/>\nTermesztet\u0151 hely Erk\u00e9lyen, Teraszon, Mez\u0151n, \u00dcvegh\u00e1zban<br \/>\nM\u00e1rka: Lucia Elite<br \/>\nCsomagol\u00e1s 3 g<br \/>\nKl\u00edma: Napos<br \/>\nA csomagol\u00e1son felt\u00fcntetett nyelvek: EN, LT, LV, EE, SE<\/p>\n<p>&nbsp;<\/p>\n","protected":false},"featured_media":40205,"comment_status":"closed","ping_status":"closed","template":"","meta":[],"product_brand":[],"product_cat":[368],"product_tag":[],"class_list":{"0":"post-40204","1":"product","2":"type-product","3":"status-publish","4":"has-post-thumbnail","6":"product_cat-zoldseg-vetomagok","8":"first","9":"instock","10":"taxable","11":"shipping-taxable","12":"purchasable","13":"product-type-simple"},"_links":{"self":[{"href":"https:\/\/chilimag.hu\/webshop\/wp-json\/wp\/v2\/product\/40204","targetHints":{"allow":["GET"]}}],"collection":[{"href":"https:\/\/chilimag.hu\/webshop\/wp-json\/wp\/v2\/product"}],"about":[{"href":"https:\/\/chilimag.hu\/webshop\/wp-json\/wp\/v2\/types\/product"}],"replies":[{"embeddable":true,"href":"https:\/\/chilimag.hu\/webshop\/wp-json\/wp\/v2\/comments?post=40204"}],"wp:featuredmedia":[{"embeddable":true,"href":"https:\/\/chilimag.hu\/webshop\/wp-json\/wp\/v2\/media\/40205"}],"wp:attachment":[{"href":"https:\/\/chilimag.hu\/webshop\/wp-json\/wp\/v2\/media?parent=40204"}],"wp:term":[{"taxonomy":"product_brand","embeddable":true,"href":"https:\/\/chilimag.hu\/webshop\/wp-json\/wp\/v2\/product_brand?post=40204"},{"taxonomy":"product_cat","embeddable":true,"href":"https:\/\/chilimag.hu\/webshop\/wp-json\/wp\/v2\/product_cat?post=40204"},{"taxonomy":"product_tag","embeddable":true,"href":"https:\/\/chilimag.hu\/webshop\/wp-json\/wp\/v2\/product_tag?post=40204"}],"curies":[{"name":"wp","href":"https:\/\/api.w.org\/{rel}","templated":true}]}}