{"id":40152,"date":"2026-02-16T18:43:25","date_gmt":"2026-02-16T18:43:25","guid":{"rendered":"https:\/\/chilimag.hu\/webshop\/?post_type=product&#038;p=40152"},"modified":"2026-02-26T08:54:03","modified_gmt":"2026-02-26T08:54:03","slug":"tatika-orange-wonder-z-s-sl","status":"publish","type":"product","link":"https:\/\/chilimag.hu\/webshop\/termek\/tatika-orange-wonder-z-s-sl\/","title":{"rendered":"T\u00e1tika Orange Wonder Z.S SL"},"content":{"rendered":"","protected":false},"excerpt":{"rendered":"<p><img decoding=\"async\" class=\"sFlh5c FyHeAf\" src=\"https:\/\/encrypted-tbn0.gstatic.com\/images?q=tbn:ANd9GcSe3GiFpNk9Y7iYKvThN0eqSC89fSsWCj3MAw&amp;s\" alt=\"Parduotuv\u0117s | Zaliastotele.lt\" width=\"150\" height=\"51\" data-ilt=\"1771263544238\" \/><\/p>\n<p><strong>Term\u00e9kle\u00edr\u00e1s<\/strong><\/p>\n<p>Egyny\u00e1ri, 80 cm magas vir\u00e1gok eredeti vir\u00e1gzattal. A vir\u00e1gok szab\u00e1lytalan alak\u00faak, sepr\u0171 alak\u00fa f\u00fcrt\u00f6kben. A vir\u00e1gok alulr\u00f3l kezdenek ny\u00edlni, minden f\u00fcrt kb. 12 napig vir\u00e1gzik, az eg\u00e9sz n\u00f6v\u00e9ny kb. 3-3,5 h\u00f3napig vir\u00e1gzik. Napon \u00e9s vil\u00e1gos \u00e1rny\u00e9kban, laza talajban is n\u0151 \u00e9s vir\u00e1gzik. \u00dcltet\u0151kbe, \u00e1ll\u00f3cserepekbe, csokrokhoz szedik a vir\u00e1gokat. R\u00f6vid ideig fagy\u00e1ll\u00f3.<\/p>\n<p>C \u00e1rkateg\u00f3ria<\/p>\n<p>L\u00e9gmentes csomagol\u00e1s: Igen<br \/>\nVet\u00e9si id\u0151: V<br \/>\nPal\u00e1nta vet\u00e9si id\u0151: III-IV<br \/>\nTermel\u00e9si hely: Mez\u0151<br \/>\nM\u00e1rka: \u017dalia stotel\u0117<br \/>\nA legkelend\u0151bbek k\u00f6z\u00f6tt: Igen<br \/>\nSz\u00edn: Narancss\u00e1rga<br \/>\nCsomagol\u00e1s: 0,5 g<br \/>\nVeget\u00e1ci\u00f3: Egyny\u00e1ri<br \/>\nKl\u00edma: Napos<br \/>\nA csomagol\u00e1son felt\u00fcntetett nyelvek: EN, DE, LT, LV, EE<\/p>\n<p>&nbsp;<\/p>\n","protected":false},"featured_media":40153,"comment_status":"closed","ping_status":"closed","template":"","meta":[],"product_brand":[],"product_cat":[363],"product_tag":[],"class_list":{"0":"post-40152","1":"product","2":"type-product","3":"status-publish","4":"has-post-thumbnail","6":"product_cat-virag-vetomagok-zalia-stotele","8":"first","9":"instock","10":"taxable","11":"shipping-taxable","12":"purchasable","13":"product-type-simple"},"_links":{"self":[{"href":"https:\/\/chilimag.hu\/webshop\/wp-json\/wp\/v2\/product\/40152","targetHints":{"allow":["GET"]}}],"collection":[{"href":"https:\/\/chilimag.hu\/webshop\/wp-json\/wp\/v2\/product"}],"about":[{"href":"https:\/\/chilimag.hu\/webshop\/wp-json\/wp\/v2\/types\/product"}],"replies":[{"embeddable":true,"href":"https:\/\/chilimag.hu\/webshop\/wp-json\/wp\/v2\/comments?post=40152"}],"wp:featuredmedia":[{"embeddable":true,"href":"https:\/\/chilimag.hu\/webshop\/wp-json\/wp\/v2\/media\/40153"}],"wp:attachment":[{"href":"https:\/\/chilimag.hu\/webshop\/wp-json\/wp\/v2\/media?parent=40152"}],"wp:term":[{"taxonomy":"product_brand","embeddable":true,"href":"https:\/\/chilimag.hu\/webshop\/wp-json\/wp\/v2\/product_brand?post=40152"},{"taxonomy":"product_cat","embeddable":true,"href":"https:\/\/chilimag.hu\/webshop\/wp-json\/wp\/v2\/product_cat?post=40152"},{"taxonomy":"product_tag","embeddable":true,"href":"https:\/\/chilimag.hu\/webshop\/wp-json\/wp\/v2\/product_tag?post=40152"}],"curies":[{"name":"wp","href":"https:\/\/api.w.org\/{rel}","templated":true}]}}