{"id":40145,"date":"2026-02-16T17:46:51","date_gmt":"2026-02-16T17:46:51","guid":{"rendered":"https:\/\/chilimag.hu\/webshop\/?post_type=product&#038;p=40145"},"modified":"2026-03-16T16:16:01","modified_gmt":"2026-03-16T16:16:01","slug":"szagos-bukkony-day-night-z-s-sl","status":"publish","type":"product","link":"https:\/\/chilimag.hu\/webshop\/termek\/szagos-bukkony-day-night-z-s-sl\/","title":{"rendered":"Szagos b\u00fckk\u00f6ny Day &#038; Night Z.S SL"},"content":{"rendered":"","protected":false},"excerpt":{"rendered":"<p><img decoding=\"async\" class=\"sFlh5c FyHeAf\" src=\"https:\/\/encrypted-tbn0.gstatic.com\/images?q=tbn:ANd9GcSe3GiFpNk9Y7iYKvThN0eqSC89fSsWCj3MAw&amp;s\" alt=\"Parduotuv\u0117s | Zaliastotele.lt\" width=\"150\" height=\"51\" data-ilt=\"1771263544238\" \/><\/p>\n<p><strong>Term\u00e9kle\u00edr\u00e1s<\/strong><\/p>\n<p>BORS\u00d3 vir\u00e1g<br \/>\nEgyny\u00e1ri, k\u00fasz\u00f3n\u00f6v\u00e9ny, 1\u20132 m magasra n\u00f6v\u0151 vir\u00e1g. A vir\u00e1gok \u00e9l\u00e9nk sz\u00edn\u0171ek, nagyon dekorat\u00edvak, kellemes illat\u00faak. Napos, sz\u00e9lv\u00e9dett helyeken, humuszban gazdag, m\u0171velt \u00e9s laz\u00edtott talajban 30 cm m\u00e9lys\u00e9gig fejl\u0151dik j\u00f3l. Vet\u00e9s el\u0151tt a magokat cs\u00edr\u00e1ztatni kell, \u00e9s nedves talajba kell vetni. Csom\u00f3kban, 3\u20135 magot vess\u00fcnk, t\u00e1mfalakra. Eg\u00e9sz ny\u00e1rra vir\u00e1gz\u00f3 \u00e9s illatos falat hozhatunk l\u00e9tre bel\u0151le, kis csokrokhoz szedve.<\/p>\n<p>C \u00e1rcsoport<br \/>\nMagok sz\u00e1ma grammonk\u00e9nt 10-11<br \/>\nT\u00e1vols\u00e1gok, cm 10&#215;10<br \/>\nM\u00e1rka: \u017dalia stotel\u0117<br \/>\nSz\u00edn: Vegyes<br \/>\nCsomagol\u00e1s: 3 g<br \/>\nVeget\u00e1ci\u00f3: Egyny\u00e1ri<br \/>\nKl\u00edma: Napos, R\u00e9szleges \u00e1rny\u00e9k<\/p>\n<p>&nbsp;<\/p>\n","protected":false},"featured_media":40146,"comment_status":"closed","ping_status":"closed","template":"","meta":[],"product_brand":[],"product_cat":[363],"product_tag":[],"class_list":{"0":"post-40145","1":"product","2":"type-product","3":"status-publish","4":"has-post-thumbnail","6":"product_cat-virag-vetomagok-zalia-stotele","8":"first","9":"instock","10":"taxable","11":"shipping-taxable","12":"purchasable","13":"product-type-simple"},"_links":{"self":[{"href":"https:\/\/chilimag.hu\/webshop\/wp-json\/wp\/v2\/product\/40145","targetHints":{"allow":["GET"]}}],"collection":[{"href":"https:\/\/chilimag.hu\/webshop\/wp-json\/wp\/v2\/product"}],"about":[{"href":"https:\/\/chilimag.hu\/webshop\/wp-json\/wp\/v2\/types\/product"}],"replies":[{"embeddable":true,"href":"https:\/\/chilimag.hu\/webshop\/wp-json\/wp\/v2\/comments?post=40145"}],"wp:featuredmedia":[{"embeddable":true,"href":"https:\/\/chilimag.hu\/webshop\/wp-json\/wp\/v2\/media\/40146"}],"wp:attachment":[{"href":"https:\/\/chilimag.hu\/webshop\/wp-json\/wp\/v2\/media?parent=40145"}],"wp:term":[{"taxonomy":"product_brand","embeddable":true,"href":"https:\/\/chilimag.hu\/webshop\/wp-json\/wp\/v2\/product_brand?post=40145"},{"taxonomy":"product_cat","embeddable":true,"href":"https:\/\/chilimag.hu\/webshop\/wp-json\/wp\/v2\/product_cat?post=40145"},{"taxonomy":"product_tag","embeddable":true,"href":"https:\/\/chilimag.hu\/webshop\/wp-json\/wp\/v2\/product_tag?post=40145"}],"curies":[{"name":"wp","href":"https:\/\/api.w.org\/{rel}","templated":true}]}}