{"id":40143,"date":"2026-02-16T17:40:17","date_gmt":"2026-02-16T17:40:17","guid":{"rendered":"https:\/\/chilimag.hu\/webshop\/?post_type=product&#038;p=40143"},"modified":"2026-02-16T17:40:18","modified_gmt":"2026-02-16T17:40:18","slug":"pazsitszula-silver-falls-z-s-sl","status":"publish","type":"product","link":"https:\/\/chilimag.hu\/webshop\/termek\/pazsitszula-silver-falls-z-s-sl\/","title":{"rendered":"P\u00e1zsitszula Silver Falls Z.S SL"},"content":{"rendered":"","protected":false},"excerpt":{"rendered":"<p><img decoding=\"async\" class=\"sFlh5c FyHeAf\" src=\"https:\/\/encrypted-tbn0.gstatic.com\/images?q=tbn:ANd9GcSe3GiFpNk9Y7iYKvThN0eqSC89fSsWCj3MAw&amp;s\" alt=\"Parduotuv\u0117s | Zaliastotele.lt\" width=\"150\" height=\"51\" data-ilt=\"1771263544238\" \/><\/p>\n<p><strong>Term\u00e9kle\u00edr\u00e1s<\/strong><\/p>\n<p>Egyny\u00e1ri vir\u00e1gk\u00e9nt termesztve, lel\u00f3g\u00f3 sz\u00e1rral. Ak\u00e1r 180 cm magasra is n\u0151. F\u00fcggesztett kosarakban n\u00e9lk\u00fcl\u00f6zhetetlenek, \u00e9l\u00e9nk sz\u00edn\u0171 vir\u00e1gokkal j\u00f3l kombin\u00e1lhat\u00f3k. Sz\u0151nyegn\u00f6v\u00e9nyk\u00e9nt is termeszthet\u0151. Egy n\u00f6v\u00e9ny lombozat\u00e1val 1 m\u00b2-t bor\u00edt be a kerti ter\u00fcletb\u0151l. S\u0171r\u0171 sz\u0151nyeget k\u00e9pez. A magok lassan \u00e9s egyenetlen\u00fcl cs\u00edr\u00e1znak, +30\u201335 \u00b0C h\u0151m\u00e9rs\u00e9kleten. R\u00f6vid ideig fagy\u00e1ll\u00f3.<\/p>\n<p>L\u00e9gmentes csomagol\u00e1s: Igen<br \/>\nMagok sz\u00e1ma a csomagban, db: 6<br \/>\nT\u00e1vols\u00e1g: 70&#215;70 cm<br \/>\nVir\u00e1gz\u00e1si id\u0151szak: VI-X<br \/>\nM\u00e1rka: \u017dalia stotel\u0117<br \/>\n\u00dcltet\u00e9s: V-VI<br \/>\nProfesszion\u00e1lis felhaszn\u00e1l\u00e1sra alkalmas: Igen<br \/>\nSz\u00edn: Sz\u00fcrke<br \/>\nCsomagol\u00e1s: 6 mp<br \/>\nVeget\u00e1ci\u00f3: Egyny\u00e1ri<br \/>\nKl\u00edma: Napos, R\u00e9szleges \u00e1rny\u00e9k<br \/>\nA csomagol\u00e1son felt\u00fcntetett nyelvek: LV, EE, EN, DE, LT<\/p>\n<p>&nbsp;<\/p>\n","protected":false},"featured_media":40144,"comment_status":"closed","ping_status":"closed","template":"","meta":[],"product_brand":[],"product_cat":[363],"product_tag":[],"class_list":{"0":"post-40143","1":"product","2":"type-product","3":"status-publish","4":"has-post-thumbnail","6":"product_cat-virag-vetomagok-zalia-stotele","8":"first","9":"instock","10":"taxable","11":"shipping-taxable","12":"purchasable","13":"product-type-simple"},"_links":{"self":[{"href":"https:\/\/chilimag.hu\/webshop\/wp-json\/wp\/v2\/product\/40143","targetHints":{"allow":["GET"]}}],"collection":[{"href":"https:\/\/chilimag.hu\/webshop\/wp-json\/wp\/v2\/product"}],"about":[{"href":"https:\/\/chilimag.hu\/webshop\/wp-json\/wp\/v2\/types\/product"}],"replies":[{"embeddable":true,"href":"https:\/\/chilimag.hu\/webshop\/wp-json\/wp\/v2\/comments?post=40143"}],"wp:featuredmedia":[{"embeddable":true,"href":"https:\/\/chilimag.hu\/webshop\/wp-json\/wp\/v2\/media\/40144"}],"wp:attachment":[{"href":"https:\/\/chilimag.hu\/webshop\/wp-json\/wp\/v2\/media?parent=40143"}],"wp:term":[{"taxonomy":"product_brand","embeddable":true,"href":"https:\/\/chilimag.hu\/webshop\/wp-json\/wp\/v2\/product_brand?post=40143"},{"taxonomy":"product_cat","embeddable":true,"href":"https:\/\/chilimag.hu\/webshop\/wp-json\/wp\/v2\/product_cat?post=40143"},{"taxonomy":"product_tag","embeddable":true,"href":"https:\/\/chilimag.hu\/webshop\/wp-json\/wp\/v2\/product_tag?post=40143"}],"curies":[{"name":"wp","href":"https:\/\/api.w.org\/{rel}","templated":true}]}}