{"id":40141,"date":"2026-02-16T17:04:10","date_gmt":"2026-02-16T17:04:10","guid":{"rendered":"https:\/\/chilimag.hu\/webshop\/?post_type=product&#038;p=40141"},"modified":"2026-03-31T20:41:19","modified_gmt":"2026-03-31T20:41:19","slug":"salata-parris-island-kos-ow-sl","status":"publish","type":"product","link":"https:\/\/chilimag.hu\/webshop\/termek\/salata-parris-island-kos-ow-sl\/","title":{"rendered":"Sal\u00e1ta Parris Island Kos OW SL"},"content":{"rendered":"","protected":false},"excerpt":{"rendered":"<p><img decoding=\"async\" id=\"logo\" class=\"\" src=\"https:\/\/www.organic-way.eu\/wp-content\/uploads\/2023\/02\/Organic-Way.webp\" alt=\"Organic Way\" width=\"153\" height=\"79\" data-height-percentage=\"54\" data-actual-width=\"548\" data-actual-height=\"282\" \/><\/p>\n<p><strong>Term\u00e9kle\u00edr\u00e1s<\/strong><\/p>\n<p>R\u00f3mai sal\u00e1tafajta, fejeket terem. A levelek ropog\u00f3sak \u00e9s l\u00e9d\u00fasak. A n\u00f6v\u00e9nyek nemcsak egyedi \u00edz\u0171ek, hanem dekorat\u00edv jelleg\u00fckkel is kit\u0171nnek. Korai betakar\u00edt\u00e1shoz \u00fcvegh\u00e1zba kell vetni, k\u00e9s\u0151bbi betakar\u00edt\u00e1shoz pedig k\u00f6zvetlen\u00fcl a szabadba. Laza, term\u00e9keny talajban fejl\u0151dik a legjobban.<\/p>\n<p>\u00d6kol\u00f3giai term\u00e9k \u00d6kol\u00f3giai<br \/>\nA fajta korais\u00e1ga Korai<br \/>\nL\u00e9gmentes csomagol\u00e1s Igen<br \/>\nMagok sz\u00e1ma grammonk\u00e9nt ~800-1100<br \/>\nVet\u00e9si id\u0151 talajban IV-VII, X<br \/>\nVet\u00e9si id\u0151 \u00fcvegh\u00e1zban III-IV<br \/>\nT\u00e1vols\u00e1gok, cm 20&#215;25<br \/>\nBetakar\u00edt\u00e1s V-IX<br \/>\nTermesztet\u0151 hely Sz\u00e1nd\u00e9k, \u00fcvegh\u00e1zban<br \/>\nM\u00e1rka: ORGANIC WAY<br \/>\nCsomagol\u00e1s 1 g<br \/>\nKl\u00edma Napos<\/p>\n","protected":false},"featured_media":40142,"comment_status":"closed","ping_status":"closed","template":"","meta":[],"product_brand":[],"product_cat":[354],"product_tag":[],"class_list":{"0":"post-40141","1":"product","2":"type-product","3":"status-publish","4":"has-post-thumbnail","6":"product_cat-organic-way","8":"first","9":"instock","10":"taxable","11":"shipping-taxable","12":"purchasable","13":"product-type-simple"},"_links":{"self":[{"href":"https:\/\/chilimag.hu\/webshop\/wp-json\/wp\/v2\/product\/40141","targetHints":{"allow":["GET"]}}],"collection":[{"href":"https:\/\/chilimag.hu\/webshop\/wp-json\/wp\/v2\/product"}],"about":[{"href":"https:\/\/chilimag.hu\/webshop\/wp-json\/wp\/v2\/types\/product"}],"replies":[{"embeddable":true,"href":"https:\/\/chilimag.hu\/webshop\/wp-json\/wp\/v2\/comments?post=40141"}],"wp:featuredmedia":[{"embeddable":true,"href":"https:\/\/chilimag.hu\/webshop\/wp-json\/wp\/v2\/media\/40142"}],"wp:attachment":[{"href":"https:\/\/chilimag.hu\/webshop\/wp-json\/wp\/v2\/media?parent=40141"}],"wp:term":[{"taxonomy":"product_brand","embeddable":true,"href":"https:\/\/chilimag.hu\/webshop\/wp-json\/wp\/v2\/product_brand?post=40141"},{"taxonomy":"product_cat","embeddable":true,"href":"https:\/\/chilimag.hu\/webshop\/wp-json\/wp\/v2\/product_cat?post=40141"},{"taxonomy":"product_tag","embeddable":true,"href":"https:\/\/chilimag.hu\/webshop\/wp-json\/wp\/v2\/product_tag?post=40141"}],"curies":[{"name":"wp","href":"https:\/\/api.w.org\/{rel}","templated":true}]}}