{"id":40120,"date":"2026-02-15T18:36:16","date_gmt":"2026-02-15T18:36:16","guid":{"rendered":"https:\/\/chilimag.hu\/webshop\/?post_type=product&#038;p=40120"},"modified":"2026-02-15T18:36:59","modified_gmt":"2026-02-15T18:36:59","slug":"effect-universa-pro-05l","status":"publish","type":"product","link":"https:\/\/chilimag.hu\/webshop\/termek\/effect-universa-pro-05l\/","title":{"rendered":"Effect Universa Pro 0,5l"},"content":{"rendered":"","protected":false},"excerpt":{"rendered":"<p><strong>Term\u00e9kle\u00edr\u00e1s<\/strong><\/p>\n<p>Rep\u00fcl\u0151 \u00e9s m\u00e1sz\u00f3 rovarok irt\u00e1s\u00e1ra. Nem haszn\u00e1lhat\u00f3 n\u00f6v\u00e9nyeken vagy n\u00f6v\u00e9nyi alap\u00fa term\u00e9keken. \u00c1ltal\u00e1nos haszn\u00e1latra k\u00e9sz\u00fclt. Ez a rovarirt\u00f3 szer rep\u00fcl\u0151 rovarok (legyek, sz\u00fanyogok) \u00e9s m\u00e1sz\u00f3 rovarok (cs\u00f3t\u00e1nyok, hangy\u00e1k) irt\u00e1s\u00e1ra szolg\u00e1l. Haszn\u00e1latra k\u00e9sz, \u00e9s lak\u00f3\u00f6vezetekben, pinc\u00e9kben, erk\u00e9lyeken, teraszokon, nyaral\u00f3kban \u00e9s m\u00e1s olyan helyis\u00e9gekben alkalmazhat\u00f3, ahol a rovarok gyakran el\u0151fordulnak. \u00c9p\u00fcletek k\u00f6r\u00fcl is haszn\u00e1lhat\u00f3, de csak az \u00e9p\u00fclet m\u0171szaki z\u00f3n\u00e1j\u00e1ban a k\u00fcls\u0151 falt\u00f3l sz\u00e1m\u00edtott 1 m\u00e9teren bel\u00fcl. Az Effect Universal Pro hat\u00e9kony a legyek (Musca domestica), sz\u00fanyogok (Aedes aegypti), cs\u00f3t\u00e1nyok (Blattella germanica) ellen nem por\u00f3zus fel\u00fcleteken, valamint a hangy\u00e1k (Monomorium pharaonis) ellen. A term\u00e9ket k\u00f6zvetlen\u00fcl a k\u00e1rtev\u0151k jelenl\u00e9t\u00e9ben l\u00e9v\u0151 fel\u00fcletekre permetezve kell felvinni. Haszn\u00e1lat el\u0151tt t\u00e1vol\u00edtsa el az \u00e9lelmiszereket, a kis\u00e1llat-ketreceket \u00e9s az \u00e1llatokat a ter\u00fcletr\u0151l. Fedje le vagy t\u00e1vol\u00edtsa el az akv\u00e1riumokat \u00e9s az \u00e9lelmiszerrel \u00e9rintkez\u00e9sbe ker\u00fcl\u0151 t\u00e1rgyakat. A kezel\u00e9s ut\u00e1n hagyja el a helyis\u00e9get, \u00e9s tartsa z\u00e1rva, am\u00edg a fel\u00fcletek teljesen meg nem sz\u00e1radnak. Sz\u00e1rad\u00e1s ut\u00e1n a ter\u00fcletet j\u00f3l szell\u0151ztetni kell, hogy a visszamaradt szagokat elt\u00e1vol\u00edtsuk, miel\u0151tt \u00fajra bel\u00e9pn\u00e9nk.<\/p>\n<p>Felhaszn\u00e1l\u00e1si utas\u00edt\u00e1sok: Nem por\u00f3zus fel\u00fcletek eset\u00e9n 500 ml\/50 m\u00b2 vagy 10 ml\/1 m\u00b2 (10 f\u00faj\u00e1s) mennyis\u00e9get haszn\u00e1ljon. Por\u00f3zus fel\u00fcletek eset\u00e9n 20 ml\/1 m\u00b2 mennyis\u00e9get haszn\u00e1ljon. Betonfel\u00fcletek eset\u00e9n 10\u201340 ml\/1 m\u00b2 (10\u201340 f\u00faj\u00e1s) mennyis\u00e9get haszn\u00e1ljon. Az optim\u00e1lis v\u00e9delem \u00e9rdek\u00e9ben 2-3 hetente vagy alapos tiszt\u00edt\u00e1s ut\u00e1n ism\u00e9telje meg a felvitelt.<\/p>\n<p>Hat\u00f3anyagok: Permetrin (ISO) \u2013 0,25% (0,25 g\/100 g), CAS-sz\u00e1m: 52645-53-1, EK-sz\u00e1m: 258-067-9; Geraniol \u2013 0,01% (0,01 g\/100 g), CAS-sz\u00e1m: 106-24-1, EK-sz\u00e1m: 203-377-1.<\/p>\n<p>M\u00e1rkahat\u00e1s<br \/>\nC\u00e9lja K\u00e1rtev\u0151irt\u00f3 int\u00e9zked\u00e9s<br \/>\nKiszerel\u00e9s 0,5 l<\/p>\n<p>&nbsp;<\/p>\n","protected":false},"featured_media":40121,"comment_status":"closed","ping_status":"closed","template":"","meta":[],"product_brand":[],"product_cat":[391,340],"product_tag":[],"class_list":{"0":"post-40120","1":"product","2":"type-product","3":"status-publish","4":"has-post-thumbnail","6":"product_cat-egyeb-tapoldatok","7":"product_cat-kartevo-csapdak","9":"first","10":"instock","11":"taxable","12":"shipping-taxable","13":"purchasable","14":"product-type-simple"},"_links":{"self":[{"href":"https:\/\/chilimag.hu\/webshop\/wp-json\/wp\/v2\/product\/40120","targetHints":{"allow":["GET"]}}],"collection":[{"href":"https:\/\/chilimag.hu\/webshop\/wp-json\/wp\/v2\/product"}],"about":[{"href":"https:\/\/chilimag.hu\/webshop\/wp-json\/wp\/v2\/types\/product"}],"replies":[{"embeddable":true,"href":"https:\/\/chilimag.hu\/webshop\/wp-json\/wp\/v2\/comments?post=40120"}],"wp:featuredmedia":[{"embeddable":true,"href":"https:\/\/chilimag.hu\/webshop\/wp-json\/wp\/v2\/media\/40121"}],"wp:attachment":[{"href":"https:\/\/chilimag.hu\/webshop\/wp-json\/wp\/v2\/media?parent=40120"}],"wp:term":[{"taxonomy":"product_brand","embeddable":true,"href":"https:\/\/chilimag.hu\/webshop\/wp-json\/wp\/v2\/product_brand?post=40120"},{"taxonomy":"product_cat","embeddable":true,"href":"https:\/\/chilimag.hu\/webshop\/wp-json\/wp\/v2\/product_cat?post=40120"},{"taxonomy":"product_tag","embeddable":true,"href":"https:\/\/chilimag.hu\/webshop\/wp-json\/wp\/v2\/product_tag?post=40120"}],"curies":[{"name":"wp","href":"https:\/\/api.w.org\/{rel}","templated":true}]}}