{"id":40089,"date":"2026-02-14T19:03:38","date_gmt":"2026-02-14T19:03:38","guid":{"rendered":"https:\/\/chilimag.hu\/webshop\/?post_type=product&#038;p=40089"},"modified":"2026-02-14T19:03:38","modified_gmt":"2026-02-14T19:03:38","slug":"alladin-turban-dekortok-b-s","status":"publish","type":"product","link":"https:\/\/chilimag.hu\/webshop\/termek\/alladin-turban-dekortok-b-s\/","title":{"rendered":"Alladin Turban Dekort\u00f6k B-S"},"content":{"rendered":"","protected":false},"excerpt":{"rendered":"<p><img decoding=\"async\" src=\"https:\/\/chilimag.hu\/webshop\/wp-content\/uploads\/2022\/10\/bobby-seeds-test-logo-150x150.png\" \/><\/p>\n<p><strong>Term\u00e9kle\u00edr\u00e1s<\/strong><\/p>\n<p>K\u00f6zepes m\u00e9ret\u0171, sz\u00ednes p\u00fcsp\u00f6kkalap t\u00f6k<\/p>\n<p>Az Aladdin t\u00f6k\u00f6k sz\u00ednben fel\u00fclm\u00falj\u00e1k az \u00f6sszes t\u00f6bbi p\u00fcsp\u00f6kkalap fajt\u00e1t, \u00edgy kiv\u00e1l\u00f3an alkalmasak dekor\u00e1ci\u00f3ra. K\u00f6r\u00fclbel\u00fcl 15-20 cm-esre n\u0151nek, \u00e9s dekorat\u00edv megjelen\u00e9s\u00fck mellett finomak is.<\/p>\n<p>maxima<br \/>\n\u00c9r\u00e9si id\u0151: 100 nap<br \/>\nHagyom\u00e1ny: M\u00e9rs\u00e9kelt<br \/>\nA C. maxima \u00e1ltal\u00e1ban robusztus \u00e9s kiv\u00e1l\u00f3an ehet\u0151 t\u00f6k.<\/p>\n<p>1 adag = 10 mag<br \/>\nEz a fajta meleg, j\u00f3 v\u00edzelvezet\u00e9s\u0171 talajban fejl\u0151dik. A magokat belt\u00e9rben kell el\u00fcltetni, \u00e9s \u00e1prilis v\u00e9g\u00e9n ki\u00fcltetni, vagy m\u00e1jus elej\u00e9n k\u00f6zvetlen\u00fcl a f\u00f6ldbe vetni.<\/p>\n<p>A t\u00f6k\u00f6k \u00fcltet\u00e9si t\u00e1vols\u00e1ga a sz\u0151l\u0151termeszt\u00e9si szok\u00e1sukt\u00f3l f\u00fcgg.<\/p>\n<p>Lehets\u00e9ges k\u00e1rtev\u0151k: Csig\u00e1k, madarak, egerek, lev\u00e9ltetvek, lisztharmat, v\u00edrus<\/p>\n<p>&nbsp;<\/p>\n","protected":false},"featured_media":40090,"comment_status":"closed","ping_status":"closed","template":"","meta":[],"product_brand":[],"product_cat":[345],"product_tag":[],"class_list":{"0":"post-40089","1":"product","2":"type-product","3":"status-publish","4":"has-post-thumbnail","6":"product_cat-suto-fozo-es-disztokok","8":"first","9":"instock","10":"taxable","11":"shipping-taxable","12":"purchasable","13":"product-type-simple"},"_links":{"self":[{"href":"https:\/\/chilimag.hu\/webshop\/wp-json\/wp\/v2\/product\/40089","targetHints":{"allow":["GET"]}}],"collection":[{"href":"https:\/\/chilimag.hu\/webshop\/wp-json\/wp\/v2\/product"}],"about":[{"href":"https:\/\/chilimag.hu\/webshop\/wp-json\/wp\/v2\/types\/product"}],"replies":[{"embeddable":true,"href":"https:\/\/chilimag.hu\/webshop\/wp-json\/wp\/v2\/comments?post=40089"}],"wp:featuredmedia":[{"embeddable":true,"href":"https:\/\/chilimag.hu\/webshop\/wp-json\/wp\/v2\/media\/40090"}],"wp:attachment":[{"href":"https:\/\/chilimag.hu\/webshop\/wp-json\/wp\/v2\/media?parent=40089"}],"wp:term":[{"taxonomy":"product_brand","embeddable":true,"href":"https:\/\/chilimag.hu\/webshop\/wp-json\/wp\/v2\/product_brand?post=40089"},{"taxonomy":"product_cat","embeddable":true,"href":"https:\/\/chilimag.hu\/webshop\/wp-json\/wp\/v2\/product_cat?post=40089"},{"taxonomy":"product_tag","embeddable":true,"href":"https:\/\/chilimag.hu\/webshop\/wp-json\/wp\/v2\/product_tag?post=40089"}],"curies":[{"name":"wp","href":"https:\/\/api.w.org\/{rel}","templated":true}]}}