{"id":40079,"date":"2026-02-14T14:08:39","date_gmt":"2026-02-14T14:08:39","guid":{"rendered":"https:\/\/chilimag.hu\/webshop\/?post_type=product&#038;p=40079"},"modified":"2026-02-14T14:08:39","modified_gmt":"2026-02-14T14:08:39","slug":"keseru-tatarvirag-candytuft-empress-white-organic-seeds-bz-h","status":"publish","type":"product","link":"https:\/\/chilimag.hu\/webshop\/termek\/keseru-tatarvirag-candytuft-empress-white-organic-seeds-bz-h\/","title":{"rendered":"Keser\u0171 tatarvir\u00e1g Candytuft Empress white Organic seeds Bz H"},"content":{"rendered":"","protected":false},"excerpt":{"rendered":"<p><img decoding=\"async\" class=\"attachment-medium \" src=\"https:\/\/purchasingpowerplus.com\/wp-content\/uploads\/2021\/05\/Buzzy-Logo-300x239.jpg\" sizes=\"(max-width: 300px) 100vw, 300px\" srcset=\"https:\/\/purchasingpowerplus.com\/wp-content\/uploads\/2021\/05\/Buzzy-Logo-300x239.jpg 300w, https:\/\/purchasingpowerplus.com\/wp-content\/uploads\/2021\/05\/Buzzy-Logo-768x612.jpg 768w, https:\/\/purchasingpowerplus.com\/wp-content\/uploads\/2021\/05\/Buzzy-Logo-1024x816.jpg 1024w, https:\/\/purchasingpowerplus.com\/wp-content\/uploads\/2021\/05\/Buzzy-Logo.jpg 1500w\" alt=\"\" width=\"149\" height=\"119\" \/><\/p>\n<p><strong>Term\u00e9kle\u00edr\u00e1s<\/strong><\/p>\n<p>Botanikai n\u00e9v: <span id=\"column_2_uc_product_details_ctl04_lbl_ff_desc2\" class=\"value\">Iberis amara<\/span><\/p>\n<p><span id=\"column_2_uc_product_details_ctl04_lbl_ff_desc2\" class=\"value\">M\u00e1rcius k\u00f6zep\u00e9t\u0151l \u00e1prilis k\u00f6zep\u00e9ig vir\u00e1gozhat keretben, vagy \u00e1prilis k\u00f6zep\u00e9t\u0151l m\u00e1jus k\u00f6zep\u00e9ig vir\u00e1g\u00e1gy\u00e1sban szabadf\u00f6ld\u00f6n; 5\/6 h\u00e9t m\u00falva \u00e1t\u00fcltethet\u0151. Illatos vir\u00e1gai vonzz\u00e1k a pillang\u00f3kat. Csoportokban sz\u00e9pen mutat, \u00e9s v\u00e1gott vir\u00e1gnak is kiv\u00e1l\u00f3.<\/span><\/p>\n<p>&nbsp;<\/p>\n","protected":false},"featured_media":40080,"comment_status":"closed","ping_status":"closed","template":"","meta":[],"product_brand":[],"product_cat":[442,439],"product_tag":[],"class_list":{"0":"post-40079","1":"product","2":"type-product","3":"status-publish","4":"has-post-thumbnail","6":"product_cat-micro-greens-organic-sprounting","7":"product_cat-buzzy","9":"first","10":"instock","11":"taxable","12":"shipping-taxable","13":"purchasable","14":"product-type-simple"},"_links":{"self":[{"href":"https:\/\/chilimag.hu\/webshop\/wp-json\/wp\/v2\/product\/40079","targetHints":{"allow":["GET"]}}],"collection":[{"href":"https:\/\/chilimag.hu\/webshop\/wp-json\/wp\/v2\/product"}],"about":[{"href":"https:\/\/chilimag.hu\/webshop\/wp-json\/wp\/v2\/types\/product"}],"replies":[{"embeddable":true,"href":"https:\/\/chilimag.hu\/webshop\/wp-json\/wp\/v2\/comments?post=40079"}],"wp:featuredmedia":[{"embeddable":true,"href":"https:\/\/chilimag.hu\/webshop\/wp-json\/wp\/v2\/media\/40080"}],"wp:attachment":[{"href":"https:\/\/chilimag.hu\/webshop\/wp-json\/wp\/v2\/media?parent=40079"}],"wp:term":[{"taxonomy":"product_brand","embeddable":true,"href":"https:\/\/chilimag.hu\/webshop\/wp-json\/wp\/v2\/product_brand?post=40079"},{"taxonomy":"product_cat","embeddable":true,"href":"https:\/\/chilimag.hu\/webshop\/wp-json\/wp\/v2\/product_cat?post=40079"},{"taxonomy":"product_tag","embeddable":true,"href":"https:\/\/chilimag.hu\/webshop\/wp-json\/wp\/v2\/product_tag?post=40079"}],"curies":[{"name":"wp","href":"https:\/\/api.w.org\/{rel}","templated":true}]}}