{"id":40070,"date":"2026-02-14T13:52:01","date_gmt":"2026-02-14T13:52:01","guid":{"rendered":"https:\/\/chilimag.hu\/webshop\/?post_type=product&#038;p=40070"},"modified":"2026-03-14T14:53:22","modified_gmt":"2026-03-14T14:53:22","slug":"vetoburgonya-bintje-1-kg-bz-h","status":"publish","type":"product","link":"https:\/\/chilimag.hu\/webshop\/termek\/vetoburgonya-bintje-1-kg-bz-h\/","title":{"rendered":".Vet\u0151burgonya Bintje 1 Kg Bz H"},"content":{"rendered":"","protected":false},"excerpt":{"rendered":"<p><img decoding=\"async\" class=\"attachment-medium \" src=\"https:\/\/purchasingpowerplus.com\/wp-content\/uploads\/2021\/05\/Buzzy-Logo-300x239.jpg\" sizes=\"(max-width: 300px) 100vw, 300px\" srcset=\"https:\/\/purchasingpowerplus.com\/wp-content\/uploads\/2021\/05\/Buzzy-Logo-300x239.jpg 300w, https:\/\/purchasingpowerplus.com\/wp-content\/uploads\/2021\/05\/Buzzy-Logo-768x612.jpg 768w, https:\/\/purchasingpowerplus.com\/wp-content\/uploads\/2021\/05\/Buzzy-Logo-1024x816.jpg 1024w, https:\/\/purchasingpowerplus.com\/wp-content\/uploads\/2021\/05\/Buzzy-Logo.jpg 1500w\" alt=\"\" width=\"149\" height=\"119\" \/><\/p>\n<p><strong>Term\u00e9kle\u00edr\u00e1s<\/strong><\/p>\n<div data-subtree=\"aimfl\" data-complete=\"true\">A Bintje az egyik legismertebb \u00e9s legn\u00e9pszer\u0171bb eur\u00f3pai burgonyafajta,\u00a0amely 1904-ben sz\u00fcletett Hollandi\u00e1ban. K\u00fcl\u00f6nlegess\u00e9ge a sokoldal\u00fas\u00e1g\u00e1ban rejlik: ez a fajta a tradicion\u00e1lis <strong class=\"Yjhzub\" data-complete=\"true\">belga s\u00fclt krumpli<\/strong> \u00e9s a min\u0151s\u00e9gi burgonyachips legf\u0151bb alapanyaga.<\/div>\n<ul class=\"KsbFXc U6u95\" data-complete=\"true\" data-processed=\"true\">\n<li data-hveid=\"CAQQAA\" data-complete=\"true\" data-sae=\"\"><span class=\"T286Pc\" data-sfc-cp=\"\" data-complete=\"true\"><strong class=\"Yjhzub\" data-complete=\"true\">T\u00edpus:<\/strong> \u00c1ltal\u00e1ban a <strong class=\"Yjhzub\" data-complete=\"true\">BC<\/strong> (m\u00e9rs\u00e9kelten sz\u00e9tf\u0151v\u0151, lisztes) kateg\u00f3ri\u00e1ba sorolj\u00e1k.<\/span><\/li>\n<li data-hveid=\"CAQQAQ\" data-complete=\"true\" data-sae=\"\"><span class=\"T286Pc\" data-sfc-cp=\"\" data-complete=\"true\"><strong class=\"Yjhzub\" data-complete=\"true\">Megjelen\u00e9s:<\/strong> K\u00f6zepesen nagy, ov\u00e1lis gum\u00f3k, halv\u00e1nys\u00e1rga h\u00e9jjal \u00e9s s\u00e1rga h\u00fassal.<\/span><\/li>\n<li data-hveid=\"CAQQAg\" data-complete=\"true\" data-sae=\"\"><span class=\"T286Pc\" data-sfc-cp=\"\" data-complete=\"true\" aria-owns=\"action-menu-parent-container\"><span class=\"T286Pc\" data-sfc-cp=\"\" data-complete=\"true\" aria-owns=\"action-menu-parent-container\"><strong class=\"Yjhzub\" data-complete=\"true\">\u00cdz:<\/strong> Enyh\u00e9n \u00e9desk\u00e9s, di\u00f3s arom\u00e1j\u00fa.<\/span><\/span>\n<div class=\"Y3BBE\" data-sfc-cp=\"\" data-hveid=\"CAYQAA\" data-complete=\"true\" data-processed=\"true\">B\u00e1r szinte minden konyhai m\u0171velethez alkalmas (all-purpose), bizonyos \u00e9telekhez verhetetlen:<button class=\"rBl3me\" tabindex=\"0\" data-amic=\"true\" data-icl-uuid=\"50b77e5a-076f-48a0-9a06-ac776b23e87a\" aria-label=\"Kapcsol\u00f3d\u00f3 linkek megjelen\u00edt\u00e9se\" data-wiz-attrbind=\"disabled=PcVG5c_1i\/C5gNJc;aria-label=PcVG5c_1i\/bOjMyf;class=PcVG5c_1i\/UpSNec\" data-ved=\"2ahUKEwjJ8O7_j9mSAxXJ8QIHHXBRFocQye0OegQIBhAB\"><\/button><\/div>\n<ol class=\"IaGLZe VimKh\" data-complete=\"true\" data-processed=\"true\">\n<li data-hveid=\"CAgQAA\" data-complete=\"true\" data-sae=\"\"><span class=\"T286Pc\" data-sfc-cp=\"\" data-complete=\"true\"><strong class=\"Yjhzub\" data-complete=\"true\">S\u00fct\u00e9shez:<\/strong> Magas kem\u00e9ny\u00edt\u0151tartalma miatt k\u00edv\u00fcl ropog\u00f3s, bel\u00fcl pedig puha, &#8222;felh\u0151s&#8221; marad.<\/span><\/li>\n<li data-hveid=\"CAgQAQ\" data-complete=\"true\" data-sae=\"\"><span class=\"T286Pc\" data-sfc-cp=\"\" data-complete=\"true\"><strong class=\"Yjhzub\" data-complete=\"true\">P\u00fcr\u00e9hez:<\/strong> K\u00f6nnyen kr\u00e9mes\u00edthet\u0151, kiv\u00e1l\u00f3 burgonyap\u00fcr\u00e9 vagy holland <em class=\"eujQNb\" data-complete=\"true\">stamppot<\/em>k\u00e9sz\u00edthet\u0151 bel\u0151le.<\/span><\/li>\n<li data-hveid=\"CAgQAg\" data-complete=\"true\" data-sae=\"\"><span class=\"T286Pc\" data-sfc-cp=\"\" data-complete=\"true\" aria-owns=\"action-menu-parent-container\"><strong class=\"Yjhzub\" data-complete=\"true\">F\u0151z\u00e9shez:<\/strong> Alkalmas levesekbe \u00e9s egyt\u00e1l\u00e9telekbe is, b\u00e1r t\u00falf\u0151zve sz\u00e9teshet.<\/span><\/li>\n<\/ol>\n<\/li>\n<\/ul>\n<p>&nbsp;<\/p>\n<p>&nbsp;<\/p>\n<p>&nbsp;<\/p>\n","protected":false},"featured_media":40071,"comment_status":"closed","ping_status":"closed","template":"","meta":[],"product_brand":[],"product_cat":[439,343,472],"product_tag":[],"class_list":{"0":"post-40070","1":"product","2":"type-product","3":"status-publish","4":"has-post-thumbnail","6":"product_cat-buzzy","7":"product_cat-akciok","8":"product_cat-mycelium-es-szezonalis-termekek","10":"first","11":"instock","12":"taxable","13":"shipping-taxable","14":"purchasable","15":"product-type-simple"},"_links":{"self":[{"href":"https:\/\/chilimag.hu\/webshop\/wp-json\/wp\/v2\/product\/40070","targetHints":{"allow":["GET"]}}],"collection":[{"href":"https:\/\/chilimag.hu\/webshop\/wp-json\/wp\/v2\/product"}],"about":[{"href":"https:\/\/chilimag.hu\/webshop\/wp-json\/wp\/v2\/types\/product"}],"replies":[{"embeddable":true,"href":"https:\/\/chilimag.hu\/webshop\/wp-json\/wp\/v2\/comments?post=40070"}],"wp:featuredmedia":[{"embeddable":true,"href":"https:\/\/chilimag.hu\/webshop\/wp-json\/wp\/v2\/media\/40071"}],"wp:attachment":[{"href":"https:\/\/chilimag.hu\/webshop\/wp-json\/wp\/v2\/media?parent=40070"}],"wp:term":[{"taxonomy":"product_brand","embeddable":true,"href":"https:\/\/chilimag.hu\/webshop\/wp-json\/wp\/v2\/product_brand?post=40070"},{"taxonomy":"product_cat","embeddable":true,"href":"https:\/\/chilimag.hu\/webshop\/wp-json\/wp\/v2\/product_cat?post=40070"},{"taxonomy":"product_tag","embeddable":true,"href":"https:\/\/chilimag.hu\/webshop\/wp-json\/wp\/v2\/product_tag?post=40070"}],"curies":[{"name":"wp","href":"https:\/\/api.w.org\/{rel}","templated":true}]}}