{"id":40068,"date":"2026-02-14T13:47:26","date_gmt":"2026-02-14T13:47:26","guid":{"rendered":"https:\/\/chilimag.hu\/webshop\/?post_type=product&#038;p=40068"},"modified":"2026-04-02T18:27:52","modified_gmt":"2026-04-02T18:27:52","slug":"vetoburgonya-bildtstar-1-kg-bz-h","status":"publish","type":"product","link":"https:\/\/chilimag.hu\/webshop\/termek\/vetoburgonya-bildtstar-1-kg-bz-h\/","title":{"rendered":".Vet\u0151burgonya Bildtstar 1 Kg Bz H"},"content":{"rendered":"","protected":false},"excerpt":{"rendered":"<p><img decoding=\"async\" class=\"attachment-medium \" src=\"https:\/\/purchasingpowerplus.com\/wp-content\/uploads\/2021\/05\/Buzzy-Logo-300x239.jpg\" sizes=\"(max-width: 300px) 100vw, 300px\" srcset=\"https:\/\/purchasingpowerplus.com\/wp-content\/uploads\/2021\/05\/Buzzy-Logo-300x239.jpg 300w, https:\/\/purchasingpowerplus.com\/wp-content\/uploads\/2021\/05\/Buzzy-Logo-768x612.jpg 768w, https:\/\/purchasingpowerplus.com\/wp-content\/uploads\/2021\/05\/Buzzy-Logo-1024x816.jpg 1024w, https:\/\/purchasingpowerplus.com\/wp-content\/uploads\/2021\/05\/Buzzy-Logo.jpg 1500w\" alt=\"\" width=\"149\" height=\"119\" \/><\/p>\n<p><strong>Term\u00e9kle\u00edr\u00e1s<\/strong><\/p>\n<div data-subtree=\"aimfl\" data-complete=\"true\">A<\/div>\n<p><strong><strong class=\"Yjhzub\" data-complete=\"true\">Bildtstar burgonya egy n\u00e9pszer\u0171, piros h\u00e9j\u00fa, s\u00e1rga h\u00fas\u00fa burgonyafajta, amely Hollandi\u00e1b\u00f3l sz\u00e1rmazik, \u00e9s f\u0151k\u00e9nt f\u0151z\u00e9sre, s\u00fct\u00e9sre, valamint has\u00e1bburgonya k\u00e9sz\u00edt\u00e9s\u00e9re alkalmas.<\/strong><\/strong><span class=\"T286Pc\" data-sfc-cp=\"\" data-complete=\"true\"><strong class=\"Yjhzub\" data-complete=\"true\">T\u00edpus<\/strong>: Valamennyire viaszos, kem\u00e9ny\u00edt\u0151tartalm\u00fa fajta, amely j\u00f3l tartja form\u00e1j\u00e1t f\u0151z\u00e9s k\u00f6zben is.<\/span><\/p>\n<ul class=\"KsbFXc U6u95\" data-complete=\"true\" data-processed=\"true\">\n<li data-hveid=\"CAQQAQ\" data-complete=\"true\" data-sae=\"\"><span class=\"T286Pc\" data-sfc-cp=\"\" data-complete=\"true\"><strong class=\"Yjhzub\" data-complete=\"true\">Megjelen\u00e9s<\/strong>: Jellegzetess\u00e9ge a <strong class=\"Yjhzub\" data-complete=\"true\">piros h\u00e9j<\/strong> \u00e9s a kr\u00e9mes, <strong class=\"Yjhzub\" data-complete=\"true\">s\u00f6t\u00e9ts\u00e1rga\/s\u00e1rga h\u00fas<\/strong>.<\/span><\/li>\n<li data-hveid=\"CAQQAg\" data-complete=\"true\" data-sae=\"\"><span class=\"T286Pc\" data-sfc-cp=\"\" data-complete=\"true\" aria-owns=\"action-menu-parent-container\"><strong class=\"Yjhzub\" data-complete=\"true\">Felhaszn\u00e1l\u00e1si javaslatok<\/strong>: A Reddit felhaszn\u00e1l\u00f3i \u00e9s m\u00e1s forr\u00e1sok szerint kiv\u00e1l\u00f3an alkalmas f\u0151z\u00e9sre \u00e9s s\u00fct\u00e9sre egyar\u00e1nt, p\u00e9ld\u00e1ul has\u00e1bburgony\u00e1nak (frit\u0151zben s\u00fctve).<\/span><\/li>\n<\/ul>\n<p>&nbsp;<\/p>\n<p>&nbsp;<\/p>\n","protected":false},"featured_media":40069,"comment_status":"closed","ping_status":"closed","template":"","meta":[],"product_brand":[],"product_cat":[439,343,472],"product_tag":[],"class_list":{"0":"post-40068","1":"product","2":"type-product","3":"status-publish","4":"has-post-thumbnail","6":"product_cat-buzzy","7":"product_cat-akciok","8":"product_cat-mycelium-es-szezonalis-termekek","10":"first","11":"instock","12":"taxable","13":"shipping-taxable","14":"purchasable","15":"product-type-simple"},"_links":{"self":[{"href":"https:\/\/chilimag.hu\/webshop\/wp-json\/wp\/v2\/product\/40068","targetHints":{"allow":["GET"]}}],"collection":[{"href":"https:\/\/chilimag.hu\/webshop\/wp-json\/wp\/v2\/product"}],"about":[{"href":"https:\/\/chilimag.hu\/webshop\/wp-json\/wp\/v2\/types\/product"}],"replies":[{"embeddable":true,"href":"https:\/\/chilimag.hu\/webshop\/wp-json\/wp\/v2\/comments?post=40068"}],"wp:featuredmedia":[{"embeddable":true,"href":"https:\/\/chilimag.hu\/webshop\/wp-json\/wp\/v2\/media\/40069"}],"wp:attachment":[{"href":"https:\/\/chilimag.hu\/webshop\/wp-json\/wp\/v2\/media?parent=40068"}],"wp:term":[{"taxonomy":"product_brand","embeddable":true,"href":"https:\/\/chilimag.hu\/webshop\/wp-json\/wp\/v2\/product_brand?post=40068"},{"taxonomy":"product_cat","embeddable":true,"href":"https:\/\/chilimag.hu\/webshop\/wp-json\/wp\/v2\/product_cat?post=40068"},{"taxonomy":"product_tag","embeddable":true,"href":"https:\/\/chilimag.hu\/webshop\/wp-json\/wp\/v2\/product_tag?post=40068"}],"curies":[{"name":"wp","href":"https:\/\/api.w.org\/{rel}","templated":true}]}}