{"id":40048,"date":"2026-02-14T12:25:11","date_gmt":"2026-02-14T12:25:11","guid":{"rendered":"https:\/\/chilimag.hu\/webshop\/?post_type=product&#038;p=40048"},"modified":"2026-04-10T10:36:09","modified_gmt":"2026-04-10T10:36:09","slug":"dughagyma-setton-250-gr-bz-h","status":"publish","type":"product","link":"https:\/\/chilimag.hu\/webshop\/termek\/dughagyma-setton-250-gr-bz-h\/","title":{"rendered":".Dughagyma Setton 250 gr Bz H"},"content":{"rendered":"","protected":false},"excerpt":{"rendered":"<p><img decoding=\"async\" class=\"attachment-medium \" src=\"https:\/\/purchasingpowerplus.com\/wp-content\/uploads\/2021\/05\/Buzzy-Logo-300x239.jpg\" sizes=\"(max-width: 300px) 100vw, 300px\" srcset=\"https:\/\/purchasingpowerplus.com\/wp-content\/uploads\/2021\/05\/Buzzy-Logo-300x239.jpg 300w, https:\/\/purchasingpowerplus.com\/wp-content\/uploads\/2021\/05\/Buzzy-Logo-768x612.jpg 768w, https:\/\/purchasingpowerplus.com\/wp-content\/uploads\/2021\/05\/Buzzy-Logo-1024x816.jpg 1024w, https:\/\/purchasingpowerplus.com\/wp-content\/uploads\/2021\/05\/Buzzy-Logo.jpg 1500w\" alt=\"\" width=\"149\" height=\"119\" \/><\/p>\n<p><strong>Term\u00e9kle\u00edr\u00e1s<\/strong><\/p>\n<p>A Setton nagyon egyforma, kerek hagym\u00e1t terem. A Setton er\u0151s h\u00e9j\u00fa, k\u00f6zepes nyak\u00fa \u00e9s aranys\u00e1rga sz\u00edn\u0171. Megfelel\u0151 k\u00f6r\u00fclm\u00e9nyek k\u00f6z\u00f6tt ez a hagymak\u00e9szlet eg\u00e9sz \u00e9vben t\u00e1rolhat\u00f3.<\/p>\n<p>\u00dcltet\u00e9si id\u0151 m\u00e1rcius-\u00e1prilis. Betakar\u00edt\u00e1si id\u0151 j\u00fanius-j\u00falius.<\/p>\n<p>&nbsp;<\/p>\n","protected":false},"featured_media":40049,"comment_status":"closed","ping_status":"closed","template":"","meta":[],"product_brand":[],"product_cat":[439,472],"product_tag":[],"class_list":{"0":"post-40048","1":"product","2":"type-product","3":"status-publish","4":"has-post-thumbnail","6":"product_cat-buzzy","7":"product_cat-mycelium-es-szezonalis-termekek","9":"first","10":"outofstock","11":"taxable","12":"shipping-taxable","13":"purchasable","14":"product-type-simple"},"_links":{"self":[{"href":"https:\/\/chilimag.hu\/webshop\/wp-json\/wp\/v2\/product\/40048","targetHints":{"allow":["GET"]}}],"collection":[{"href":"https:\/\/chilimag.hu\/webshop\/wp-json\/wp\/v2\/product"}],"about":[{"href":"https:\/\/chilimag.hu\/webshop\/wp-json\/wp\/v2\/types\/product"}],"replies":[{"embeddable":true,"href":"https:\/\/chilimag.hu\/webshop\/wp-json\/wp\/v2\/comments?post=40048"}],"wp:featuredmedia":[{"embeddable":true,"href":"https:\/\/chilimag.hu\/webshop\/wp-json\/wp\/v2\/media\/40049"}],"wp:attachment":[{"href":"https:\/\/chilimag.hu\/webshop\/wp-json\/wp\/v2\/media?parent=40048"}],"wp:term":[{"taxonomy":"product_brand","embeddable":true,"href":"https:\/\/chilimag.hu\/webshop\/wp-json\/wp\/v2\/product_brand?post=40048"},{"taxonomy":"product_cat","embeddable":true,"href":"https:\/\/chilimag.hu\/webshop\/wp-json\/wp\/v2\/product_cat?post=40048"},{"taxonomy":"product_tag","embeddable":true,"href":"https:\/\/chilimag.hu\/webshop\/wp-json\/wp\/v2\/product_tag?post=40048"}],"curies":[{"name":"wp","href":"https:\/\/api.w.org\/{rel}","templated":true}]}}