{"id":40044,"date":"2026-02-14T12:03:57","date_gmt":"2026-02-14T12:03:57","guid":{"rendered":"https:\/\/chilimag.hu\/webshop\/?post_type=product&#038;p=40044"},"modified":"2026-04-12T06:12:18","modified_gmt":"2026-04-12T06:12:18","slug":"dughagyma-romy-250-gr-bh-h","status":"publish","type":"product","link":"https:\/\/chilimag.hu\/webshop\/termek\/dughagyma-romy-250-gr-bh-h\/","title":{"rendered":".Dughagyma Romy 250 gr Bh H"},"content":{"rendered":"","protected":false},"excerpt":{"rendered":"<p><img decoding=\"async\" class=\"attachment-medium \" src=\"https:\/\/purchasingpowerplus.com\/wp-content\/uploads\/2021\/05\/Buzzy-Logo-300x239.jpg\" sizes=\"(max-width: 300px) 100vw, 300px\" srcset=\"https:\/\/purchasingpowerplus.com\/wp-content\/uploads\/2021\/05\/Buzzy-Logo-300x239.jpg 300w, https:\/\/purchasingpowerplus.com\/wp-content\/uploads\/2021\/05\/Buzzy-Logo-768x612.jpg 768w, https:\/\/purchasingpowerplus.com\/wp-content\/uploads\/2021\/05\/Buzzy-Logo-1024x816.jpg 1024w, https:\/\/purchasingpowerplus.com\/wp-content\/uploads\/2021\/05\/Buzzy-Logo.jpg 1500w\" alt=\"\" width=\"151\" height=\"120\" \/><\/p>\n<p><strong>Term\u00e9kle\u00edr\u00e1s<\/strong><\/p>\n<p><strong>A Romy k\u00f6z\u00e9pkorai \u00e9r\u00e9s\u0171, kem\u00e9ny, egyenletesen kerek hagym\u00e1t terem, v\u00e9kony nyakkal \u00e9s m\u00e9lyv\u00f6r\u00f6st\u0151l lil\u00e1sig terjed\u0151 sz\u00ednnel. Ez a faj b\u00e1rmilyen talajt\u00edpuson termeszthet\u0151, \u00e9s r\u00e9szben er\u0151s h\u00e9ja miatt alkalmas r\u00f6vid t\u00e1v\u00fa t\u00e1rol\u00e1sra. \u00c1prilist\u00f3l m\u00e1jus k\u00f6zep\u00e9ig \u00fcltethet\u0151. J\u00faliust\u00f3l augusztusig betakar\u00edthat\u00f3. \u00dcltet\u00e9sig h\u0171v\u00f6s \u00e9s sz\u00e1raz helyen t\u00e1roland\u00f3.<\/strong><\/p>\n<p>&nbsp;<\/p>\n","protected":false},"featured_media":40045,"comment_status":"closed","ping_status":"closed","template":"","meta":[],"product_brand":[],"product_cat":[439,472],"product_tag":[],"class_list":{"0":"post-40044","1":"product","2":"type-product","3":"status-publish","4":"has-post-thumbnail","6":"product_cat-buzzy","7":"product_cat-mycelium-es-szezonalis-termekek","9":"first","10":"outofstock","11":"taxable","12":"shipping-taxable","13":"purchasable","14":"product-type-simple"},"_links":{"self":[{"href":"https:\/\/chilimag.hu\/webshop\/wp-json\/wp\/v2\/product\/40044","targetHints":{"allow":["GET"]}}],"collection":[{"href":"https:\/\/chilimag.hu\/webshop\/wp-json\/wp\/v2\/product"}],"about":[{"href":"https:\/\/chilimag.hu\/webshop\/wp-json\/wp\/v2\/types\/product"}],"replies":[{"embeddable":true,"href":"https:\/\/chilimag.hu\/webshop\/wp-json\/wp\/v2\/comments?post=40044"}],"wp:featuredmedia":[{"embeddable":true,"href":"https:\/\/chilimag.hu\/webshop\/wp-json\/wp\/v2\/media\/40045"}],"wp:attachment":[{"href":"https:\/\/chilimag.hu\/webshop\/wp-json\/wp\/v2\/media?parent=40044"}],"wp:term":[{"taxonomy":"product_brand","embeddable":true,"href":"https:\/\/chilimag.hu\/webshop\/wp-json\/wp\/v2\/product_brand?post=40044"},{"taxonomy":"product_cat","embeddable":true,"href":"https:\/\/chilimag.hu\/webshop\/wp-json\/wp\/v2\/product_cat?post=40044"},{"taxonomy":"product_tag","embeddable":true,"href":"https:\/\/chilimag.hu\/webshop\/wp-json\/wp\/v2\/product_tag?post=40044"}],"curies":[{"name":"wp","href":"https:\/\/api.w.org\/{rel}","templated":true}]}}