{"id":40039,"date":"2026-02-14T11:51:42","date_gmt":"2026-02-14T11:51:42","guid":{"rendered":"https:\/\/chilimag.hu\/webshop\/?post_type=product&#038;p=40039"},"modified":"2026-04-12T10:23:50","modified_gmt":"2026-04-12T10:23:50","slug":"dughagyma-snowball-250g","status":"publish","type":"product","link":"https:\/\/chilimag.hu\/webshop\/termek\/dughagyma-snowball-250g\/","title":{"rendered":".Dughagyma Snowball 250g"},"content":{"rendered":"","protected":false},"excerpt":{"rendered":"<p><img decoding=\"async\" class=\"attachment-medium \" src=\"https:\/\/purchasingpowerplus.com\/wp-content\/uploads\/2021\/05\/Buzzy-Logo-300x239.jpg\" sizes=\"(max-width: 300px) 100vw, 300px\" srcset=\"https:\/\/purchasingpowerplus.com\/wp-content\/uploads\/2021\/05\/Buzzy-Logo-300x239.jpg 300w, https:\/\/purchasingpowerplus.com\/wp-content\/uploads\/2021\/05\/Buzzy-Logo-768x612.jpg 768w, https:\/\/purchasingpowerplus.com\/wp-content\/uploads\/2021\/05\/Buzzy-Logo-1024x816.jpg 1024w, https:\/\/purchasingpowerplus.com\/wp-content\/uploads\/2021\/05\/Buzzy-Logo.jpg 1500w\" alt=\"\" width=\"149\" height=\"119\" \/><\/p>\n<p><strong>Term\u00e9kle\u00edr\u00e1s<\/strong><\/p>\n<p><strong>A White Snowball kiv\u00e1l\u00f3, enyhe \u00edz\u0171. Magas, ov\u00e1lis feh\u00e9r hagyma, \u00fcvegh\u00e1zi \u00e9s szabadf\u00f6ldi termeszt\u00e9sre. Nagyon egy\u00f6ntet\u0171 \u00e9s b\u0151 term\u0151k\u00e9pess\u00e9g\u0171 fajta. J\u00f3 h\u00e9j\u00e1ll\u00f3s\u00e1g, ami megk\u00f6nny\u00edti a t\u00e1rol\u00e1st. A Snowball kerekdedebb, mint a jelenlegi hagymafajt\u00e1k. J\u00f3 hajt\u00e1st\u0171r\u0151 k\u00e9pess\u00e9g. \u00dcltet\u00e9si id\u0151 m\u00e1rciust\u00f3l \u00e1prilisig. Betakar\u00edt\u00e1s j\u00fanius-j\u00faliusban.<\/strong><\/p>\n<p>&nbsp;<\/p>\n","protected":false},"featured_media":40040,"comment_status":"closed","ping_status":"closed","template":"","meta":[],"product_brand":[],"product_cat":[472,343,439],"product_tag":[],"class_list":{"0":"post-40039","1":"product","2":"type-product","3":"status-publish","4":"has-post-thumbnail","6":"product_cat-mycelium-es-szezonalis-termekek","7":"product_cat-akciok","8":"product_cat-buzzy","10":"first","11":"outofstock","12":"taxable","13":"shipping-taxable","14":"purchasable","15":"product-type-simple"},"_links":{"self":[{"href":"https:\/\/chilimag.hu\/webshop\/wp-json\/wp\/v2\/product\/40039","targetHints":{"allow":["GET"]}}],"collection":[{"href":"https:\/\/chilimag.hu\/webshop\/wp-json\/wp\/v2\/product"}],"about":[{"href":"https:\/\/chilimag.hu\/webshop\/wp-json\/wp\/v2\/types\/product"}],"replies":[{"embeddable":true,"href":"https:\/\/chilimag.hu\/webshop\/wp-json\/wp\/v2\/comments?post=40039"}],"wp:featuredmedia":[{"embeddable":true,"href":"https:\/\/chilimag.hu\/webshop\/wp-json\/wp\/v2\/media\/40040"}],"wp:attachment":[{"href":"https:\/\/chilimag.hu\/webshop\/wp-json\/wp\/v2\/media?parent=40039"}],"wp:term":[{"taxonomy":"product_brand","embeddable":true,"href":"https:\/\/chilimag.hu\/webshop\/wp-json\/wp\/v2\/product_brand?post=40039"},{"taxonomy":"product_cat","embeddable":true,"href":"https:\/\/chilimag.hu\/webshop\/wp-json\/wp\/v2\/product_cat?post=40039"},{"taxonomy":"product_tag","embeddable":true,"href":"https:\/\/chilimag.hu\/webshop\/wp-json\/wp\/v2\/product_tag?post=40039"}],"curies":[{"name":"wp","href":"https:\/\/api.w.org\/{rel}","templated":true}]}}