{"id":40036,"date":"2026-02-14T11:38:47","date_gmt":"2026-02-14T11:38:47","guid":{"rendered":"https:\/\/chilimag.hu\/webshop\/?post_type=product&#038;p=40036"},"modified":"2026-02-14T11:39:32","modified_gmt":"2026-02-14T11:39:32","slug":"paprika-lombardo-franchi-h","status":"publish","type":"product","link":"https:\/\/chilimag.hu\/webshop\/termek\/paprika-lombardo-franchi-h\/","title":{"rendered":"Paprika Lombardo Franchi H"},"content":{"rendered":"","protected":false},"excerpt":{"rendered":"<p><img decoding=\"async\" class=\"image\" title=\"FRANCHI SEMENTI\" src=\"https:\/\/shop.viridea.it\/media\/amasty\/shopby\/option_images\/franchi-sementi-logo_1.jpg\" alt=\"Franchi Sementi\" \/><\/p>\n<p>Botanikai n\u00e9v: Capsicum annuum<\/p>\n<div data-subtree=\"aimfl\" data-complete=\"true\"><\/div>\n<p><strong class=\"Yjhzub\" data-complete=\"true\">A Lombardo paprika<\/strong> egy \u00e9szak-<mark class=\"HxTRcb\" data-complete=\"true\" data-sae=\"\">olaszorsz\u00e1gi eredet\u0171, <strong class=\"Yjhzub\" data-complete=\"true\">nagyon korai \u00e9s b\u0151term\u0151<\/strong> fajta, amely hossz\u00fa, v\u00e9kony, \u00e9des vagy enyh\u00e9n cs\u00edp\u0151s term\u00e9seir\u0151l ismert, ide\u00e1lis savany\u00edt\u00e1sra vagy friss fogyaszt\u00e1sra.<\/mark><\/p>\n<ul class=\"KsbFXc U6u95\" data-complete=\"true\" data-processed=\"true\">\n<li data-hveid=\"CAQQAA\" data-complete=\"true\" data-sae=\"\"><span class=\"T286Pc\" data-sfc-cp=\"\" data-complete=\"true\"><strong class=\"Yjhzub\" data-complete=\"true\">Term\u00e9s:<\/strong> A gy\u00fcm\u00f6lcs\u00f6k v\u00e9konyak (k\u00f6r\u00fclbel\u00fcl 2,5 cm \u00e1tm\u00e9r\u0151j\u0171ek), megny\u00faltak (ak\u00e1r 11 cm hossz\u00faak), falvastags\u00e1guk 2 mm, s\u00falyuk 40-45 g. \u00c9retten piros sz\u00edn\u0171ek. A fajt\u00e1t\u00f3l f\u00fcgg\u0151en lehet \u00e9des (p\u00e9ld\u00e1ul &#8216;Lombardo Tago F.1&#8217;) vagy enyh\u00e9n cs\u00edp\u0151s (&#8216;Cs\u00edp\u0151s paprika Lombardo&#8217;).<\/span><\/li>\n<li data-hveid=\"CAQQAQ\" data-complete=\"true\" data-sae=\"\"><span class=\"T286Pc\" data-sfc-cp=\"\" data-complete=\"true\"><strong class=\"Yjhzub\" data-complete=\"true\">N\u00f6v\u00e9ny:<\/strong> K\u00f6zepes magass\u00e1g\u00fa, d\u00fas n\u00f6v\u00e9ny, amely szabadf\u00f6ld\u00f6n \u00e9s \u00fcvegh\u00e1zban egyar\u00e1nt termeszthet\u0151.<\/span><\/li>\n<li data-hveid=\"CAQQAg\" data-complete=\"true\" data-sae=\"\"><span class=\"T286Pc\" data-sfc-cp=\"\" data-complete=\"true\"><strong class=\"Yjhzub\" data-complete=\"true\">Termeszt\u00e9si ig\u00e9ny:<\/strong> A paprika \u00e9rz\u00e9keny a nedvess\u00e9ghi\u00e1nyra, ez\u00e9rt a rendszeres \u00e9s alapos \u00f6nt\u00f6z\u00e9s kiemelten fontos, k\u00fcl\u00f6n\u00f6sen a ny\u00e1ri melegben. A magok gyorsan cs\u00edr\u00e1znak 27-32 \u00b0C k\u00f6z\u00f6tti talajh\u0151m\u00e9rs\u00e9kleten.<\/span><\/li>\n<li data-hveid=\"CAQQAw\" data-complete=\"true\" data-sae=\"\"><span class=\"T286Pc\" data-sfc-cp=\"\" data-complete=\"true\" aria-owns=\"action-menu-parent-container\"><strong class=\"Yjhzub\" data-complete=\"true\">Felhaszn\u00e1l\u00e1s:<\/strong> Kiv\u00e1l\u00f3an alkalmas friss fogyaszt\u00e1sra, f\u0171szerpaprika k\u00e9sz\u00edt\u00e9s\u00e9re vagy savany\u00edt\u00e1sra.<\/span><\/li>\n<\/ul>\n<p>A csomag 1,5 gr magot tartalmaz<\/p>\n","protected":false},"featured_media":40037,"comment_status":"closed","ping_status":"closed","template":"","meta":[],"product_brand":[],"product_cat":[437],"product_tag":[],"class_list":{"0":"post-40036","1":"product","2":"type-product","3":"status-publish","4":"has-post-thumbnail","6":"product_cat-franchi","8":"first","9":"instock","10":"taxable","11":"shipping-taxable","12":"purchasable","13":"product-type-simple"},"_links":{"self":[{"href":"https:\/\/chilimag.hu\/webshop\/wp-json\/wp\/v2\/product\/40036","targetHints":{"allow":["GET"]}}],"collection":[{"href":"https:\/\/chilimag.hu\/webshop\/wp-json\/wp\/v2\/product"}],"about":[{"href":"https:\/\/chilimag.hu\/webshop\/wp-json\/wp\/v2\/types\/product"}],"replies":[{"embeddable":true,"href":"https:\/\/chilimag.hu\/webshop\/wp-json\/wp\/v2\/comments?post=40036"}],"wp:featuredmedia":[{"embeddable":true,"href":"https:\/\/chilimag.hu\/webshop\/wp-json\/wp\/v2\/media\/40037"}],"wp:attachment":[{"href":"https:\/\/chilimag.hu\/webshop\/wp-json\/wp\/v2\/media?parent=40036"}],"wp:term":[{"taxonomy":"product_brand","embeddable":true,"href":"https:\/\/chilimag.hu\/webshop\/wp-json\/wp\/v2\/product_brand?post=40036"},{"taxonomy":"product_cat","embeddable":true,"href":"https:\/\/chilimag.hu\/webshop\/wp-json\/wp\/v2\/product_cat?post=40036"},{"taxonomy":"product_tag","embeddable":true,"href":"https:\/\/chilimag.hu\/webshop\/wp-json\/wp\/v2\/product_tag?post=40036"}],"curies":[{"name":"wp","href":"https:\/\/api.w.org\/{rel}","templated":true}]}}