{"id":40034,"date":"2026-02-14T11:33:36","date_gmt":"2026-02-14T11:33:36","guid":{"rendered":"https:\/\/chilimag.hu\/webshop\/?post_type=product&#038;p=40034"},"modified":"2026-03-29T16:16:35","modified_gmt":"2026-03-29T16:16:35","slug":"paradicsom-scatolone-franchi-h","status":"publish","type":"product","link":"https:\/\/chilimag.hu\/webshop\/termek\/paradicsom-scatolone-franchi-h\/","title":{"rendered":"Paradicsom Scatolone Franchi H"},"content":{"rendered":"","protected":false},"excerpt":{"rendered":"<p><img decoding=\"async\" class=\"image\" title=\"FRANCHI SEMENTI\" src=\"https:\/\/shop.viridea.it\/media\/amasty\/shopby\/option_images\/franchi-sementi-logo_1.jpg\" alt=\"Franchi Sementi\" width=\"153\" height=\"90\" \/><\/p>\n<p><strong>Term\u00e9kle\u00edr\u00e1s<\/strong><\/p>\n<p>Botanikai n\u00e9v: Solanum Lycopersicum<\/p>\n<div data-subtree=\"aimfl\" data-complete=\"true\"><\/div>\n<p><strong class=\"Yjhzub\" data-complete=\"true\">A Scatolone<\/strong> (olaszul \u201enagy doboz\u201d) egy tradicion\u00e1lis olasz, azon bel\u00fcl is Lazio r\u00e9gi\u00f3b\u00f3l sz\u00e1rmaz\u00f3, k\u00fcl\u00f6nleges paradicsomfajta, amelyet gyakran a San Marzano egy \u201enemes\u00edtett\u201d, nagyobb v\u00e1ltozat\u00e1nak tartanak.<\/p>\n<ul class=\"KsbFXc U6u95\" data-complete=\"true\" data-processed=\"true\">\n<li data-hveid=\"CAUQAA\" data-complete=\"true\" data-sae=\"\"><span class=\"T286Pc\" data-sfc-cp=\"\" data-complete=\"true\"><strong class=\"Yjhzub\" data-complete=\"true\">Alak \u00e9s m\u00e9ret:<\/strong> Hossz\u00fak\u00e1s, hengeres, a paprik\u00e1hoz hasonl\u00f3 form\u00e1j\u00fa. Egy-egy bogy\u00f3 s\u00falya \u00e1tlagosan <strong class=\"Yjhzub\" data-complete=\"true\">100-150 gramm<\/strong>, de el\u00e9rheti a 200 grammot is.<\/span><\/li>\n<li data-hveid=\"CAUQAQ\" data-complete=\"true\" data-sae=\"\"><span class=\"T286Pc\" data-sfc-cp=\"\" data-complete=\"true\"><strong class=\"Yjhzub\" data-complete=\"true\">H\u00fas \u00e9s \u00edz:<\/strong> H\u00fasos, kev\u00e9s magot \u00e9s kev\u00e9s levet tartalmaz, h\u00e9ja vastag. \u00cdze \u00e9desk\u00e9s, arom\u00e1s, kifejezetten az autentikus olasz konyha vil\u00e1g\u00e1t id\u00e9zi.<\/span><\/li>\n<li data-hveid=\"CAUQAg\" data-complete=\"true\" data-sae=\"\"><span class=\"T286Pc\" data-sfc-cp=\"\" data-complete=\"true\"><strong class=\"Yjhzub\" data-complete=\"true\">N\u00f6veked\u00e9si t\u00edpus:<\/strong> Jellemz\u0151en <strong class=\"Yjhzub\" data-complete=\"true\">folytonn\u00f6v\u0151<\/strong> (indetermin\u00e1lt), \u00edgy t\u00e1maszt\u00e9kot (kar\u00f3t vagy h\u00e1l\u00f3t) ig\u00e9nyel. A n\u00f6v\u00e9ny magass\u00e1ga el\u00e9rheti a 180 cm-t is. L\u00e9teznek f\u00e9l-determin\u00e1lt v\u00e1ltozatai is (pl. Scatolone 2).<\/span><\/li>\n<li data-hveid=\"CAUQAw\" data-complete=\"true\" data-sae=\"\"><span class=\"T286Pc\" data-sfc-cp=\"\" data-complete=\"true\" aria-owns=\"action-menu-parent-container\"><strong class=\"Yjhzub\" data-complete=\"true\">Felhaszn\u00e1l\u00e1s:<\/strong> Alacsony v\u00edztartalma miatt az egyik legjobb v\u00e1laszt\u00e1s <strong class=\"Yjhzub\" data-complete=\"true\">bef\u0151z\u00e9shez, s\u0171r\u00edtm\u00e9nyek, ketchupok \u00e9s m\u00e1rt\u00e1sok<\/strong> k\u00e9sz\u00edt\u00e9s\u00e9hez, de aszal\u00e1sra is kiv\u00e1l\u00f3.<\/span><\/li>\n<\/ul>\n<p>A csomag 1 gr magot tartalmaz<\/p>\n<p>&nbsp;<\/p>\n","protected":false},"featured_media":40035,"comment_status":"closed","ping_status":"closed","template":"","meta":[],"product_brand":[],"product_cat":[437],"product_tag":[],"class_list":{"0":"post-40034","1":"product","2":"type-product","3":"status-publish","4":"has-post-thumbnail","6":"product_cat-franchi","8":"first","9":"instock","10":"taxable","11":"shipping-taxable","12":"purchasable","13":"product-type-simple"},"_links":{"self":[{"href":"https:\/\/chilimag.hu\/webshop\/wp-json\/wp\/v2\/product\/40034","targetHints":{"allow":["GET"]}}],"collection":[{"href":"https:\/\/chilimag.hu\/webshop\/wp-json\/wp\/v2\/product"}],"about":[{"href":"https:\/\/chilimag.hu\/webshop\/wp-json\/wp\/v2\/types\/product"}],"replies":[{"embeddable":true,"href":"https:\/\/chilimag.hu\/webshop\/wp-json\/wp\/v2\/comments?post=40034"}],"wp:featuredmedia":[{"embeddable":true,"href":"https:\/\/chilimag.hu\/webshop\/wp-json\/wp\/v2\/media\/40035"}],"wp:attachment":[{"href":"https:\/\/chilimag.hu\/webshop\/wp-json\/wp\/v2\/media?parent=40034"}],"wp:term":[{"taxonomy":"product_brand","embeddable":true,"href":"https:\/\/chilimag.hu\/webshop\/wp-json\/wp\/v2\/product_brand?post=40034"},{"taxonomy":"product_cat","embeddable":true,"href":"https:\/\/chilimag.hu\/webshop\/wp-json\/wp\/v2\/product_cat?post=40034"},{"taxonomy":"product_tag","embeddable":true,"href":"https:\/\/chilimag.hu\/webshop\/wp-json\/wp\/v2\/product_tag?post=40034"}],"curies":[{"name":"wp","href":"https:\/\/api.w.org\/{rel}","templated":true}]}}