{"id":40024,"date":"2026-02-14T08:40:22","date_gmt":"2026-02-14T08:40:22","guid":{"rendered":"https:\/\/chilimag.hu\/webshop\/?post_type=product&#038;p=40024"},"modified":"2026-03-12T04:22:22","modified_gmt":"2026-03-12T04:22:22","slug":"mini-uveghaz-napraforgo-bz-h","status":"publish","type":"product","link":"https:\/\/chilimag.hu\/webshop\/termek\/mini-uveghaz-napraforgo-bz-h\/","title":{"rendered":"Mini \u00fcvegh\u00e1z Napraforg\u00f3 Bz H"},"content":{"rendered":"","protected":false},"excerpt":{"rendered":"<p><img decoding=\"async\" class=\"attachment-medium \" src=\"https:\/\/purchasingpowerplus.com\/wp-content\/uploads\/2021\/05\/Buzzy-Logo-300x239.jpg\" sizes=\"(max-width: 300px) 100vw, 300px\" srcset=\"https:\/\/purchasingpowerplus.com\/wp-content\/uploads\/2021\/05\/Buzzy-Logo-300x239.jpg 300w, https:\/\/purchasingpowerplus.com\/wp-content\/uploads\/2021\/05\/Buzzy-Logo-768x612.jpg 768w, https:\/\/purchasingpowerplus.com\/wp-content\/uploads\/2021\/05\/Buzzy-Logo-1024x816.jpg 1024w, https:\/\/purchasingpowerplus.com\/wp-content\/uploads\/2021\/05\/Buzzy-Logo.jpg 1500w\" alt=\"\" width=\"151\" height=\"120\" \/><\/p>\n<p><strong>Term\u00e9kle\u00edr\u00e1s<\/strong><\/p>\n<p>Botanikai n\u00e9v: <span id=\"column_2_uc_product_details_ctl04_lbl_ff_desc2\" class=\"value\">Helianthus annuus<\/span><\/p>\n<p><span id=\"column_2_uc_product_details_ctl04_lbl_ff_desc2\" class=\"value\">Mini napraforg\u00f3 szapor\u00edt\u00f3 6 m\u0171anyag t\u00e9gelyb\u0151l, f\u00f6ldtablett\u00e1kb\u00f3l, cserepes napraforg\u00f3magokb\u00f3l \u00e9s vegyes napraforg\u00f3b\u00f3l<\/span><\/p>\n<p>&nbsp;<\/p>\n","protected":false},"featured_media":40025,"comment_status":"closed","ping_status":"closed","template":"","meta":[],"product_brand":[],"product_cat":[439,421],"product_tag":[],"class_list":{"0":"post-40024","1":"product","2":"type-product","3":"status-publish","4":"has-post-thumbnail","6":"product_cat-buzzy","7":"product_cat-gyerek-kerteszet","9":"first","10":"instock","11":"taxable","12":"shipping-taxable","13":"purchasable","14":"product-type-simple"},"_links":{"self":[{"href":"https:\/\/chilimag.hu\/webshop\/wp-json\/wp\/v2\/product\/40024","targetHints":{"allow":["GET"]}}],"collection":[{"href":"https:\/\/chilimag.hu\/webshop\/wp-json\/wp\/v2\/product"}],"about":[{"href":"https:\/\/chilimag.hu\/webshop\/wp-json\/wp\/v2\/types\/product"}],"replies":[{"embeddable":true,"href":"https:\/\/chilimag.hu\/webshop\/wp-json\/wp\/v2\/comments?post=40024"}],"wp:featuredmedia":[{"embeddable":true,"href":"https:\/\/chilimag.hu\/webshop\/wp-json\/wp\/v2\/media\/40025"}],"wp:attachment":[{"href":"https:\/\/chilimag.hu\/webshop\/wp-json\/wp\/v2\/media?parent=40024"}],"wp:term":[{"taxonomy":"product_brand","embeddable":true,"href":"https:\/\/chilimag.hu\/webshop\/wp-json\/wp\/v2\/product_brand?post=40024"},{"taxonomy":"product_cat","embeddable":true,"href":"https:\/\/chilimag.hu\/webshop\/wp-json\/wp\/v2\/product_cat?post=40024"},{"taxonomy":"product_tag","embeddable":true,"href":"https:\/\/chilimag.hu\/webshop\/wp-json\/wp\/v2\/product_tag?post=40024"}],"curies":[{"name":"wp","href":"https:\/\/api.w.org\/{rel}","templated":true}]}}