{"id":40014,"date":"2026-02-14T08:18:42","date_gmt":"2026-02-14T08:18:42","guid":{"rendered":"https:\/\/chilimag.hu\/webshop\/?post_type=product&#038;p=40014"},"modified":"2026-02-14T08:24:23","modified_gmt":"2026-02-14T08:24:23","slug":"lucerna-organic-sprouting-bz-h","status":"publish","type":"product","link":"https:\/\/chilimag.hu\/webshop\/termek\/lucerna-organic-sprouting-bz-h\/","title":{"rendered":"Lucerna Organic Sprouting Bz H"},"content":{"rendered":"","protected":false},"excerpt":{"rendered":"<p><img decoding=\"async\" class=\"attachment-medium \" src=\"https:\/\/purchasingpowerplus.com\/wp-content\/uploads\/2021\/05\/Buzzy-Logo-300x239.jpg\" sizes=\"(max-width: 300px) 100vw, 300px\" srcset=\"https:\/\/purchasingpowerplus.com\/wp-content\/uploads\/2021\/05\/Buzzy-Logo-300x239.jpg 300w, https:\/\/purchasingpowerplus.com\/wp-content\/uploads\/2021\/05\/Buzzy-Logo-768x612.jpg 768w, https:\/\/purchasingpowerplus.com\/wp-content\/uploads\/2021\/05\/Buzzy-Logo-1024x816.jpg 1024w, https:\/\/purchasingpowerplus.com\/wp-content\/uploads\/2021\/05\/Buzzy-Logo.jpg 1500w\" alt=\"\" width=\"151\" height=\"120\" \/><\/p>\n<p><strong>Term\u00e9kle\u00edr\u00e1s<\/strong><\/p>\n<p>&nbsp;<\/p>\n<p>Botanikai n\u00e9v: <span class=\"value\">Medicago sativa<\/span><\/p>\n<p>Lucernacs\u00edr\u00e1k &#8211; Lucerna<br \/>\nA cs\u00edr\u00e1z\u00f3 magvak k\u00f6nnyen termeszthet\u0151k v\u00edzzel. A cs\u00edr\u00e1k finom, friss \u00edz\u0171ek, \u00e9s gyakran haszn\u00e1lj\u00e1k h\u00fasok \u00e9s halak d\u00edsz\u00edt\u00e9s\u00e9re, valamint sal\u00e1t\u00e1k \u00e9s szendvicsek kieg\u00e9sz\u00edt\u0151jek\u00e9nt. A magas feh\u00e9rje- \u00e9s karotintartalom mellett a lucerna esszenci\u00e1lis vitaminokat is tartalmaz, bele\u00e9rtve a C-, D-, K-, E- \u00e9s B12-vitamint.<\/p>\n<p>Haszn\u00e1lati utas\u00edt\u00e1s<br \/>\nA cs\u00edr\u00e1z\u00f3 magvak k\u00f6nnyen termeszthet\u0151k v\u00edzzel.<\/p>\n","protected":false},"featured_media":40015,"comment_status":"closed","ping_status":"closed","template":"","meta":[],"product_brand":[],"product_cat":[442],"product_tag":[],"class_list":{"0":"post-40014","1":"product","2":"type-product","3":"status-publish","4":"has-post-thumbnail","6":"product_cat-micro-greens-organic-sprounting","8":"first","9":"instock","10":"taxable","11":"shipping-taxable","12":"purchasable","13":"product-type-simple"},"_links":{"self":[{"href":"https:\/\/chilimag.hu\/webshop\/wp-json\/wp\/v2\/product\/40014","targetHints":{"allow":["GET"]}}],"collection":[{"href":"https:\/\/chilimag.hu\/webshop\/wp-json\/wp\/v2\/product"}],"about":[{"href":"https:\/\/chilimag.hu\/webshop\/wp-json\/wp\/v2\/types\/product"}],"replies":[{"embeddable":true,"href":"https:\/\/chilimag.hu\/webshop\/wp-json\/wp\/v2\/comments?post=40014"}],"wp:featuredmedia":[{"embeddable":true,"href":"https:\/\/chilimag.hu\/webshop\/wp-json\/wp\/v2\/media\/40015"}],"wp:attachment":[{"href":"https:\/\/chilimag.hu\/webshop\/wp-json\/wp\/v2\/media?parent=40014"}],"wp:term":[{"taxonomy":"product_brand","embeddable":true,"href":"https:\/\/chilimag.hu\/webshop\/wp-json\/wp\/v2\/product_brand?post=40014"},{"taxonomy":"product_cat","embeddable":true,"href":"https:\/\/chilimag.hu\/webshop\/wp-json\/wp\/v2\/product_cat?post=40014"},{"taxonomy":"product_tag","embeddable":true,"href":"https:\/\/chilimag.hu\/webshop\/wp-json\/wp\/v2\/product_tag?post=40014"}],"curies":[{"name":"wp","href":"https:\/\/api.w.org\/{rel}","templated":true}]}}