{"id":40009,"date":"2026-02-14T06:54:06","date_gmt":"2026-02-14T06:54:06","guid":{"rendered":"https:\/\/chilimag.hu\/webshop\/?post_type=product&#038;p=40009"},"modified":"2026-02-24T17:40:25","modified_gmt":"2026-02-24T17:40:25","slug":"paprika-dorset-naga-black-culinary-pepper-bz-h","status":"publish","type":"product","link":"https:\/\/chilimag.hu\/webshop\/termek\/paprika-dorset-naga-black-culinary-pepper-bz-h\/","title":{"rendered":"Paprika Dorset Naga Black Culinary Pepper Bz H"},"content":{"rendered":"","protected":false},"excerpt":{"rendered":"<p><img decoding=\"async\" class=\"attachment-medium \" src=\"https:\/\/purchasingpowerplus.com\/wp-content\/uploads\/2021\/05\/Buzzy-Logo-300x239.jpg\" sizes=\"(max-width: 300px) 100vw, 300px\" srcset=\"https:\/\/purchasingpowerplus.com\/wp-content\/uploads\/2021\/05\/Buzzy-Logo-300x239.jpg 300w, https:\/\/purchasingpowerplus.com\/wp-content\/uploads\/2021\/05\/Buzzy-Logo-768x612.jpg 768w, https:\/\/purchasingpowerplus.com\/wp-content\/uploads\/2021\/05\/Buzzy-Logo-1024x816.jpg 1024w, https:\/\/purchasingpowerplus.com\/wp-content\/uploads\/2021\/05\/Buzzy-Logo.jpg 1500w\" alt=\"\" width=\"151\" height=\"120\" \/><\/p>\n<p><strong>Term\u00e9kle\u00edr\u00e1s<\/strong><\/p>\n<p>Botanikai n\u00e9v: <span id=\"column_2_uc_product_details_ctl04_lbl_ff_desc2\" class=\"value\">Capsicum chinense<\/span><\/p>\n<p><span id=\"column_2_uc_product_details_ctl04_lbl_ff_desc2\" class=\"value\">Bors &#8211; Dorset Naga Black<br \/>\nA Dorset Black Naga a h\u00edres Dorset Naga ritka v\u00e1ltozata, s\u00f6t\u00e9t levelekkel \u00e9s egzotikus megjelen\u00e9ssel. El\u0151sz\u00f6r m\u00e9lylila vagy majdnem fekete sz\u00edn\u0171 gy\u00fcm\u00f6lcs\u00f6ket fejleszt, amelyek v\u00e9g\u00fcl s\u00f6t\u00e9tv\u00f6r\u00f6sre v\u00e1ltoznak. A cs\u00edp\u0151ss\u00e9g intenz\u00edv, m\u00e9ly, gy\u00fcm\u00f6lcs\u00f6s \u00edzzel \u00e9s f\u00fcst\u00f6s t\u00f3nusokkal. T\u00f6k\u00e9letes forr\u00f3 sz\u00f3szokhoz, f\u0171szeres p\u00f6rk\u00f6ltekhez \u00e9s erjeszt\u00e9shez. Legjobb \u00fcvegh\u00e1zban vagy meleg, v\u00e9dett helyen termeszteni.<\/span><\/p>\n<p>A csomag 10 szem vet\u0151magot tartalmaz<\/p>\n<p>&nbsp;<\/p>\n","protected":false},"featured_media":40010,"comment_status":"closed","ping_status":"closed","template":"","meta":[],"product_brand":[],"product_cat":[439],"product_tag":[],"class_list":{"0":"post-40009","1":"product","2":"type-product","3":"status-publish","4":"has-post-thumbnail","6":"product_cat-buzzy","8":"first","9":"instock","10":"taxable","11":"shipping-taxable","12":"purchasable","13":"product-type-simple"},"_links":{"self":[{"href":"https:\/\/chilimag.hu\/webshop\/wp-json\/wp\/v2\/product\/40009","targetHints":{"allow":["GET"]}}],"collection":[{"href":"https:\/\/chilimag.hu\/webshop\/wp-json\/wp\/v2\/product"}],"about":[{"href":"https:\/\/chilimag.hu\/webshop\/wp-json\/wp\/v2\/types\/product"}],"replies":[{"embeddable":true,"href":"https:\/\/chilimag.hu\/webshop\/wp-json\/wp\/v2\/comments?post=40009"}],"wp:featuredmedia":[{"embeddable":true,"href":"https:\/\/chilimag.hu\/webshop\/wp-json\/wp\/v2\/media\/40010"}],"wp:attachment":[{"href":"https:\/\/chilimag.hu\/webshop\/wp-json\/wp\/v2\/media?parent=40009"}],"wp:term":[{"taxonomy":"product_brand","embeddable":true,"href":"https:\/\/chilimag.hu\/webshop\/wp-json\/wp\/v2\/product_brand?post=40009"},{"taxonomy":"product_cat","embeddable":true,"href":"https:\/\/chilimag.hu\/webshop\/wp-json\/wp\/v2\/product_cat?post=40009"},{"taxonomy":"product_tag","embeddable":true,"href":"https:\/\/chilimag.hu\/webshop\/wp-json\/wp\/v2\/product_tag?post=40009"}],"curies":[{"name":"wp","href":"https:\/\/api.w.org\/{rel}","templated":true}]}}